{"id":1125,"date":"2019-03-18T17:47:19","date_gmt":"2019-03-18T16:47:19","guid":{"rendered":"http:\/\/epidaure.org\/WordPress3\/?page_id=1125"},"modified":"2026-02-09T20:58:25","modified_gmt":"2026-02-09T19:58:25","slug":"evenements-a-venir","status":"publish","type":"page","link":"https:\/\/epidaure.org\/WordPress3\/evenements-a-venir\/","title":{"rendered":"Ev\u00e8nements \u00e0 venir"},"content":{"rendered":"\t\t<div data-elementor-type=\"wp-page\" data-elementor-id=\"1125\" class=\"elementor elementor-1125\" data-elementor-settings=\"[]\">\n\t\t\t\t\t\t<div class=\"elementor-inner\">\n\t\t\t\t\t\t\t<div class=\"elementor-section-wrap\">\n\t\t\t\t\t\t\t<section class=\"elementor-section elementor-top-section elementor-element elementor-element-eeaa5b7 elementor-section-boxed elementor-section-height-default elementor-section-height-default\" data-id=\"eeaa5b7\" data-element_type=\"section\">\n\t\t\t\t\t\t<div class=\"elementor-container elementor-column-gap-default\">\n\t\t\t\t\t\t\t<div class=\"elementor-row\">\n\t\t\t\t\t<div class=\"elementor-column elementor-col-100 elementor-top-column elementor-element elementor-element-dd4b89c\" data-id=\"dd4b89c\" data-element_type=\"column\">\n\t\t\t<div class=\"elementor-column-wrap elementor-element-populated\">\n\t\t\t\t\t\t\t<div class=\"elementor-widget-wrap\">\n\t\t\t\t\t\t<div class=\"elementor-element elementor-element-1186a44 elementor-widget elementor-widget-text-editor\" data-id=\"1186a44\" data-element_type=\"widget\" data-widget_type=\"text-editor.default\">\n\t\t\t\t<div class=\"elementor-widget-container\">\n\t\t\t\t\t<div class=\"elementor-text-editor elementor-clearfix\"><p>Inscrivez-vous \u00e0 notre newsletter pour d\u00e9couvrir tous nos \u00e9v\u00e9nements et actualit\u00e9s !\u00a0\u00a0<\/p><p>\u00c9crivez-nous \u00e0 <a href=\"mailto:centresantebw@gmail.com\">centresantebw@gmail.com<\/a> pour rejoindre notre liste.\u00a0<\/p><\/div>\n\t\t\t\t<\/div>\n\t\t\t\t<\/div>\n\t\t\t\t\t\t<\/div>\n\t\t\t\t\t<\/div>\n\t\t<\/div>\n\t\t\t\t\t\t\t\t<\/div>\n\t\t\t\t\t<\/div>\n\t\t<\/section>\n\t\t\t\t<section class=\"elementor-section elementor-top-section elementor-element elementor-element-b42d078 elementor-section-boxed elementor-section-height-default elementor-section-height-default\" data-id=\"b42d078\" data-element_type=\"section\">\n\t\t\t\t\t\t<div class=\"elementor-container elementor-column-gap-default\">\n\t\t\t\t\t\t\t<div class=\"elementor-row\">\n\t\t\t\t\t<div class=\"elementor-column elementor-col-50 elementor-top-column elementor-element elementor-element-acc5e9c\" data-id=\"acc5e9c\" data-element_type=\"column\">\n\t\t\t<div class=\"elementor-column-wrap elementor-element-populated\">\n\t\t\t\t\t\t\t<div class=\"elementor-widget-wrap\">\n\t\t\t\t\t\t<div class=\"elementor-element elementor-element-d63a3fd elementor-widget elementor-widget-image\" data-id=\"d63a3fd\" data-element_type=\"widget\" data-widget_type=\"image.default\">\n\t\t\t\t<div class=\"elementor-widget-container\">\n\t\t\t\t\t<div class=\"elementor-image\">\n\t\t\t\t\t\t\t\t\t\t<img width=\"1024\" height=\"577\" src=\"https:\/\/epidaure.org\/WordPress3\/wp-content\/uploads\/2026\/02\/Confe\u0301rence-Plantes-2-1024x577.png\" class=\"attachment-large size-large\" alt=\"\" loading=\"lazy\" srcset=\"https:\/\/epidaure.org\/WordPress3\/wp-content\/uploads\/2026\/02\/Confe\u0301rence-Plantes-2-1024x577.png 1024w, https:\/\/epidaure.org\/WordPress3\/wp-content\/uploads\/2026\/02\/Confe\u0301rence-Plantes-2-300x169.png 300w, https:\/\/epidaure.org\/WordPress3\/wp-content\/uploads\/2026\/02\/Confe\u0301rence-Plantes-2-768x433.png 768w, https:\/\/epidaure.org\/WordPress3\/wp-content\/uploads\/2026\/02\/Confe\u0301rence-Plantes-2-1536x865.png 1536w, https:\/\/epidaure.org\/WordPress3\/wp-content\/uploads\/2026\/02\/Confe\u0301rence-Plantes-2.png 1640w\" sizes=\"(max-width: 1024px) 100vw, 1024px\" \/>\t\t\t\t\t\t\t\t\t\t\t<\/div>\n\t\t\t\t<\/div>\n\t\t\t\t<\/div>\n\t\t\t\t<div class=\"elementor-element elementor-element-23a19c4 elementor-widget elementor-widget-text-editor\" data-id=\"23a19c4\" data-element_type=\"widget\" data-widget_type=\"text-editor.default\">\n\t\t\t\t<div class=\"elementor-widget-container\">\n\t\t\t\t\t<div class=\"elementor-text-editor elementor-clearfix\"><p>Le jeudi 7 mai, retrouvez-nous au Centre Epidaure de <b>19h30 \u00e0 21h<\/b> pour une conf\u00e9rence <b>ouverte \u00e0 tous<\/b> sur les plantes m\u00e9dicinales.&nbsp;<\/p>\n<p><i><b>Comment composer une trousse \u00e0 pharmacie naturelle ?&nbsp;<\/b><\/i><\/p>\n<p>Une conf\u00e9rence anim\u00e9e par Claire Laurent, ethnobotaniste et anthropologue et Myriam Voltz, pharmacienne et naturopathe.&nbsp;<\/p>\n<ul>\n<li><span style=\"font-weight: bold;\">Prix<\/span>&nbsp;: 10 \u20ac<i>, conf\u00e9rence offerte aux participants de l&rsquo;atelier du 9 mai 2026.<\/i><\/li>\n<li><span style=\"font-weight: bold;\">Lieu<\/span>&nbsp;: <a href=\"https:\/\/epidaure.org\/WordPress3\/le-lieu\/\">Centre m\u00e9dical Epidaure<\/a>&nbsp;<\/li>\n<li><span style=\"font-weight: bold;\">Renseignements et inscription<\/span> : <a href=\"mailto:info@mauvago.com\" target=\"_blank\" rel=\"noopener\">info@mauvago.com<\/a><\/li>\n<\/ul><\/div>\n\t\t\t\t<\/div>\n\t\t\t\t<\/div>\n\t\t\t\t\t\t<\/div>\n\t\t\t\t\t<\/div>\n\t\t<\/div>\n\t\t\t\t<div class=\"elementor-column elementor-col-50 elementor-top-column elementor-element elementor-element-d0d6479\" data-id=\"d0d6479\" data-element_type=\"column\">\n\t\t\t<div class=\"elementor-column-wrap elementor-element-populated\">\n\t\t\t\t\t\t\t<div class=\"elementor-widget-wrap\">\n\t\t\t\t\t\t<div class=\"elementor-element elementor-element-4b50003 elementor-widget elementor-widget-image\" data-id=\"4b50003\" data-element_type=\"widget\" data-widget_type=\"image.default\">\n\t\t\t\t<div class=\"elementor-widget-container\">\n\t\t\t\t\t<div class=\"elementor-image\">\n\t\t\t\t\t\t\t\t\t\t<img width=\"1024\" height=\"577\" src=\"https:\/\/epidaure.org\/WordPress3\/wp-content\/uploads\/2026\/02\/Bannie\u0300re-e\u0301ve\u0301nement-Epidaure-1024x577.png\" class=\"attachment-large size-large\" alt=\"\" loading=\"lazy\" srcset=\"https:\/\/epidaure.org\/WordPress3\/wp-content\/uploads\/2026\/02\/Bannie\u0300re-e\u0301ve\u0301nement-Epidaure-1024x577.png 1024w, https:\/\/epidaure.org\/WordPress3\/wp-content\/uploads\/2026\/02\/Bannie\u0300re-e\u0301ve\u0301nement-Epidaure-300x169.png 300w, https:\/\/epidaure.org\/WordPress3\/wp-content\/uploads\/2026\/02\/Bannie\u0300re-e\u0301ve\u0301nement-Epidaure-768x433.png 768w, https:\/\/epidaure.org\/WordPress3\/wp-content\/uploads\/2026\/02\/Bannie\u0300re-e\u0301ve\u0301nement-Epidaure-1536x865.png 1536w, https:\/\/epidaure.org\/WordPress3\/wp-content\/uploads\/2026\/02\/Bannie\u0300re-e\u0301ve\u0301nement-Epidaure.png 1640w\" sizes=\"(max-width: 1024px) 100vw, 1024px\" \/>\t\t\t\t\t\t\t\t\t\t\t<\/div>\n\t\t\t\t<\/div>\n\t\t\t\t<\/div>\n\t\t\t\t<div class=\"elementor-element elementor-element-6e1d2e2 elementor-widget elementor-widget-text-editor\" data-id=\"6e1d2e2\" data-element_type=\"widget\" data-widget_type=\"text-editor.default\">\n\t\t\t\t<div class=\"elementor-widget-container\">\n\t\t\t\t\t<div class=\"elementor-text-editor elementor-clearfix\"><p>Le vendredi 8 mai, retrouvez-nous au Centre Epidaure de <b>9h \u00e0 12h<\/b> pour une conf\u00e9rence ouverte \u00e0 tous sur la sant\u00e9 f\u00e9minine.<\/p><p>Un atelier anim\u00e9 par Claire Laurent, ethnobotaniste et anthropologue et Myriam Voltz, pharmacienne et naturopathe.\u00a0<\/p><ul><li><b>Participation<\/b> : 50 \u20ac<\/li><li><span style=\"font-weight: bold;\">Lieu<\/span>\u00a0: <a href=\"https:\/\/epidaure.org\/WordPress3\/le-lieu\/\">Centre m\u00e9dical Epidaure<\/a>\u00a0<\/li><li><span style=\"font-weight: bold;\">Renseignements et inscription<\/span>\u00a0:\u00a0<a href=\"mailto:info@mauvago.com\" target=\"_blank\" rel=\"noopener\">info@mauvago.com<\/a><\/li><\/ul><\/div>\n\t\t\t\t<\/div>\n\t\t\t\t<\/div>\n\t\t\t\t\t\t<\/div>\n\t\t\t\t\t<\/div>\n\t\t<\/div>\n\t\t\t\t\t\t\t\t<\/div>\n\t\t\t\t\t<\/div>\n\t\t<\/section>\n\t\t\t\t<section class=\"elementor-section elementor-top-section elementor-element elementor-element-3449823 elementor-section-boxed elementor-section-height-default elementor-section-height-default\" data-id=\"3449823\" data-element_type=\"section\">\n\t\t\t\t\t\t<div class=\"elementor-container elementor-column-gap-default\">\n\t\t\t\t\t\t\t<div class=\"elementor-row\">\n\t\t\t\t\t<div class=\"elementor-column elementor-col-50 elementor-top-column elementor-element elementor-element-1fe2ec7\" data-id=\"1fe2ec7\" data-element_type=\"column\">\n\t\t\t<div class=\"elementor-column-wrap elementor-element-populated\">\n\t\t\t\t\t\t\t<div class=\"elementor-widget-wrap\">\n\t\t\t\t\t\t<div class=\"elementor-element elementor-element-321b804 elementor-widget elementor-widget-image\" data-id=\"321b804\" data-element_type=\"widget\" data-widget_type=\"image.default\">\n\t\t\t\t<div class=\"elementor-widget-container\">\n\t\t\t\t\t<div class=\"elementor-image\">\n\t\t\t\t\t\t\t\t\t\t<img width=\"1024\" height=\"577\" src=\"https:\/\/epidaure.org\/WordPress3\/wp-content\/uploads\/2026\/02\/Bannie\u0300re-e\u0301ve\u0301nement-Epidaure-1-1024x577.png\" class=\"attachment-large size-large\" alt=\"\" loading=\"lazy\" srcset=\"https:\/\/epidaure.org\/WordPress3\/wp-content\/uploads\/2026\/02\/Bannie\u0300re-e\u0301ve\u0301nement-Epidaure-1-1024x577.png 1024w, https:\/\/epidaure.org\/WordPress3\/wp-content\/uploads\/2026\/02\/Bannie\u0300re-e\u0301ve\u0301nement-Epidaure-1-300x169.png 300w, https:\/\/epidaure.org\/WordPress3\/wp-content\/uploads\/2026\/02\/Bannie\u0300re-e\u0301ve\u0301nement-Epidaure-1-768x433.png 768w, https:\/\/epidaure.org\/WordPress3\/wp-content\/uploads\/2026\/02\/Bannie\u0300re-e\u0301ve\u0301nement-Epidaure-1-1536x865.png 1536w, https:\/\/epidaure.org\/WordPress3\/wp-content\/uploads\/2026\/02\/Bannie\u0300re-e\u0301ve\u0301nement-Epidaure-1.png 1640w\" sizes=\"(max-width: 1024px) 100vw, 1024px\" \/>\t\t\t\t\t\t\t\t\t\t\t<\/div>\n\t\t\t\t<\/div>\n\t\t\t\t<\/div>\n\t\t\t\t<div class=\"elementor-element elementor-element-9c6b0fc elementor-widget elementor-widget-text-editor\" data-id=\"9c6b0fc\" data-element_type=\"widget\" data-widget_type=\"text-editor.default\">\n\t\t\t\t<div class=\"elementor-widget-container\">\n\t\t\t\t\t<div class=\"elementor-text-editor elementor-clearfix\"><p>Le vendredi <b>8 mai de 14h30 \u00e0 17h30<\/b>, allons \u00e0 la d\u00e9couverte des plantes m\u00e9dicinales de notre r\u00e9gion !\u00a0<\/p><p>Une marche botanique anim\u00e9e par Claire Laurent, ethnobotaniste et anthropologue et Myriam Voltz, pharmacienne et naturopathe.\u00a0<\/p><ul><li><span style=\"font-weight: bold;\">Participation<\/span>\u00a0: 40 \u20ac<\/li><li><b>Lieu<\/b> : \u00e0 d\u00e9finir<\/li><li><span style=\"font-weight: bold;\">Renseignements et inscription<\/span>\u00a0:\u00a0<a href=\"mailto:info@mauvago.com\" target=\"_blank\" rel=\"noopener\">info@mauvago.com<\/a><\/li><\/ul><\/div>\n\t\t\t\t<\/div>\n\t\t\t\t<\/div>\n\t\t\t\t\t\t<\/div>\n\t\t\t\t\t<\/div>\n\t\t<\/div>\n\t\t\t\t<div class=\"elementor-column elementor-col-50 elementor-top-column elementor-element elementor-element-416afcd\" data-id=\"416afcd\" data-element_type=\"column\">\n\t\t\t<div class=\"elementor-column-wrap elementor-element-populated\">\n\t\t\t\t\t\t\t<div class=\"elementor-widget-wrap\">\n\t\t\t\t\t\t<div class=\"elementor-element elementor-element-efdb19f elementor-widget elementor-widget-image\" data-id=\"efdb19f\" data-element_type=\"widget\" data-widget_type=\"image.default\">\n\t\t\t\t<div class=\"elementor-widget-container\">\n\t\t\t\t\t<div class=\"elementor-image\">\n\t\t\t\t\t\t\t\t\t\t<img width=\"1024\" height=\"577\" src=\"https:\/\/epidaure.org\/WordPress3\/wp-content\/uploads\/2026\/02\/Atelier-sur-les-plantes-1-1024x577.png\" class=\"attachment-large size-large\" alt=\"\" loading=\"lazy\" srcset=\"https:\/\/epidaure.org\/WordPress3\/wp-content\/uploads\/2026\/02\/Atelier-sur-les-plantes-1-1024x577.png 1024w, https:\/\/epidaure.org\/WordPress3\/wp-content\/uploads\/2026\/02\/Atelier-sur-les-plantes-1-300x169.png 300w, https:\/\/epidaure.org\/WordPress3\/wp-content\/uploads\/2026\/02\/Atelier-sur-les-plantes-1-768x433.png 768w, https:\/\/epidaure.org\/WordPress3\/wp-content\/uploads\/2026\/02\/Atelier-sur-les-plantes-1-1536x865.png 1536w, https:\/\/epidaure.org\/WordPress3\/wp-content\/uploads\/2026\/02\/Atelier-sur-les-plantes-1.png 1640w\" sizes=\"(max-width: 1024px) 100vw, 1024px\" \/>\t\t\t\t\t\t\t\t\t\t\t<\/div>\n\t\t\t\t<\/div>\n\t\t\t\t<\/div>\n\t\t\t\t<div class=\"elementor-element elementor-element-edadfcb elementor-widget elementor-widget-text-editor\" data-id=\"edadfcb\" data-element_type=\"widget\" data-widget_type=\"text-editor.default\">\n\t\t\t\t<div class=\"elementor-widget-container\">\n\t\t\t\t\t<div class=\"elementor-text-editor elementor-clearfix\"><p>Le <b>samedi 9 mai de<\/b>\u00a0<span style=\"font-weight: bold;\">9h30 \u00e0 17h<\/span>, le Centre Epidaure convie les professionnels de la sant\u00e9 \u00e0 un atelier sur le th\u00e8me suivant :\u00a0<\/p><p><i>D\u00e9toxification : r\u00f4le du foie, impact de\u00a0<\/i><i>l&rsquo;exposition aux polluants environne<\/i><i>mentaux, inflammation du corps\u00a0<\/i><i>et r\u00f4le des \u00e9motions.<\/i><\/p><p>Un atelier anim\u00e9 par Claire Laurent, ethnobotaniste et anthropologue, Dr Sophie Scheffer, m\u00e9decin hom\u00e9opathe, et Myriam Voltz, pharmacienne et naturopathe.\u00a0<\/p><ul><li><b>Prix<\/b> : 130 \u20ac, repas compris.<\/li><li><span style=\"font-weight: bold;\">Lieu<\/span>\u00a0: <a href=\"https:\/\/epidaure.org\/WordPress3\/le-lieu\/\">Centre m\u00e9dical Epidaure<\/a>\u00a0<\/li><li><span style=\"font-weight: bold;\">Renseignements et inscription<\/span>\u00a0:\u00a0<a href=\"mailto:info@mauvago.com\" target=\"_blank\" rel=\"noopener\">info@mauvago.com<\/a><\/li><\/ul><\/div>\n\t\t\t\t<\/div>\n\t\t\t\t<\/div>\n\t\t\t\t\t\t<\/div>\n\t\t\t\t\t<\/div>\n\t\t<\/div>\n\t\t\t\t\t\t\t\t<\/div>\n\t\t\t\t\t<\/div>\n\t\t<\/section>\n\t\t\t\t\t\t<\/div>\n\t\t\t\t\t\t<\/div>\n\t\t\t\t\t<\/div>\n\t\t","protected":false},"excerpt":{"rendered":"<p>Inscrivez-vous \u00e0 notre newsletter pour d\u00e9couvrir tous nos \u00e9v\u00e9nements et actualit\u00e9s !\u00a0\u00a0 \u00c9crivez-nous \u00e0 centresantebw@gmail.com pour rejoindre notre liste.\u00a0 Le jeudi 7 mai, retrouvez-nous au Centre Epidaure de 19h30 \u00e0 21h pour une conf\u00e9rence ouverte \u00e0 tous sur les plantes m\u00e9dicinales.&nbsp; Comment composer une trousse \u00e0 pharmacie naturelle ?&nbsp; Une conf\u00e9rence anim\u00e9e par Claire Laurent, &#8230; <a title=\"Ev\u00e8nements \u00e0 venir\" class=\"read-more\" href=\"https:\/\/epidaure.org\/WordPress3\/evenements-a-venir\/\">Read more<\/a><\/p>\n","protected":false},"author":3,"featured_media":0,"parent":0,"menu_order":0,"comment_status":"closed","ping_status":"closed","template":"","meta":[],"yoast_head":"<!-- This site is optimized with the Yoast SEO plugin v17.3 - https:\/\/yoast.com\/wordpress\/plugins\/seo\/ -->\n<title>Ev\u00e8nements \u00e0 venir - EPIDAURE<\/title>\n<meta name=\"robots\" content=\"index, follow, max-snippet:-1, max-image-preview:large, max-video-preview:-1\" \/>\n<link rel=\"canonical\" href=\"https:\/\/epidaure.org\/WordPress3\/evenements-a-venir\/\" \/>\n<meta property=\"og:locale\" content=\"fr_FR\" \/>\n<meta property=\"og:type\" content=\"article\" \/>\n<meta property=\"og:title\" content=\"Ev\u00e8nements \u00e0 venir - EPIDAURE\" \/>\n<meta property=\"og:description\" content=\"Inscrivez-vous \u00e0 notre newsletter pour d\u00e9couvrir tous nos \u00e9v\u00e9nements et actualit\u00e9s !\u00a0\u00a0 \u00c9crivez-nous \u00e0 centresantebw@gmail.com pour rejoindre notre liste.\u00a0 Le jeudi 7 mai, retrouvez-nous au Centre Epidaure de 19h30 \u00e0 21h pour une conf\u00e9rence ouverte \u00e0 tous sur les plantes m\u00e9dicinales.&nbsp; Comment composer une trousse \u00e0 pharmacie naturelle ?&nbsp; Une conf\u00e9rence anim\u00e9e par Claire Laurent, ... Read more\" \/>\n<meta property=\"og:url\" content=\"https:\/\/epidaure.org\/WordPress3\/evenements-a-venir\/\" \/>\n<meta property=\"og:site_name\" content=\"EPIDAURE\" \/>\n<meta property=\"article:modified_time\" content=\"2026-02-09T19:58:25+00:00\" \/>\n<meta property=\"og:image\" content=\"https:\/\/epidaure.org\/WordPress3\/wp-content\/uploads\/2026\/02\/Confe\u0301rence-Plantes-2-1024x577.png\" \/>\n<meta name=\"twitter:card\" content=\"summary_large_image\" \/>\n<meta name=\"twitter:label1\" content=\"Dur\u00e9e de lecture estim\u00e9e\" \/>\n\t<meta name=\"twitter:data1\" content=\"2 minutes\" \/>\n<script type=\"application\/ld+json\" class=\"yoast-schema-graph\">{\"@context\":\"https:\/\/schema.org\",\"@graph\":[{\"@type\":\"WebSite\",\"@id\":\"https:\/\/epidaure.org\/WordPress3\/#website\",\"url\":\"https:\/\/epidaure.org\/WordPress3\/\",\"name\":\"EPIDAURE\",\"description\":\"Centre de M\\u00e9decine Int\\u00e9grative\",\"potentialAction\":[{\"@type\":\"SearchAction\",\"target\":{\"@type\":\"EntryPoint\",\"urlTemplate\":\"https:\/\/epidaure.org\/WordPress3\/?s={search_term_string}\"},\"query-input\":\"required name=search_term_string\"}],\"inLanguage\":\"fr-FR\"},{\"@type\":\"ImageObject\",\"@id\":\"https:\/\/epidaure.org\/WordPress3\/evenements-a-venir\/#primaryimage\",\"inLanguage\":\"fr-FR\",\"url\":\"https:\/\/epidaure.org\/WordPress3\/wp-content\/uploads\/2026\/02\/Confe\\u0301rence-Plantes-2.png\",\"contentUrl\":\"https:\/\/epidaure.org\/WordPress3\/wp-content\/uploads\/2026\/02\/Confe\\u0301rence-Plantes-2.png\",\"width\":1640,\"height\":924},{\"@type\":\"WebPage\",\"@id\":\"https:\/\/epidaure.org\/WordPress3\/evenements-a-venir\/#webpage\",\"url\":\"https:\/\/epidaure.org\/WordPress3\/evenements-a-venir\/\",\"name\":\"Ev\\u00e8nements \\u00e0 venir - EPIDAURE\",\"isPartOf\":{\"@id\":\"https:\/\/epidaure.org\/WordPress3\/#website\"},\"primaryImageOfPage\":{\"@id\":\"https:\/\/epidaure.org\/WordPress3\/evenements-a-venir\/#primaryimage\"},\"datePublished\":\"2019-03-18T16:47:19+00:00\",\"dateModified\":\"2026-02-09T19:58:25+00:00\",\"breadcrumb\":{\"@id\":\"https:\/\/epidaure.org\/WordPress3\/evenements-a-venir\/#breadcrumb\"},\"inLanguage\":\"fr-FR\",\"potentialAction\":[{\"@type\":\"ReadAction\",\"target\":[\"https:\/\/epidaure.org\/WordPress3\/evenements-a-venir\/\"]}]},{\"@type\":\"BreadcrumbList\",\"@id\":\"https:\/\/epidaure.org\/WordPress3\/evenements-a-venir\/#breadcrumb\",\"itemListElement\":[{\"@type\":\"ListItem\",\"position\":1,\"name\":\"Accueil\",\"item\":\"https:\/\/epidaure.org\/WordPress3\/\"},{\"@type\":\"ListItem\",\"position\":2,\"name\":\"Ev\\u00e8nements \\u00e0 venir\"}]}]}<\/script>\n<!-- \/ Yoast SEO plugin. -->","yoast_head_json":{"title":"Ev\u00e8nements \u00e0 venir - EPIDAURE","robots":{"index":"index","follow":"follow","max-snippet":"max-snippet:-1","max-image-preview":"max-image-preview:large","max-video-preview":"max-video-preview:-1"},"canonical":"https:\/\/epidaure.org\/WordPress3\/evenements-a-venir\/","og_locale":"fr_FR","og_type":"article","og_title":"Ev\u00e8nements \u00e0 venir - EPIDAURE","og_description":"Inscrivez-vous \u00e0 notre newsletter pour d\u00e9couvrir tous nos \u00e9v\u00e9nements et actualit\u00e9s !\u00a0\u00a0 \u00c9crivez-nous \u00e0 centresantebw@gmail.com pour rejoindre notre liste.\u00a0 Le jeudi 7 mai, retrouvez-nous au Centre Epidaure de 19h30 \u00e0 21h pour une conf\u00e9rence ouverte \u00e0 tous sur les plantes m\u00e9dicinales.&nbsp; Comment composer une trousse \u00e0 pharmacie naturelle ?&nbsp; Une conf\u00e9rence anim\u00e9e par Claire Laurent, ... Read more","og_url":"https:\/\/epidaure.org\/WordPress3\/evenements-a-venir\/","og_site_name":"EPIDAURE","article_modified_time":"2026-02-09T19:58:25+00:00","og_image":[{"url":"https:\/\/epidaure.org\/WordPress3\/wp-content\/uploads\/2026\/02\/Confe\u0301rence-Plantes-2-1024x577.png"}],"twitter_card":"summary_large_image","twitter_misc":{"Dur\u00e9e de lecture estim\u00e9e":"2 minutes"},"schema":{"@context":"https:\/\/schema.org","@graph":[{"@type":"WebSite","@id":"https:\/\/epidaure.org\/WordPress3\/#website","url":"https:\/\/epidaure.org\/WordPress3\/","name":"EPIDAURE","description":"Centre de M\u00e9decine Int\u00e9grative","potentialAction":[{"@type":"SearchAction","target":{"@type":"EntryPoint","urlTemplate":"https:\/\/epidaure.org\/WordPress3\/?s={search_term_string}"},"query-input":"required name=search_term_string"}],"inLanguage":"fr-FR"},{"@type":"ImageObject","@id":"https:\/\/epidaure.org\/WordPress3\/evenements-a-venir\/#primaryimage","inLanguage":"fr-FR","url":"https:\/\/epidaure.org\/WordPress3\/wp-content\/uploads\/2026\/02\/Confe\u0301rence-Plantes-2.png","contentUrl":"https:\/\/epidaure.org\/WordPress3\/wp-content\/uploads\/2026\/02\/Confe\u0301rence-Plantes-2.png","width":1640,"height":924},{"@type":"WebPage","@id":"https:\/\/epidaure.org\/WordPress3\/evenements-a-venir\/#webpage","url":"https:\/\/epidaure.org\/WordPress3\/evenements-a-venir\/","name":"Ev\u00e8nements \u00e0 venir - EPIDAURE","isPartOf":{"@id":"https:\/\/epidaure.org\/WordPress3\/#website"},"primaryImageOfPage":{"@id":"https:\/\/epidaure.org\/WordPress3\/evenements-a-venir\/#primaryimage"},"datePublished":"2019-03-18T16:47:19+00:00","dateModified":"2026-02-09T19:58:25+00:00","breadcrumb":{"@id":"https:\/\/epidaure.org\/WordPress3\/evenements-a-venir\/#breadcrumb"},"inLanguage":"fr-FR","potentialAction":[{"@type":"ReadAction","target":["https:\/\/epidaure.org\/WordPress3\/evenements-a-venir\/"]}]},{"@type":"BreadcrumbList","@id":"https:\/\/epidaure.org\/WordPress3\/evenements-a-venir\/#breadcrumb","itemListElement":[{"@type":"ListItem","position":1,"name":"Accueil","item":"https:\/\/epidaure.org\/WordPress3\/"},{"@type":"ListItem","position":2,"name":"Ev\u00e8nements \u00e0 venir"}]}]}},"_links":{"self":[{"href":"https:\/\/epidaure.org\/WordPress3\/wp-json\/wp\/v2\/pages\/1125"}],"collection":[{"href":"https:\/\/epidaure.org\/WordPress3\/wp-json\/wp\/v2\/pages"}],"about":[{"href":"https:\/\/epidaure.org\/WordPress3\/wp-json\/wp\/v2\/types\/page"}],"author":[{"embeddable":true,"href":"https:\/\/epidaure.org\/WordPress3\/wp-json\/wp\/v2\/users\/3"}],"replies":[{"embeddable":true,"href":"https:\/\/epidaure.org\/WordPress3\/wp-json\/wp\/v2\/comments?post=1125"}],"version-history":[{"count":117,"href":"https:\/\/epidaure.org\/WordPress3\/wp-json\/wp\/v2\/pages\/1125\/revisions"}],"predecessor-version":[{"id":3532,"href":"https:\/\/epidaure.org\/WordPress3\/wp-json\/wp\/v2\/pages\/1125\/revisions\/3532"}],"wp:attachment":[{"href":"https:\/\/epidaure.org\/WordPress3\/wp-json\/wp\/v2\/media?parent=1125"}],"curies":[{"name":"wp","href":"https:\/\/api.w.org\/{rel}","templated":true}]}}