{"id":1351,"date":"2019-07-09T01:27:57","date_gmt":"2019-07-08T23:27:57","guid":{"rendered":"http:\/\/epidaure.org\/WordPress3\/?page_id=1351"},"modified":"2025-10-15T16:36:15","modified_gmt":"2025-10-15T14:36:15","slug":"carine-fay-kinesiologue-wavre","status":"publish","type":"page","link":"https:\/\/epidaure.org\/WordPress3\/carine-fay-kinesiologue-wavre\/","title":{"rendered":"Carine Fay &#8211; Kin\u00e9siologue \u00e0 Wavre"},"content":{"rendered":"\t\t<div data-elementor-type=\"wp-post\" data-elementor-id=\"1351\" class=\"elementor elementor-1351\" data-elementor-settings=\"[]\">\n\t\t\t\t\t\t<div class=\"elementor-inner\">\n\t\t\t\t\t\t\t<div class=\"elementor-section-wrap\">\n\t\t\t\t\t\t\t<section class=\"elementor-section elementor-top-section elementor-element elementor-element-214837c elementor-section-boxed elementor-section-height-default elementor-section-height-default\" data-id=\"214837c\" data-element_type=\"section\">\n\t\t\t\t\t\t<div class=\"elementor-container elementor-column-gap-default\">\n\t\t\t\t\t\t\t<div class=\"elementor-row\">\n\t\t\t\t\t<div class=\"elementor-column elementor-col-100 elementor-top-column elementor-element elementor-element-e6e31eb\" data-id=\"e6e31eb\" data-element_type=\"column\">\n\t\t\t<div class=\"elementor-column-wrap elementor-element-populated\">\n\t\t\t\t\t\t\t<div class=\"elementor-widget-wrap\">\n\t\t\t\t\t\t<div class=\"elementor-element elementor-element-bd49a8f elementor-widget elementor-widget-heading\" data-id=\"bd49a8f\" data-element_type=\"widget\" data-widget_type=\"heading.default\">\n\t\t\t\t<div class=\"elementor-widget-container\">\n\t\t\t<h2 class=\"elementor-heading-title elementor-size-default\">Kin\u00e9siologie - Soins \u00e9nerg\u00e9tiques - Constellations familiales<\/h2>\t\t<\/div>\n\t\t\t\t<\/div>\n\t\t\t\t\t\t<\/div>\n\t\t\t\t\t<\/div>\n\t\t<\/div>\n\t\t\t\t\t\t\t\t<\/div>\n\t\t\t\t\t<\/div>\n\t\t<\/section>\n\t\t\t\t<section class=\"elementor-section elementor-top-section elementor-element elementor-element-e8651f6 elementor-section-boxed elementor-section-height-default elementor-section-height-default\" data-id=\"e8651f6\" data-element_type=\"section\">\n\t\t\t\t\t\t<div class=\"elementor-container elementor-column-gap-default\">\n\t\t\t\t\t\t\t<div class=\"elementor-row\">\n\t\t\t\t\t<div class=\"elementor-column elementor-col-100 elementor-top-column elementor-element elementor-element-a179d7e\" data-id=\"a179d7e\" data-element_type=\"column\">\n\t\t\t<div class=\"elementor-column-wrap elementor-element-populated\">\n\t\t\t\t\t\t\t<div class=\"elementor-widget-wrap\">\n\t\t\t\t\t\t<div class=\"elementor-element elementor-element-011d129 elementor-widget elementor-widget-spacer\" data-id=\"011d129\" data-element_type=\"widget\" data-widget_type=\"spacer.default\">\n\t\t\t\t<div class=\"elementor-widget-container\">\n\t\t\t\t\t<div class=\"elementor-spacer\">\n\t\t\t<div class=\"elementor-spacer-inner\"><\/div>\n\t\t<\/div>\n\t\t\t\t<\/div>\n\t\t\t\t<\/div>\n\t\t\t\t\t\t<\/div>\n\t\t\t\t\t<\/div>\n\t\t<\/div>\n\t\t\t\t\t\t\t\t<\/div>\n\t\t\t\t\t<\/div>\n\t\t<\/section>\n\t\t\t\t<section class=\"elementor-section elementor-top-section elementor-element elementor-element-3a58926 elementor-section-boxed elementor-section-height-default elementor-section-height-default\" data-id=\"3a58926\" data-element_type=\"section\">\n\t\t\t\t\t\t<div class=\"elementor-container elementor-column-gap-default\">\n\t\t\t\t\t\t\t<div class=\"elementor-row\">\n\t\t\t\t\t<div class=\"elementor-column elementor-col-33 elementor-top-column elementor-element elementor-element-a1ad508\" data-id=\"a1ad508\" data-element_type=\"column\">\n\t\t\t<div class=\"elementor-column-wrap elementor-element-populated\">\n\t\t\t\t\t\t\t<div class=\"elementor-widget-wrap\">\n\t\t\t\t\t\t<div class=\"elementor-element elementor-element-10dcb93 elementor-widget elementor-widget-image\" data-id=\"10dcb93\" data-element_type=\"widget\" data-widget_type=\"image.default\">\n\t\t\t\t<div class=\"elementor-widget-container\">\n\t\t\t\t\t<div class=\"elementor-image\">\n\t\t\t\t\t\t\t\t\t\t<img width=\"183\" height=\"275\" src=\"https:\/\/epidaure.org\/WordPress3\/wp-content\/uploads\/2025\/10\/Carine_fay.jpeg\" class=\"attachment-full size-full\" alt=\"Carine Fay Kin\u00e9siologue \u00e0 Wavre\" loading=\"lazy\" \/>\t\t\t\t\t\t\t\t\t\t\t<\/div>\n\t\t\t\t<\/div>\n\t\t\t\t<\/div>\n\t\t\t\t\t\t<\/div>\n\t\t\t\t\t<\/div>\n\t\t<\/div>\n\t\t\t\t<div class=\"elementor-column elementor-col-66 elementor-top-column elementor-element elementor-element-cdcab53\" data-id=\"cdcab53\" data-element_type=\"column\">\n\t\t\t<div class=\"elementor-column-wrap elementor-element-populated\">\n\t\t\t\t\t\t\t<div class=\"elementor-widget-wrap\">\n\t\t\t\t\t\t<div class=\"elementor-element elementor-element-0db3682 elementor-widget elementor-widget-text-editor\" data-id=\"0db3682\" data-element_type=\"widget\" data-widget_type=\"text-editor.default\">\n\t\t\t\t<div class=\"elementor-widget-container\">\n\t\t\t\t\t<div class=\"elementor-text-editor elementor-clearfix\"><\/div>\n\t\t\t\t<\/div>\n\t\t\t\t<\/div>\n\t\t\t\t<div class=\"elementor-element elementor-element-5f79398 elementor-widget elementor-widget-text-editor\" data-id=\"5f79398\" data-element_type=\"widget\" data-widget_type=\"text-editor.default\">\n\t\t\t\t<div class=\"elementor-widget-container\">\n\t\t\t\t\t<div class=\"elementor-text-editor elementor-clearfix\"><p>Th\u00e9rapeute, \u00e9nerg\u00e9ticienne, kin\u00e9siologue depuis 10 ans, je suis \u00e9galement form\u00e9e aux constellations familiales, \u00e0 la radiesth\u00e9sie, aux soins quantiques, aux r\u00e9flexes archa\u00efques programm\u00e9s par la vie intra ut\u00e9rine ou aux conditions de naissance&#8230;.<\/p><p>J&rsquo;harmonise les d\u00e9s\u00e9quilibres \u00e9nerg\u00e9tiques , physiques, psychiques et \u00e9motionnels ainsi que vos lieux de vie et lieux de travail.<\/p><\/div>\n\t\t\t\t<\/div>\n\t\t\t\t<\/div>\n\t\t\t\t\t\t<\/div>\n\t\t\t\t\t<\/div>\n\t\t<\/div>\n\t\t\t\t\t\t\t\t<\/div>\n\t\t\t\t\t<\/div>\n\t\t<\/section>\n\t\t\t\t<section class=\"elementor-section elementor-top-section elementor-element elementor-element-9fd17ad elementor-section-boxed elementor-section-height-default elementor-section-height-default\" data-id=\"9fd17ad\" data-element_type=\"section\">\n\t\t\t\t\t\t<div class=\"elementor-container elementor-column-gap-default\">\n\t\t\t\t\t\t\t<div class=\"elementor-row\">\n\t\t\t\t\t<div class=\"elementor-column elementor-col-100 elementor-top-column elementor-element elementor-element-77c1ae4\" data-id=\"77c1ae4\" data-element_type=\"column\">\n\t\t\t<div class=\"elementor-column-wrap elementor-element-populated\">\n\t\t\t\t\t\t\t<div class=\"elementor-widget-wrap\">\n\t\t\t\t\t\t<div class=\"elementor-element elementor-element-fd6d423 elementor-widget elementor-widget-text-editor\" data-id=\"fd6d423\" data-element_type=\"widget\" data-widget_type=\"text-editor.default\">\n\t\t\t\t<div class=\"elementor-widget-container\">\n\t\t\t\t\t<div class=\"elementor-text-editor elementor-clearfix\"><\/div>\n\t\t\t\t<\/div>\n\t\t\t\t<\/div>\n\t\t\t\t<div class=\"elementor-element elementor-element-54fc108 elementor-widget elementor-widget-text-editor\" data-id=\"54fc108\" data-element_type=\"widget\" data-widget_type=\"text-editor.default\">\n\t\t\t\t<div class=\"elementor-widget-container\">\n\t\t\t\t\t<div class=\"elementor-text-editor elementor-clearfix\"><p>Que vous souffrez de fatigues psychiques, morales et physiques,<\/p><ul><li>de difficult\u00e9s de concentration ou de dyslexie ou troubles de l&rsquo;apprentissage ;<\/li><li>d&rsquo;un burn out ;<\/li><li>d&rsquo;un manque d&rsquo;\u00e9nergie ou d&rsquo;un manque d&rsquo;envie ;<\/li><li>d&rsquo;addictions ;<\/li><li>de compulsions alimentaires ;<\/li><li>de maladies d&rsquo;origine psycho \u00e9motionnelles ;<\/li><li>de probl\u00e8mes de sommeil ;<\/li><li>de douleurs ;<\/li><li>de stress ;<\/li><li>d&rsquo;un deuil , d&rsquo;une s\u00e9paration ;<\/li><li>de blocages dans votre vie ;<\/li><li>Ou que vous viviez un \u00e9veil de conscience et cherchez \u00e0 donner du sens \u00e0 votre vie, &#8230;<\/li><\/ul><p>Vous ressentirez un mieux \u00eatre et des effets b\u00e9n\u00e9fiques d\u00e8s la premi\u00e8re s\u00e9ance.<\/p><\/div>\n\t\t\t\t<\/div>\n\t\t\t\t<\/div>\n\t\t\t\t<div class=\"elementor-element elementor-element-ac60660 elementor-widget elementor-widget-heading\" data-id=\"ac60660\" data-element_type=\"widget\" data-widget_type=\"heading.default\">\n\t\t\t\t<div class=\"elementor-widget-container\">\n\t\t\t<h2 class=\"elementor-heading-title elementor-size-default\">Contact et prise de rendez-vous<\/h2>\t\t<\/div>\n\t\t\t\t<\/div>\n\t\t\t\t<div class=\"elementor-element elementor-element-f754181 elementor-widget elementor-widget-text-editor\" data-id=\"f754181\" data-element_type=\"widget\" data-widget_type=\"text-editor.default\">\n\t\t\t\t<div class=\"elementor-widget-container\">\n\t\t\t\t\t<div class=\"elementor-text-editor elementor-clearfix\"><p>Consultez mon site internet pour d\u00e9couvrir qui je suis, et quels sont mes outils et surtout lire les t\u00e9moignages de ceux qui sont venus me consulter. Ce sont eux qui en parlent le mieux.<\/p><ul><li><strong><a href=\"http:\/\/www.carinefay.com\/\" data-saferedirecturl=\"https:\/\/www.google.com\/url?q=http:\/\/www.carinefay.com&amp;source=gmail&amp;ust=1760208691384000&amp;usg=AOvVaw1-oQW6g0gF7FMl009Iz-2s\">www.carinefay.com<\/a><\/strong><\/li><li><strong><a href=\"mailto:carinefay.kinesio@gmail.com\" target=\"_blank\" rel=\"noopener\">carinefay.kinesio@gmail.com<\/a><\/strong><\/li><li><strong>+33 6 15 45 42 33<\/strong><\/li><\/ul><\/div>\n\t\t\t\t<\/div>\n\t\t\t\t<\/div>\n\t\t\t\t\t\t<\/div>\n\t\t\t\t\t<\/div>\n\t\t<\/div>\n\t\t\t\t\t\t\t\t<\/div>\n\t\t\t\t\t<\/div>\n\t\t<\/section>\n\t\t\t\t\t\t<\/div>\n\t\t\t\t\t\t<\/div>\n\t\t\t\t\t<\/div>\n\t\t","protected":false},"excerpt":{"rendered":"<p>Kin\u00e9siologie &#8211; Soins \u00e9nerg\u00e9tiques &#8211; Constellations familiales Th\u00e9rapeute, \u00e9nerg\u00e9ticienne, kin\u00e9siologue depuis 10 ans, je suis \u00e9galement form\u00e9e aux constellations familiales, \u00e0 la radiesth\u00e9sie, aux soins quantiques, aux r\u00e9flexes archa\u00efques programm\u00e9s par la vie intra ut\u00e9rine ou aux conditions de naissance&#8230;. J&rsquo;harmonise les d\u00e9s\u00e9quilibres \u00e9nerg\u00e9tiques , physiques, psychiques et \u00e9motionnels ainsi que vos lieux de vie &#8230; <a title=\"Carine Fay &#8211; Kin\u00e9siologue \u00e0 Wavre\" class=\"read-more\" href=\"https:\/\/epidaure.org\/WordPress3\/carine-fay-kinesiologue-wavre\/\">Read more<\/a><\/p>\n","protected":false},"author":5,"featured_media":0,"parent":0,"menu_order":0,"comment_status":"closed","ping_status":"closed","template":"","meta":[],"yoast_head":"<!-- This site is optimized with the Yoast SEO plugin v17.3 - https:\/\/yoast.com\/wordpress\/plugins\/seo\/ -->\n<title>Kin\u00e9siologue \u00e0 Wavre : Carine Fay - Centre Epidaure<\/title>\n<meta name=\"description\" content=\"Kin\u00e9siologue \u00e0 Wavre, Carine Fay vous rencontre au Centre Epidaure et vous propose un accompagnement en gestion du stress et des \u00e9motions.\" \/>\n<meta name=\"robots\" content=\"index, follow, max-snippet:-1, max-image-preview:large, max-video-preview:-1\" \/>\n<link rel=\"canonical\" href=\"https:\/\/epidaure.org\/WordPress3\/carine-fay-kinesiologue-wavre\/\" \/>\n<meta property=\"og:locale\" content=\"fr_FR\" \/>\n<meta property=\"og:type\" content=\"article\" \/>\n<meta property=\"og:title\" content=\"Kin\u00e9siologue \u00e0 Wavre : Carine Fay - Centre Epidaure\" \/>\n<meta property=\"og:description\" content=\"Kin\u00e9siologue \u00e0 Wavre, Carine Fay vous rencontre au Centre Epidaure et vous propose un accompagnement en gestion du stress et des \u00e9motions.\" \/>\n<meta property=\"og:url\" content=\"https:\/\/epidaure.org\/WordPress3\/carine-fay-kinesiologue-wavre\/\" \/>\n<meta property=\"og:site_name\" content=\"EPIDAURE\" \/>\n<meta property=\"article:modified_time\" content=\"2025-10-15T14:36:15+00:00\" \/>\n<meta property=\"og:image\" content=\"https:\/\/epidaure.org\/WordPress3\/wp-content\/uploads\/2025\/10\/Carine_fay.jpeg\" \/>\n<meta name=\"twitter:card\" content=\"summary_large_image\" \/>\n<meta name=\"twitter:label1\" content=\"Dur\u00e9e de lecture estim\u00e9e\" \/>\n\t<meta name=\"twitter:data1\" content=\"2 minutes\" \/>\n<script type=\"application\/ld+json\" class=\"yoast-schema-graph\">{\"@context\":\"https:\/\/schema.org\",\"@graph\":[{\"@type\":\"WebSite\",\"@id\":\"https:\/\/epidaure.org\/WordPress3\/#website\",\"url\":\"https:\/\/epidaure.org\/WordPress3\/\",\"name\":\"EPIDAURE\",\"description\":\"Centre de M\\u00e9decine Int\\u00e9grative\",\"potentialAction\":[{\"@type\":\"SearchAction\",\"target\":{\"@type\":\"EntryPoint\",\"urlTemplate\":\"https:\/\/epidaure.org\/WordPress3\/?s={search_term_string}\"},\"query-input\":\"required name=search_term_string\"}],\"inLanguage\":\"fr-FR\"},{\"@type\":\"ImageObject\",\"@id\":\"https:\/\/epidaure.org\/WordPress3\/carine-fay-kinesiologue-wavre\/#primaryimage\",\"inLanguage\":\"fr-FR\",\"url\":\"https:\/\/epidaure.org\/WordPress3\/wp-content\/uploads\/2025\/10\/Carine_fay.jpeg\",\"contentUrl\":\"https:\/\/epidaure.org\/WordPress3\/wp-content\/uploads\/2025\/10\/Carine_fay.jpeg\",\"width\":183,\"height\":275,\"caption\":\"Carine Fay Kin\\u00e9siologue \\u00e0 Wavre\"},{\"@type\":\"WebPage\",\"@id\":\"https:\/\/epidaure.org\/WordPress3\/carine-fay-kinesiologue-wavre\/#webpage\",\"url\":\"https:\/\/epidaure.org\/WordPress3\/carine-fay-kinesiologue-wavre\/\",\"name\":\"Kin\\u00e9siologue \\u00e0 Wavre : Carine Fay - Centre Epidaure\",\"isPartOf\":{\"@id\":\"https:\/\/epidaure.org\/WordPress3\/#website\"},\"primaryImageOfPage\":{\"@id\":\"https:\/\/epidaure.org\/WordPress3\/carine-fay-kinesiologue-wavre\/#primaryimage\"},\"datePublished\":\"2019-07-08T23:27:57+00:00\",\"dateModified\":\"2025-10-15T14:36:15+00:00\",\"description\":\"Kin\\u00e9siologue \\u00e0 Wavre, Carine Fay vous rencontre au Centre Epidaure et vous propose un accompagnement en gestion du stress et des \\u00e9motions.\",\"breadcrumb\":{\"@id\":\"https:\/\/epidaure.org\/WordPress3\/carine-fay-kinesiologue-wavre\/#breadcrumb\"},\"inLanguage\":\"fr-FR\",\"potentialAction\":[{\"@type\":\"ReadAction\",\"target\":[\"https:\/\/epidaure.org\/WordPress3\/carine-fay-kinesiologue-wavre\/\"]}]},{\"@type\":\"BreadcrumbList\",\"@id\":\"https:\/\/epidaure.org\/WordPress3\/carine-fay-kinesiologue-wavre\/#breadcrumb\",\"itemListElement\":[{\"@type\":\"ListItem\",\"position\":1,\"name\":\"Accueil\",\"item\":\"https:\/\/epidaure.org\/WordPress3\/\"},{\"@type\":\"ListItem\",\"position\":2,\"name\":\"Carine Fay &#8211; Kin\\u00e9siologue \\u00e0 Wavre\"}]}]}<\/script>\n<!-- \/ Yoast SEO plugin. -->","yoast_head_json":{"title":"Kin\u00e9siologue \u00e0 Wavre : Carine Fay - Centre Epidaure","description":"Kin\u00e9siologue \u00e0 Wavre, Carine Fay vous rencontre au Centre Epidaure et vous propose un accompagnement en gestion du stress et des \u00e9motions.","robots":{"index":"index","follow":"follow","max-snippet":"max-snippet:-1","max-image-preview":"max-image-preview:large","max-video-preview":"max-video-preview:-1"},"canonical":"https:\/\/epidaure.org\/WordPress3\/carine-fay-kinesiologue-wavre\/","og_locale":"fr_FR","og_type":"article","og_title":"Kin\u00e9siologue \u00e0 Wavre : Carine Fay - Centre Epidaure","og_description":"Kin\u00e9siologue \u00e0 Wavre, Carine Fay vous rencontre au Centre Epidaure et vous propose un accompagnement en gestion du stress et des \u00e9motions.","og_url":"https:\/\/epidaure.org\/WordPress3\/carine-fay-kinesiologue-wavre\/","og_site_name":"EPIDAURE","article_modified_time":"2025-10-15T14:36:15+00:00","og_image":[{"url":"https:\/\/epidaure.org\/WordPress3\/wp-content\/uploads\/2025\/10\/Carine_fay.jpeg"}],"twitter_card":"summary_large_image","twitter_misc":{"Dur\u00e9e de lecture estim\u00e9e":"2 minutes"},"schema":{"@context":"https:\/\/schema.org","@graph":[{"@type":"WebSite","@id":"https:\/\/epidaure.org\/WordPress3\/#website","url":"https:\/\/epidaure.org\/WordPress3\/","name":"EPIDAURE","description":"Centre de M\u00e9decine Int\u00e9grative","potentialAction":[{"@type":"SearchAction","target":{"@type":"EntryPoint","urlTemplate":"https:\/\/epidaure.org\/WordPress3\/?s={search_term_string}"},"query-input":"required name=search_term_string"}],"inLanguage":"fr-FR"},{"@type":"ImageObject","@id":"https:\/\/epidaure.org\/WordPress3\/carine-fay-kinesiologue-wavre\/#primaryimage","inLanguage":"fr-FR","url":"https:\/\/epidaure.org\/WordPress3\/wp-content\/uploads\/2025\/10\/Carine_fay.jpeg","contentUrl":"https:\/\/epidaure.org\/WordPress3\/wp-content\/uploads\/2025\/10\/Carine_fay.jpeg","width":183,"height":275,"caption":"Carine Fay Kin\u00e9siologue \u00e0 Wavre"},{"@type":"WebPage","@id":"https:\/\/epidaure.org\/WordPress3\/carine-fay-kinesiologue-wavre\/#webpage","url":"https:\/\/epidaure.org\/WordPress3\/carine-fay-kinesiologue-wavre\/","name":"Kin\u00e9siologue \u00e0 Wavre : Carine Fay - Centre Epidaure","isPartOf":{"@id":"https:\/\/epidaure.org\/WordPress3\/#website"},"primaryImageOfPage":{"@id":"https:\/\/epidaure.org\/WordPress3\/carine-fay-kinesiologue-wavre\/#primaryimage"},"datePublished":"2019-07-08T23:27:57+00:00","dateModified":"2025-10-15T14:36:15+00:00","description":"Kin\u00e9siologue \u00e0 Wavre, Carine Fay vous rencontre au Centre Epidaure et vous propose un accompagnement en gestion du stress et des \u00e9motions.","breadcrumb":{"@id":"https:\/\/epidaure.org\/WordPress3\/carine-fay-kinesiologue-wavre\/#breadcrumb"},"inLanguage":"fr-FR","potentialAction":[{"@type":"ReadAction","target":["https:\/\/epidaure.org\/WordPress3\/carine-fay-kinesiologue-wavre\/"]}]},{"@type":"BreadcrumbList","@id":"https:\/\/epidaure.org\/WordPress3\/carine-fay-kinesiologue-wavre\/#breadcrumb","itemListElement":[{"@type":"ListItem","position":1,"name":"Accueil","item":"https:\/\/epidaure.org\/WordPress3\/"},{"@type":"ListItem","position":2,"name":"Carine Fay &#8211; Kin\u00e9siologue \u00e0 Wavre"}]}]}},"_links":{"self":[{"href":"https:\/\/epidaure.org\/WordPress3\/wp-json\/wp\/v2\/pages\/1351"}],"collection":[{"href":"https:\/\/epidaure.org\/WordPress3\/wp-json\/wp\/v2\/pages"}],"about":[{"href":"https:\/\/epidaure.org\/WordPress3\/wp-json\/wp\/v2\/types\/page"}],"author":[{"embeddable":true,"href":"https:\/\/epidaure.org\/WordPress3\/wp-json\/wp\/v2\/users\/5"}],"replies":[{"embeddable":true,"href":"https:\/\/epidaure.org\/WordPress3\/wp-json\/wp\/v2\/comments?post=1351"}],"version-history":[{"count":55,"href":"https:\/\/epidaure.org\/WordPress3\/wp-json\/wp\/v2\/pages\/1351\/revisions"}],"predecessor-version":[{"id":3474,"href":"https:\/\/epidaure.org\/WordPress3\/wp-json\/wp\/v2\/pages\/1351\/revisions\/3474"}],"wp:attachment":[{"href":"https:\/\/epidaure.org\/WordPress3\/wp-json\/wp\/v2\/media?parent=1351"}],"curies":[{"name":"wp","href":"https:\/\/api.w.org\/{rel}","templated":true}]}}