{"id":1571,"date":"2019-11-20T16:38:52","date_gmt":"2019-11-20T15:38:52","guid":{"rendered":"http:\/\/epidaure.org\/WordPress3\/?page_id=1571"},"modified":"2025-10-06T21:38:23","modified_gmt":"2025-10-06T19:38:23","slug":"le-lieu","status":"publish","type":"page","link":"https:\/\/epidaure.org\/WordPress3\/le-lieu\/","title":{"rendered":"Salles de consultation et espace de conf\u00e9rence"},"content":{"rendered":"\t\t<div data-elementor-type=\"wp-page\" data-elementor-id=\"1571\" class=\"elementor elementor-1571\" data-elementor-settings=\"[]\">\n\t\t\t\t\t\t<div class=\"elementor-inner\">\n\t\t\t\t\t\t\t<div class=\"elementor-section-wrap\">\n\t\t\t\t\t\t\t<section class=\"elementor-section elementor-top-section elementor-element elementor-element-e5fc86f elementor-section-boxed elementor-section-height-default elementor-section-height-default\" data-id=\"e5fc86f\" data-element_type=\"section\">\n\t\t\t\t\t\t<div class=\"elementor-container elementor-column-gap-default\">\n\t\t\t\t\t\t\t<div class=\"elementor-row\">\n\t\t\t\t\t<div class=\"elementor-column elementor-col-100 elementor-top-column elementor-element elementor-element-e6186c4\" data-id=\"e6186c4\" data-element_type=\"column\">\n\t\t\t<div class=\"elementor-column-wrap elementor-element-populated\">\n\t\t\t\t\t\t\t<div class=\"elementor-widget-wrap\">\n\t\t\t\t\t\t<div class=\"elementor-element elementor-element-54439ba elementor-widget elementor-widget-google_maps\" data-id=\"54439ba\" data-element_type=\"widget\" data-widget_type=\"google_maps.default\">\n\t\t\t\t<div class=\"elementor-widget-container\">\n\t\t\t<div class=\"elementor-custom-embed\"><iframe frameborder=\"0\" scrolling=\"no\" marginheight=\"0\" marginwidth=\"0\" src=\"https:\/\/maps.google.com\/maps?q=1%20rue%20des%20coquelicots%201300%20limal&amp;t=m&amp;z=10&amp;output=embed&amp;iwloc=near\" title=\"1 rue des coquelicots 1300 limal\" aria-label=\"1 rue des coquelicots 1300 limal\"><\/iframe><\/div>\t\t<\/div>\n\t\t\t\t<\/div>\n\t\t\t\t<div class=\"elementor-element elementor-element-7c3e0ce elementor-widget elementor-widget-text-editor\" data-id=\"7c3e0ce\" data-element_type=\"widget\" data-widget_type=\"text-editor.default\">\n\t\t\t\t<div class=\"elementor-widget-container\">\n\t\t\t\t\t<div class=\"elementor-text-editor elementor-clearfix\"><p>Retrouvez-nous au <b>1 rue des coquelicots, \u00e0 Limal<\/b>.<\/p>\n<p>Accessible avec les bus TEC lignes 22 et 36. A 15 minutes \u00e0 pied de la gare SNCB de Limal (1er arr\u00eat sur la ligne Ottignies-&gt; Louvain).<\/p>\n<p>En voiture: \u00e0 1000 m\u00e8tres de la sortie \u00ab\u00a0Limal\u00a0\u00bb sur la voie rapide N235&nbsp;Louvain-la-Neuve -Walibi -Wavre et \u00e0 quelques minutes en voiture de la E411 et de la N25. A 10 minutes de Wavre, Ottignies,&nbsp;Louvain-la-Neuve et \u00e0 20 minutes d&rsquo;Auderghem et du ring de Bruxelles.<\/p><\/div>\n\t\t\t\t<\/div>\n\t\t\t\t<\/div>\n\t\t\t\t<div class=\"elementor-element elementor-element-baffd90 elementor-widget elementor-widget-heading\" data-id=\"baffd90\" data-element_type=\"widget\" data-widget_type=\"heading.default\">\n\t\t\t\t<div class=\"elementor-widget-container\">\n\t\t\t<h2 class=\"elementor-heading-title elementor-size-default\">Nos salles de consultation<\/h2>\t\t<\/div>\n\t\t\t\t<\/div>\n\t\t\t\t<div class=\"elementor-element elementor-element-864bd2a elementor-widget elementor-widget-text-editor\" data-id=\"864bd2a\" data-element_type=\"widget\" data-widget_type=\"text-editor.default\">\n\t\t\t\t<div class=\"elementor-widget-container\">\n\t\t\t\t\t<div class=\"elementor-text-editor elementor-clearfix\"><p>Images \u00e0 venir !<\/p><\/div>\n\t\t\t\t<\/div>\n\t\t\t\t<\/div>\n\t\t\t\t<div class=\"elementor-element elementor-element-efd7960 elementor-widget elementor-widget-heading\" data-id=\"efd7960\" data-element_type=\"widget\" data-widget_type=\"heading.default\">\n\t\t\t\t<div class=\"elementor-widget-container\">\n\t\t\t<h2 class=\"elementor-heading-title elementor-size-default\">Salle multifonction<\/h2>\t\t<\/div>\n\t\t\t\t<\/div>\n\t\t\t\t\t\t<\/div>\n\t\t\t\t\t<\/div>\n\t\t<\/div>\n\t\t\t\t\t\t\t\t<\/div>\n\t\t\t\t\t<\/div>\n\t\t<\/section>\n\t\t\t\t<section class=\"elementor-section elementor-top-section elementor-element elementor-element-6c15a42 elementor-section-boxed elementor-section-height-default elementor-section-height-default\" data-id=\"6c15a42\" data-element_type=\"section\">\n\t\t\t\t\t\t<div class=\"elementor-container elementor-column-gap-default\">\n\t\t\t\t\t\t\t<div class=\"elementor-row\">\n\t\t\t\t\t<div class=\"elementor-column elementor-col-33 elementor-top-column elementor-element elementor-element-ac403cb\" data-id=\"ac403cb\" data-element_type=\"column\">\n\t\t\t<div class=\"elementor-column-wrap elementor-element-populated\">\n\t\t\t\t\t\t\t<div class=\"elementor-widget-wrap\">\n\t\t\t\t\t\t<div class=\"elementor-element elementor-element-ceebd29 elementor-widget elementor-widget-image\" data-id=\"ceebd29\" data-element_type=\"widget\" data-widget_type=\"image.default\">\n\t\t\t\t<div class=\"elementor-widget-container\">\n\t\t\t\t\t<div class=\"elementor-image\">\n\t\t\t\t\t\t\t\t\t\t<img width=\"1024\" height=\"768\" src=\"https:\/\/epidaure.org\/WordPress3\/wp-content\/uploads\/2025\/10\/8d66645d-f73b-4643-8367-407b129d8da5-1024x768.jpg\" class=\"attachment-large size-large\" alt=\"\" loading=\"lazy\" srcset=\"https:\/\/epidaure.org\/WordPress3\/wp-content\/uploads\/2025\/10\/8d66645d-f73b-4643-8367-407b129d8da5-1024x768.jpg 1024w, https:\/\/epidaure.org\/WordPress3\/wp-content\/uploads\/2025\/10\/8d66645d-f73b-4643-8367-407b129d8da5-300x225.jpg 300w, https:\/\/epidaure.org\/WordPress3\/wp-content\/uploads\/2025\/10\/8d66645d-f73b-4643-8367-407b129d8da5-768x576.jpg 768w, https:\/\/epidaure.org\/WordPress3\/wp-content\/uploads\/2025\/10\/8d66645d-f73b-4643-8367-407b129d8da5-1536x1152.jpg 1536w, https:\/\/epidaure.org\/WordPress3\/wp-content\/uploads\/2025\/10\/8d66645d-f73b-4643-8367-407b129d8da5.jpg 1600w\" sizes=\"(max-width: 1024px) 100vw, 1024px\" \/>\t\t\t\t\t\t\t\t\t\t\t<\/div>\n\t\t\t\t<\/div>\n\t\t\t\t<\/div>\n\t\t\t\t\t\t<\/div>\n\t\t\t\t\t<\/div>\n\t\t<\/div>\n\t\t\t\t<div class=\"elementor-column elementor-col-33 elementor-top-column elementor-element elementor-element-844be88\" data-id=\"844be88\" data-element_type=\"column\">\n\t\t\t<div class=\"elementor-column-wrap elementor-element-populated\">\n\t\t\t\t\t\t\t<div class=\"elementor-widget-wrap\">\n\t\t\t\t\t\t<div class=\"elementor-element elementor-element-b63772f elementor-widget elementor-widget-image\" data-id=\"b63772f\" data-element_type=\"widget\" data-widget_type=\"image.default\">\n\t\t\t\t<div class=\"elementor-widget-container\">\n\t\t\t\t\t<div class=\"elementor-image\">\n\t\t\t\t\t\t\t\t\t\t<img width=\"1024\" height=\"768\" src=\"https:\/\/epidaure.org\/WordPress3\/wp-content\/uploads\/2025\/10\/cd49dd2f-427d-4edc-bb65-24acf6a9b132-1024x768.jpg\" class=\"attachment-large size-large\" alt=\"\" loading=\"lazy\" srcset=\"https:\/\/epidaure.org\/WordPress3\/wp-content\/uploads\/2025\/10\/cd49dd2f-427d-4edc-bb65-24acf6a9b132-1024x768.jpg 1024w, https:\/\/epidaure.org\/WordPress3\/wp-content\/uploads\/2025\/10\/cd49dd2f-427d-4edc-bb65-24acf6a9b132-300x225.jpg 300w, https:\/\/epidaure.org\/WordPress3\/wp-content\/uploads\/2025\/10\/cd49dd2f-427d-4edc-bb65-24acf6a9b132-768x576.jpg 768w, https:\/\/epidaure.org\/WordPress3\/wp-content\/uploads\/2025\/10\/cd49dd2f-427d-4edc-bb65-24acf6a9b132-1536x1152.jpg 1536w, https:\/\/epidaure.org\/WordPress3\/wp-content\/uploads\/2025\/10\/cd49dd2f-427d-4edc-bb65-24acf6a9b132.jpg 1600w\" sizes=\"(max-width: 1024px) 100vw, 1024px\" \/>\t\t\t\t\t\t\t\t\t\t\t<\/div>\n\t\t\t\t<\/div>\n\t\t\t\t<\/div>\n\t\t\t\t\t\t<\/div>\n\t\t\t\t\t<\/div>\n\t\t<\/div>\n\t\t\t\t<div class=\"elementor-column elementor-col-33 elementor-top-column elementor-element elementor-element-008e345\" data-id=\"008e345\" data-element_type=\"column\">\n\t\t\t<div class=\"elementor-column-wrap elementor-element-populated\">\n\t\t\t\t\t\t\t<div class=\"elementor-widget-wrap\">\n\t\t\t\t\t\t<div class=\"elementor-element elementor-element-2e9a04a elementor-widget elementor-widget-image\" data-id=\"2e9a04a\" data-element_type=\"widget\" data-widget_type=\"image.default\">\n\t\t\t\t<div class=\"elementor-widget-container\">\n\t\t\t\t\t<div class=\"elementor-image\">\n\t\t\t\t\t\t\t\t\t\t<img width=\"1024\" height=\"768\" src=\"https:\/\/epidaure.org\/WordPress3\/wp-content\/uploads\/2025\/10\/f2a3c3f0-ceef-410b-8bcd-ca79a64f5871-1024x768.jpg\" class=\"attachment-large size-large\" alt=\"\" loading=\"lazy\" srcset=\"https:\/\/epidaure.org\/WordPress3\/wp-content\/uploads\/2025\/10\/f2a3c3f0-ceef-410b-8bcd-ca79a64f5871-1024x768.jpg 1024w, https:\/\/epidaure.org\/WordPress3\/wp-content\/uploads\/2025\/10\/f2a3c3f0-ceef-410b-8bcd-ca79a64f5871-300x225.jpg 300w, https:\/\/epidaure.org\/WordPress3\/wp-content\/uploads\/2025\/10\/f2a3c3f0-ceef-410b-8bcd-ca79a64f5871-768x576.jpg 768w, https:\/\/epidaure.org\/WordPress3\/wp-content\/uploads\/2025\/10\/f2a3c3f0-ceef-410b-8bcd-ca79a64f5871-1536x1152.jpg 1536w, https:\/\/epidaure.org\/WordPress3\/wp-content\/uploads\/2025\/10\/f2a3c3f0-ceef-410b-8bcd-ca79a64f5871.jpg 1600w\" sizes=\"(max-width: 1024px) 100vw, 1024px\" \/>\t\t\t\t\t\t\t\t\t\t\t<\/div>\n\t\t\t\t<\/div>\n\t\t\t\t<\/div>\n\t\t\t\t\t\t<\/div>\n\t\t\t\t\t<\/div>\n\t\t<\/div>\n\t\t\t\t\t\t\t\t<\/div>\n\t\t\t\t\t<\/div>\n\t\t<\/section>\n\t\t\t\t<section class=\"elementor-section elementor-top-section elementor-element elementor-element-9763974 elementor-section-boxed elementor-section-height-default elementor-section-height-default\" data-id=\"9763974\" data-element_type=\"section\">\n\t\t\t\t\t\t<div class=\"elementor-container elementor-column-gap-default\">\n\t\t\t\t\t\t\t<div class=\"elementor-row\">\n\t\t\t\t\t<div class=\"elementor-column elementor-col-33 elementor-top-column elementor-element elementor-element-9fe9b00\" data-id=\"9fe9b00\" data-element_type=\"column\">\n\t\t\t<div class=\"elementor-column-wrap elementor-element-populated\">\n\t\t\t\t\t\t\t<div class=\"elementor-widget-wrap\">\n\t\t\t\t\t\t<div class=\"elementor-element elementor-element-30a075c elementor-widget elementor-widget-image\" data-id=\"30a075c\" data-element_type=\"widget\" data-widget_type=\"image.default\">\n\t\t\t\t<div class=\"elementor-widget-container\">\n\t\t\t\t\t<div class=\"elementor-image\">\n\t\t\t\t\t\t\t\t\t\t<img width=\"1024\" height=\"768\" src=\"https:\/\/epidaure.org\/WordPress3\/wp-content\/uploads\/2025\/10\/IMG_20251004_083814-1024x768.jpg\" class=\"attachment-large size-large\" alt=\"\" loading=\"lazy\" srcset=\"https:\/\/epidaure.org\/WordPress3\/wp-content\/uploads\/2025\/10\/IMG_20251004_083814-1024x768.jpg 1024w, https:\/\/epidaure.org\/WordPress3\/wp-content\/uploads\/2025\/10\/IMG_20251004_083814-300x225.jpg 300w, https:\/\/epidaure.org\/WordPress3\/wp-content\/uploads\/2025\/10\/IMG_20251004_083814-768x576.jpg 768w, https:\/\/epidaure.org\/WordPress3\/wp-content\/uploads\/2025\/10\/IMG_20251004_083814-1536x1152.jpg 1536w, https:\/\/epidaure.org\/WordPress3\/wp-content\/uploads\/2025\/10\/IMG_20251004_083814-2048x1536.jpg 2048w\" sizes=\"(max-width: 1024px) 100vw, 1024px\" \/>\t\t\t\t\t\t\t\t\t\t\t<\/div>\n\t\t\t\t<\/div>\n\t\t\t\t<\/div>\n\t\t\t\t\t\t<\/div>\n\t\t\t\t\t<\/div>\n\t\t<\/div>\n\t\t\t\t<div class=\"elementor-column elementor-col-33 elementor-top-column elementor-element elementor-element-a840bf4\" data-id=\"a840bf4\" data-element_type=\"column\">\n\t\t\t<div class=\"elementor-column-wrap elementor-element-populated\">\n\t\t\t\t\t\t\t<div class=\"elementor-widget-wrap\">\n\t\t\t\t\t\t<div class=\"elementor-element elementor-element-79fc71a elementor-widget elementor-widget-image\" data-id=\"79fc71a\" data-element_type=\"widget\" data-widget_type=\"image.default\">\n\t\t\t\t<div class=\"elementor-widget-container\">\n\t\t\t\t\t<div class=\"elementor-image\">\n\t\t\t\t\t\t\t\t\t\t<img width=\"1024\" height=\"768\" src=\"https:\/\/epidaure.org\/WordPress3\/wp-content\/uploads\/2025\/10\/IMG_20251004_083824-1024x768.jpg\" class=\"attachment-large size-large\" alt=\"\" loading=\"lazy\" srcset=\"https:\/\/epidaure.org\/WordPress3\/wp-content\/uploads\/2025\/10\/IMG_20251004_083824-1024x768.jpg 1024w, https:\/\/epidaure.org\/WordPress3\/wp-content\/uploads\/2025\/10\/IMG_20251004_083824-300x225.jpg 300w, https:\/\/epidaure.org\/WordPress3\/wp-content\/uploads\/2025\/10\/IMG_20251004_083824-768x576.jpg 768w, https:\/\/epidaure.org\/WordPress3\/wp-content\/uploads\/2025\/10\/IMG_20251004_083824-1536x1152.jpg 1536w, https:\/\/epidaure.org\/WordPress3\/wp-content\/uploads\/2025\/10\/IMG_20251004_083824-2048x1536.jpg 2048w\" sizes=\"(max-width: 1024px) 100vw, 1024px\" \/>\t\t\t\t\t\t\t\t\t\t\t<\/div>\n\t\t\t\t<\/div>\n\t\t\t\t<\/div>\n\t\t\t\t\t\t<\/div>\n\t\t\t\t\t<\/div>\n\t\t<\/div>\n\t\t\t\t<div class=\"elementor-column elementor-col-33 elementor-top-column elementor-element elementor-element-f34cb38\" data-id=\"f34cb38\" data-element_type=\"column\">\n\t\t\t<div class=\"elementor-column-wrap elementor-element-populated\">\n\t\t\t\t\t\t\t<div class=\"elementor-widget-wrap\">\n\t\t\t\t\t\t<div class=\"elementor-element elementor-element-c88fffa elementor-widget elementor-widget-image\" data-id=\"c88fffa\" data-element_type=\"widget\" data-widget_type=\"image.default\">\n\t\t\t\t<div class=\"elementor-widget-container\">\n\t\t\t\t\t<div class=\"elementor-image\">\n\t\t\t\t\t\t\t\t\t\t<img width=\"1024\" height=\"768\" src=\"https:\/\/epidaure.org\/WordPress3\/wp-content\/uploads\/2025\/10\/IMG_20251004_083804-1024x768.jpg\" class=\"attachment-large size-large\" alt=\"\" loading=\"lazy\" srcset=\"https:\/\/epidaure.org\/WordPress3\/wp-content\/uploads\/2025\/10\/IMG_20251004_083804-1024x768.jpg 1024w, https:\/\/epidaure.org\/WordPress3\/wp-content\/uploads\/2025\/10\/IMG_20251004_083804-300x225.jpg 300w, https:\/\/epidaure.org\/WordPress3\/wp-content\/uploads\/2025\/10\/IMG_20251004_083804-768x576.jpg 768w, https:\/\/epidaure.org\/WordPress3\/wp-content\/uploads\/2025\/10\/IMG_20251004_083804-1536x1152.jpg 1536w, https:\/\/epidaure.org\/WordPress3\/wp-content\/uploads\/2025\/10\/IMG_20251004_083804-2048x1536.jpg 2048w\" sizes=\"(max-width: 1024px) 100vw, 1024px\" \/>\t\t\t\t\t\t\t\t\t\t\t<\/div>\n\t\t\t\t<\/div>\n\t\t\t\t<\/div>\n\t\t\t\t\t\t<\/div>\n\t\t\t\t\t<\/div>\n\t\t<\/div>\n\t\t\t\t\t\t\t\t<\/div>\n\t\t\t\t\t<\/div>\n\t\t<\/section>\n\t\t\t\t\t\t<\/div>\n\t\t\t\t\t\t<\/div>\n\t\t\t\t\t<\/div>\n\t\t","protected":false},"excerpt":{"rendered":"<p>Retrouvez-nous au 1 rue des coquelicots, \u00e0 Limal. Accessible avec les bus TEC lignes 22 et 36. A 15 minutes \u00e0 pied de la gare SNCB de Limal (1er arr\u00eat sur la ligne Ottignies-&gt; Louvain). En voiture: \u00e0 1000 m\u00e8tres de la sortie \u00ab\u00a0Limal\u00a0\u00bb sur la voie rapide N235&nbsp;Louvain-la-Neuve -Walibi -Wavre et \u00e0 quelques minutes &#8230; <a title=\"Salles de consultation et espace de conf\u00e9rence\" class=\"read-more\" href=\"https:\/\/epidaure.org\/WordPress3\/le-lieu\/\">Read more<\/a><\/p>\n","protected":false},"author":5,"featured_media":0,"parent":0,"menu_order":0,"comment_status":"closed","ping_status":"closed","template":"","meta":[],"yoast_head":"<!-- This site is optimized with the Yoast SEO plugin v17.3 - https:\/\/yoast.com\/wordpress\/plugins\/seo\/ -->\n<title>Salles de consultation et espace de conf\u00e9rence - EPIDAURE<\/title>\n<meta name=\"description\" content=\"D\u00e9couvrez nos diff\u00e9rents cabinets et notre salle de rencontre multifonctionnelle, disponible \u00e0 la location.\" \/>\n<meta name=\"robots\" content=\"index, follow, max-snippet:-1, max-image-preview:large, max-video-preview:-1\" \/>\n<link rel=\"canonical\" href=\"https:\/\/epidaure.org\/WordPress3\/le-lieu\/\" \/>\n<meta property=\"og:locale\" content=\"fr_FR\" \/>\n<meta property=\"og:type\" content=\"article\" \/>\n<meta property=\"og:title\" content=\"Salles de consultation et espace de conf\u00e9rence - EPIDAURE\" \/>\n<meta property=\"og:description\" content=\"D\u00e9couvrez nos diff\u00e9rents cabinets et notre salle de rencontre multifonctionnelle, disponible \u00e0 la location.\" \/>\n<meta property=\"og:url\" content=\"https:\/\/epidaure.org\/WordPress3\/le-lieu\/\" \/>\n<meta property=\"og:site_name\" content=\"EPIDAURE\" \/>\n<meta property=\"article:modified_time\" content=\"2025-10-06T19:38:23+00:00\" \/>\n<meta property=\"og:image\" content=\"https:\/\/epidaure.org\/WordPress3\/wp-content\/uploads\/2025\/10\/8d66645d-f73b-4643-8367-407b129d8da5-1024x768.jpg\" \/>\n<meta name=\"twitter:card\" content=\"summary_large_image\" \/>\n<meta name=\"twitter:label1\" content=\"Dur\u00e9e de lecture estim\u00e9e\" \/>\n\t<meta name=\"twitter:data1\" content=\"2 minutes\" \/>\n<script type=\"application\/ld+json\" class=\"yoast-schema-graph\">{\"@context\":\"https:\/\/schema.org\",\"@graph\":[{\"@type\":\"WebSite\",\"@id\":\"https:\/\/epidaure.org\/WordPress3\/#website\",\"url\":\"https:\/\/epidaure.org\/WordPress3\/\",\"name\":\"EPIDAURE\",\"description\":\"Centre de M\\u00e9decine Int\\u00e9grative\",\"potentialAction\":[{\"@type\":\"SearchAction\",\"target\":{\"@type\":\"EntryPoint\",\"urlTemplate\":\"https:\/\/epidaure.org\/WordPress3\/?s={search_term_string}\"},\"query-input\":\"required name=search_term_string\"}],\"inLanguage\":\"fr-FR\"},{\"@type\":\"ImageObject\",\"@id\":\"https:\/\/epidaure.org\/WordPress3\/le-lieu\/#primaryimage\",\"inLanguage\":\"fr-FR\",\"url\":\"https:\/\/epidaure.org\/WordPress3\/wp-content\/uploads\/2025\/10\/8d66645d-f73b-4643-8367-407b129d8da5.jpg\",\"contentUrl\":\"https:\/\/epidaure.org\/WordPress3\/wp-content\/uploads\/2025\/10\/8d66645d-f73b-4643-8367-407b129d8da5.jpg\",\"width\":1600,\"height\":1200},{\"@type\":\"WebPage\",\"@id\":\"https:\/\/epidaure.org\/WordPress3\/le-lieu\/#webpage\",\"url\":\"https:\/\/epidaure.org\/WordPress3\/le-lieu\/\",\"name\":\"Salles de consultation et espace de conf\\u00e9rence - EPIDAURE\",\"isPartOf\":{\"@id\":\"https:\/\/epidaure.org\/WordPress3\/#website\"},\"primaryImageOfPage\":{\"@id\":\"https:\/\/epidaure.org\/WordPress3\/le-lieu\/#primaryimage\"},\"datePublished\":\"2019-11-20T15:38:52+00:00\",\"dateModified\":\"2025-10-06T19:38:23+00:00\",\"description\":\"D\\u00e9couvrez nos diff\\u00e9rents cabinets et notre salle de rencontre multifonctionnelle, disponible \\u00e0 la location.\",\"breadcrumb\":{\"@id\":\"https:\/\/epidaure.org\/WordPress3\/le-lieu\/#breadcrumb\"},\"inLanguage\":\"fr-FR\",\"potentialAction\":[{\"@type\":\"ReadAction\",\"target\":[\"https:\/\/epidaure.org\/WordPress3\/le-lieu\/\"]}]},{\"@type\":\"BreadcrumbList\",\"@id\":\"https:\/\/epidaure.org\/WordPress3\/le-lieu\/#breadcrumb\",\"itemListElement\":[{\"@type\":\"ListItem\",\"position\":1,\"name\":\"Accueil\",\"item\":\"https:\/\/epidaure.org\/WordPress3\/\"},{\"@type\":\"ListItem\",\"position\":2,\"name\":\"Salles de consultation et espace de conf\\u00e9rence\"}]}]}<\/script>\n<!-- \/ Yoast SEO plugin. -->","yoast_head_json":{"title":"Salles de consultation et espace de conf\u00e9rence - EPIDAURE","description":"D\u00e9couvrez nos diff\u00e9rents cabinets et notre salle de rencontre multifonctionnelle, disponible \u00e0 la location.","robots":{"index":"index","follow":"follow","max-snippet":"max-snippet:-1","max-image-preview":"max-image-preview:large","max-video-preview":"max-video-preview:-1"},"canonical":"https:\/\/epidaure.org\/WordPress3\/le-lieu\/","og_locale":"fr_FR","og_type":"article","og_title":"Salles de consultation et espace de conf\u00e9rence - EPIDAURE","og_description":"D\u00e9couvrez nos diff\u00e9rents cabinets et notre salle de rencontre multifonctionnelle, disponible \u00e0 la location.","og_url":"https:\/\/epidaure.org\/WordPress3\/le-lieu\/","og_site_name":"EPIDAURE","article_modified_time":"2025-10-06T19:38:23+00:00","og_image":[{"url":"https:\/\/epidaure.org\/WordPress3\/wp-content\/uploads\/2025\/10\/8d66645d-f73b-4643-8367-407b129d8da5-1024x768.jpg"}],"twitter_card":"summary_large_image","twitter_misc":{"Dur\u00e9e de lecture estim\u00e9e":"2 minutes"},"schema":{"@context":"https:\/\/schema.org","@graph":[{"@type":"WebSite","@id":"https:\/\/epidaure.org\/WordPress3\/#website","url":"https:\/\/epidaure.org\/WordPress3\/","name":"EPIDAURE","description":"Centre de M\u00e9decine Int\u00e9grative","potentialAction":[{"@type":"SearchAction","target":{"@type":"EntryPoint","urlTemplate":"https:\/\/epidaure.org\/WordPress3\/?s={search_term_string}"},"query-input":"required name=search_term_string"}],"inLanguage":"fr-FR"},{"@type":"ImageObject","@id":"https:\/\/epidaure.org\/WordPress3\/le-lieu\/#primaryimage","inLanguage":"fr-FR","url":"https:\/\/epidaure.org\/WordPress3\/wp-content\/uploads\/2025\/10\/8d66645d-f73b-4643-8367-407b129d8da5.jpg","contentUrl":"https:\/\/epidaure.org\/WordPress3\/wp-content\/uploads\/2025\/10\/8d66645d-f73b-4643-8367-407b129d8da5.jpg","width":1600,"height":1200},{"@type":"WebPage","@id":"https:\/\/epidaure.org\/WordPress3\/le-lieu\/#webpage","url":"https:\/\/epidaure.org\/WordPress3\/le-lieu\/","name":"Salles de consultation et espace de conf\u00e9rence - EPIDAURE","isPartOf":{"@id":"https:\/\/epidaure.org\/WordPress3\/#website"},"primaryImageOfPage":{"@id":"https:\/\/epidaure.org\/WordPress3\/le-lieu\/#primaryimage"},"datePublished":"2019-11-20T15:38:52+00:00","dateModified":"2025-10-06T19:38:23+00:00","description":"D\u00e9couvrez nos diff\u00e9rents cabinets et notre salle de rencontre multifonctionnelle, disponible \u00e0 la location.","breadcrumb":{"@id":"https:\/\/epidaure.org\/WordPress3\/le-lieu\/#breadcrumb"},"inLanguage":"fr-FR","potentialAction":[{"@type":"ReadAction","target":["https:\/\/epidaure.org\/WordPress3\/le-lieu\/"]}]},{"@type":"BreadcrumbList","@id":"https:\/\/epidaure.org\/WordPress3\/le-lieu\/#breadcrumb","itemListElement":[{"@type":"ListItem","position":1,"name":"Accueil","item":"https:\/\/epidaure.org\/WordPress3\/"},{"@type":"ListItem","position":2,"name":"Salles de consultation et espace de conf\u00e9rence"}]}]}},"_links":{"self":[{"href":"https:\/\/epidaure.org\/WordPress3\/wp-json\/wp\/v2\/pages\/1571"}],"collection":[{"href":"https:\/\/epidaure.org\/WordPress3\/wp-json\/wp\/v2\/pages"}],"about":[{"href":"https:\/\/epidaure.org\/WordPress3\/wp-json\/wp\/v2\/types\/page"}],"author":[{"embeddable":true,"href":"https:\/\/epidaure.org\/WordPress3\/wp-json\/wp\/v2\/users\/5"}],"replies":[{"embeddable":true,"href":"https:\/\/epidaure.org\/WordPress3\/wp-json\/wp\/v2\/comments?post=1571"}],"version-history":[{"count":48,"href":"https:\/\/epidaure.org\/WordPress3\/wp-json\/wp\/v2\/pages\/1571\/revisions"}],"predecessor-version":[{"id":3433,"href":"https:\/\/epidaure.org\/WordPress3\/wp-json\/wp\/v2\/pages\/1571\/revisions\/3433"}],"wp:attachment":[{"href":"https:\/\/epidaure.org\/WordPress3\/wp-json\/wp\/v2\/media?parent=1571"}],"curies":[{"name":"wp","href":"https:\/\/api.w.org\/{rel}","templated":true}]}}