{"id":2474,"date":"2021-10-28T13:29:34","date_gmt":"2021-10-28T11:29:34","guid":{"rendered":"https:\/\/epidaure.org\/WordPress3\/?page_id=2474"},"modified":"2025-10-29T17:18:29","modified_gmt":"2025-10-29T16:18:29","slug":"odile-maskens-psychologue-a-wavre","status":"publish","type":"page","link":"https:\/\/epidaure.org\/WordPress3\/odile-maskens-psychologue-a-wavre\/","title":{"rendered":"Odile Maskens &#8211; Psychologue \u00e0 Wavre"},"content":{"rendered":"\t\t<div data-elementor-type=\"wp-page\" data-elementor-id=\"2474\" class=\"elementor elementor-2474\" data-elementor-settings=\"[]\">\n\t\t\t\t\t\t<div class=\"elementor-inner\">\n\t\t\t\t\t\t\t<div class=\"elementor-section-wrap\">\n\t\t\t\t\t\t\t<section class=\"elementor-section elementor-top-section elementor-element elementor-element-88f7423 elementor-section-boxed elementor-section-height-default elementor-section-height-default\" data-id=\"88f7423\" data-element_type=\"section\">\n\t\t\t\t\t\t<div class=\"elementor-container elementor-column-gap-default\">\n\t\t\t\t\t\t\t<div class=\"elementor-row\">\n\t\t\t\t\t<div class=\"elementor-column elementor-col-100 elementor-top-column elementor-element elementor-element-4aa8f3c\" data-id=\"4aa8f3c\" data-element_type=\"column\">\n\t\t\t<div class=\"elementor-column-wrap elementor-element-populated\">\n\t\t\t\t\t\t\t<div class=\"elementor-widget-wrap\">\n\t\t\t\t\t\t<div class=\"elementor-element elementor-element-9891fab elementor-widget elementor-widget-heading\" data-id=\"9891fab\" data-element_type=\"widget\" data-widget_type=\"heading.default\">\n\t\t\t\t<div class=\"elementor-widget-container\">\n\t\t\t<h2 class=\"elementor-heading-title elementor-size-default\">Psychologie clinique - Psychoth\u00e9rapie syst\u00e9mique<\/h2>\t\t<\/div>\n\t\t\t\t<\/div>\n\t\t\t\t\t\t<\/div>\n\t\t\t\t\t<\/div>\n\t\t<\/div>\n\t\t\t\t\t\t\t\t<\/div>\n\t\t\t\t\t<\/div>\n\t\t<\/section>\n\t\t\t\t<section class=\"elementor-section elementor-top-section elementor-element elementor-element-ba0ef44 elementor-section-boxed elementor-section-height-default elementor-section-height-default\" data-id=\"ba0ef44\" data-element_type=\"section\">\n\t\t\t\t\t\t<div class=\"elementor-container elementor-column-gap-default\">\n\t\t\t\t\t\t\t<div class=\"elementor-row\">\n\t\t\t\t\t<div class=\"elementor-column elementor-col-50 elementor-top-column elementor-element elementor-element-3c30d78\" data-id=\"3c30d78\" data-element_type=\"column\">\n\t\t\t<div class=\"elementor-column-wrap elementor-element-populated\">\n\t\t\t\t\t\t\t<div class=\"elementor-widget-wrap\">\n\t\t\t\t\t\t<div class=\"elementor-element elementor-element-3912a85 elementor-widget elementor-widget-image\" data-id=\"3912a85\" data-element_type=\"widget\" data-widget_type=\"image.default\">\n\t\t\t\t<div class=\"elementor-widget-container\">\n\t\t\t\t\t<div class=\"elementor-image\">\n\t\t\t\t\t\t\t\t\t\t<img width=\"150\" height=\"150\" src=\"https:\/\/epidaure.org\/WordPress3\/wp-content\/uploads\/2025\/10\/IMG_7767-150x150.jpg\" class=\"attachment-thumbnail size-thumbnail\" alt=\"Odile Maskens psychologue \u00e0 Wavre\" loading=\"lazy\" \/>\t\t\t\t\t\t\t\t\t\t\t<\/div>\n\t\t\t\t<\/div>\n\t\t\t\t<\/div>\n\t\t\t\t\t\t<\/div>\n\t\t\t\t\t<\/div>\n\t\t<\/div>\n\t\t\t\t<div class=\"elementor-column elementor-col-50 elementor-top-column elementor-element elementor-element-2e806b5\" data-id=\"2e806b5\" data-element_type=\"column\">\n\t\t\t<div class=\"elementor-column-wrap elementor-element-populated\">\n\t\t\t\t\t\t\t<div class=\"elementor-widget-wrap\">\n\t\t\t\t\t\t<div class=\"elementor-element elementor-element-753b97c elementor-widget elementor-widget-text-editor\" data-id=\"753b97c\" data-element_type=\"widget\" data-widget_type=\"text-editor.default\">\n\t\t\t\t<div class=\"elementor-widget-container\">\n\t\t\t\t\t<div class=\"elementor-text-editor elementor-clearfix\"><p>Psychologue clinicienne et psychoth\u00e9rapeute syst\u00e9micienne, j\u2019accompagne enfants, adolescents, adultes et personnes \u00e2g\u00e9es dans un cadre bienveillant et adapt\u00e9 \u00e0 chaque situation.<\/p><p>Mon approche repose sur une prise en charge globale, int\u00e9grant des conseils nutritionnels lorsqu\u2019il y a une demande, dans la mesure o\u00f9 cela peut soutenir le mieux-\u00eatre psychique et physique.<\/p><\/div>\n\t\t\t\t<\/div>\n\t\t\t\t<\/div>\n\t\t\t\t\t\t<\/div>\n\t\t\t\t\t<\/div>\n\t\t<\/div>\n\t\t\t\t\t\t\t\t<\/div>\n\t\t\t\t\t<\/div>\n\t\t<\/section>\n\t\t\t\t<section class=\"elementor-section elementor-top-section elementor-element elementor-element-5eac90a elementor-section-boxed elementor-section-height-default elementor-section-height-default\" data-id=\"5eac90a\" data-element_type=\"section\">\n\t\t\t\t\t\t<div class=\"elementor-container elementor-column-gap-default\">\n\t\t\t\t\t\t\t<div class=\"elementor-row\">\n\t\t\t\t\t<div class=\"elementor-column elementor-col-100 elementor-top-column elementor-element elementor-element-984e450\" data-id=\"984e450\" data-element_type=\"column\">\n\t\t\t<div class=\"elementor-column-wrap elementor-element-populated\">\n\t\t\t\t\t\t\t<div class=\"elementor-widget-wrap\">\n\t\t\t\t\t\t<div class=\"elementor-element elementor-element-fff5527 elementor-widget elementor-widget-text-editor\" data-id=\"fff5527\" data-element_type=\"widget\" data-widget_type=\"text-editor.default\">\n\t\t\t\t<div class=\"elementor-widget-container\">\n\t\t\t\t\t<div class=\"elementor-text-editor elementor-clearfix\"><p>En tant que psychologue \u00e0 Wavre (Limal), je propose des <b>suivis individuels, de couple ou familiaux<\/b>, en particulier autour des probl\u00e9matiques complexes :<\/p>\n<ul>\n<li>Transitions de vie et familles recompos\u00e9es,<\/li>\n<li>Maladies chroniques et situations de fin de vie,<\/li>\n<li>Accompagnement du deuil ou de la demande d\u2019euthanasie (tant pour les poches que pour les soignants),<\/li>\n<li>Souffrances li\u00e9es \u00e0 l\u2019\u00e9puisement, \u00e0 la perte de rep\u00e8res ou \u00e0 la qu\u00eate de sens, burn out,<\/li>\n<li>Artistes &amp; gestion du stress.<\/li>\n<\/ul>\n<p>Parall\u00e8lement \u00e0 ma pratique clinique, je suis musicienne et professeure de violon alto et de solf\u00e8ge. Cette sensibilit\u00e9 artistique nourrit ma mani\u00e8re d\u2019accompagner, en ouvrant d\u2019autres voies d\u2019expression et de compr\u00e9hension de soi.<\/p><\/div>\n\t\t\t\t<\/div>\n\t\t\t\t<\/div>\n\t\t\t\t<div class=\"elementor-element elementor-element-498e253 elementor-widget elementor-widget-heading\" data-id=\"498e253\" data-element_type=\"widget\" data-widget_type=\"heading.default\">\n\t\t\t\t<div class=\"elementor-widget-container\">\n\t\t\t<h2 class=\"elementor-heading-title elementor-size-default\">Contact et prise de rendez-vous<\/h2>\t\t<\/div>\n\t\t\t\t<\/div>\n\t\t\t\t<div class=\"elementor-element elementor-element-ec816e8 elementor-widget elementor-widget-text-editor\" data-id=\"ec816e8\" data-element_type=\"widget\" data-widget_type=\"text-editor.default\">\n\t\t\t\t<div class=\"elementor-widget-container\">\n\t\t\t\t\t<div class=\"elementor-text-editor elementor-clearfix\"><ul><li>+32 470 12 06 23<\/li><li><a href=\"mailto:odilemaskens@gmail.com\">odilemaskens@gmail.com<\/a><\/li><\/ul><\/div>\n\t\t\t\t<\/div>\n\t\t\t\t<\/div>\n\t\t\t\t\t\t<\/div>\n\t\t\t\t\t<\/div>\n\t\t<\/div>\n\t\t\t\t\t\t\t\t<\/div>\n\t\t\t\t\t<\/div>\n\t\t<\/section>\n\t\t\t\t\t\t<\/div>\n\t\t\t\t\t\t<\/div>\n\t\t\t\t\t<\/div>\n\t\t","protected":false},"excerpt":{"rendered":"<p>Psychologie clinique &#8211; Psychoth\u00e9rapie syst\u00e9mique Psychologue clinicienne et psychoth\u00e9rapeute syst\u00e9micienne, j\u2019accompagne enfants, adolescents, adultes et personnes \u00e2g\u00e9es dans un cadre bienveillant et adapt\u00e9 \u00e0 chaque situation. Mon approche repose sur une prise en charge globale, int\u00e9grant des conseils nutritionnels lorsqu\u2019il y a une demande, dans la mesure o\u00f9 cela peut soutenir le mieux-\u00eatre psychique et &#8230; <a title=\"Odile Maskens &#8211; Psychologue \u00e0 Wavre\" class=\"read-more\" href=\"https:\/\/epidaure.org\/WordPress3\/odile-maskens-psychologue-a-wavre\/\">Read more<\/a><\/p>\n","protected":false},"author":1,"featured_media":0,"parent":0,"menu_order":0,"comment_status":"closed","ping_status":"closed","template":"","meta":[],"yoast_head":"<!-- This site is optimized with the Yoast SEO plugin v17.3 - https:\/\/yoast.com\/wordpress\/plugins\/seo\/ -->\n<title>Odile Maskens - Psychologue \u00e0 Wavre - EPIDAURE<\/title>\n<meta name=\"description\" content=\"Odile Maskens, psychologue \u00e0 Wavre, vous accueille dans son cabinet au centre m\u00e9dical Epidaure. Contactez-la pour obtenir un rendez-vous.\" \/>\n<meta name=\"robots\" content=\"index, follow, max-snippet:-1, max-image-preview:large, max-video-preview:-1\" \/>\n<link rel=\"canonical\" href=\"https:\/\/epidaure.org\/WordPress3\/odile-maskens-psychologue-a-wavre\/\" \/>\n<meta property=\"og:locale\" content=\"fr_FR\" \/>\n<meta property=\"og:type\" content=\"article\" \/>\n<meta property=\"og:title\" content=\"Odile Maskens - Psychologue \u00e0 Wavre - EPIDAURE\" \/>\n<meta property=\"og:description\" content=\"Odile Maskens, psychologue \u00e0 Wavre, vous accueille dans son cabinet au centre m\u00e9dical Epidaure. Contactez-la pour obtenir un rendez-vous.\" \/>\n<meta property=\"og:url\" content=\"https:\/\/epidaure.org\/WordPress3\/odile-maskens-psychologue-a-wavre\/\" \/>\n<meta property=\"og:site_name\" content=\"EPIDAURE\" \/>\n<meta property=\"article:modified_time\" content=\"2025-10-29T16:18:29+00:00\" \/>\n<meta property=\"og:image\" content=\"https:\/\/epidaure.org\/WordPress3\/wp-content\/uploads\/2025\/10\/IMG_7767-150x150.jpg\" \/>\n<meta name=\"twitter:card\" content=\"summary_large_image\" \/>\n<meta name=\"twitter:label1\" content=\"Dur\u00e9e de lecture estim\u00e9e\" \/>\n\t<meta name=\"twitter:data1\" content=\"1 minute\" \/>\n<script type=\"application\/ld+json\" class=\"yoast-schema-graph\">{\"@context\":\"https:\/\/schema.org\",\"@graph\":[{\"@type\":\"WebSite\",\"@id\":\"https:\/\/epidaure.org\/WordPress3\/#website\",\"url\":\"https:\/\/epidaure.org\/WordPress3\/\",\"name\":\"EPIDAURE\",\"description\":\"Centre de M\\u00e9decine Int\\u00e9grative\",\"potentialAction\":[{\"@type\":\"SearchAction\",\"target\":{\"@type\":\"EntryPoint\",\"urlTemplate\":\"https:\/\/epidaure.org\/WordPress3\/?s={search_term_string}\"},\"query-input\":\"required name=search_term_string\"}],\"inLanguage\":\"fr-FR\"},{\"@type\":\"ImageObject\",\"@id\":\"https:\/\/epidaure.org\/WordPress3\/odile-maskens-psychologue-a-wavre\/#primaryimage\",\"inLanguage\":\"fr-FR\",\"url\":\"https:\/\/epidaure.org\/WordPress3\/wp-content\/uploads\/2025\/10\/IMG_7767.jpg\",\"contentUrl\":\"https:\/\/epidaure.org\/WordPress3\/wp-content\/uploads\/2025\/10\/IMG_7767.jpg\",\"width\":1433,\"height\":2016,\"caption\":\"Odile Maskens psychologue \\u00e0 Wavre\"},{\"@type\":\"WebPage\",\"@id\":\"https:\/\/epidaure.org\/WordPress3\/odile-maskens-psychologue-a-wavre\/#webpage\",\"url\":\"https:\/\/epidaure.org\/WordPress3\/odile-maskens-psychologue-a-wavre\/\",\"name\":\"Odile Maskens - Psychologue \\u00e0 Wavre - EPIDAURE\",\"isPartOf\":{\"@id\":\"https:\/\/epidaure.org\/WordPress3\/#website\"},\"primaryImageOfPage\":{\"@id\":\"https:\/\/epidaure.org\/WordPress3\/odile-maskens-psychologue-a-wavre\/#primaryimage\"},\"datePublished\":\"2021-10-28T11:29:34+00:00\",\"dateModified\":\"2025-10-29T16:18:29+00:00\",\"description\":\"Odile Maskens, psychologue \\u00e0 Wavre, vous accueille dans son cabinet au centre m\\u00e9dical Epidaure. Contactez-la pour obtenir un rendez-vous.\",\"breadcrumb\":{\"@id\":\"https:\/\/epidaure.org\/WordPress3\/odile-maskens-psychologue-a-wavre\/#breadcrumb\"},\"inLanguage\":\"fr-FR\",\"potentialAction\":[{\"@type\":\"ReadAction\",\"target\":[\"https:\/\/epidaure.org\/WordPress3\/odile-maskens-psychologue-a-wavre\/\"]}]},{\"@type\":\"BreadcrumbList\",\"@id\":\"https:\/\/epidaure.org\/WordPress3\/odile-maskens-psychologue-a-wavre\/#breadcrumb\",\"itemListElement\":[{\"@type\":\"ListItem\",\"position\":1,\"name\":\"Accueil\",\"item\":\"https:\/\/epidaure.org\/WordPress3\/\"},{\"@type\":\"ListItem\",\"position\":2,\"name\":\"Odile Maskens &#8211; Psychologue \\u00e0 Wavre\"}]}]}<\/script>\n<!-- \/ Yoast SEO plugin. -->","yoast_head_json":{"title":"Odile Maskens - Psychologue \u00e0 Wavre - EPIDAURE","description":"Odile Maskens, psychologue \u00e0 Wavre, vous accueille dans son cabinet au centre m\u00e9dical Epidaure. Contactez-la pour obtenir un rendez-vous.","robots":{"index":"index","follow":"follow","max-snippet":"max-snippet:-1","max-image-preview":"max-image-preview:large","max-video-preview":"max-video-preview:-1"},"canonical":"https:\/\/epidaure.org\/WordPress3\/odile-maskens-psychologue-a-wavre\/","og_locale":"fr_FR","og_type":"article","og_title":"Odile Maskens - Psychologue \u00e0 Wavre - EPIDAURE","og_description":"Odile Maskens, psychologue \u00e0 Wavre, vous accueille dans son cabinet au centre m\u00e9dical Epidaure. Contactez-la pour obtenir un rendez-vous.","og_url":"https:\/\/epidaure.org\/WordPress3\/odile-maskens-psychologue-a-wavre\/","og_site_name":"EPIDAURE","article_modified_time":"2025-10-29T16:18:29+00:00","og_image":[{"url":"https:\/\/epidaure.org\/WordPress3\/wp-content\/uploads\/2025\/10\/IMG_7767-150x150.jpg"}],"twitter_card":"summary_large_image","twitter_misc":{"Dur\u00e9e de lecture estim\u00e9e":"1 minute"},"schema":{"@context":"https:\/\/schema.org","@graph":[{"@type":"WebSite","@id":"https:\/\/epidaure.org\/WordPress3\/#website","url":"https:\/\/epidaure.org\/WordPress3\/","name":"EPIDAURE","description":"Centre de M\u00e9decine Int\u00e9grative","potentialAction":[{"@type":"SearchAction","target":{"@type":"EntryPoint","urlTemplate":"https:\/\/epidaure.org\/WordPress3\/?s={search_term_string}"},"query-input":"required name=search_term_string"}],"inLanguage":"fr-FR"},{"@type":"ImageObject","@id":"https:\/\/epidaure.org\/WordPress3\/odile-maskens-psychologue-a-wavre\/#primaryimage","inLanguage":"fr-FR","url":"https:\/\/epidaure.org\/WordPress3\/wp-content\/uploads\/2025\/10\/IMG_7767.jpg","contentUrl":"https:\/\/epidaure.org\/WordPress3\/wp-content\/uploads\/2025\/10\/IMG_7767.jpg","width":1433,"height":2016,"caption":"Odile Maskens psychologue \u00e0 Wavre"},{"@type":"WebPage","@id":"https:\/\/epidaure.org\/WordPress3\/odile-maskens-psychologue-a-wavre\/#webpage","url":"https:\/\/epidaure.org\/WordPress3\/odile-maskens-psychologue-a-wavre\/","name":"Odile Maskens - Psychologue \u00e0 Wavre - EPIDAURE","isPartOf":{"@id":"https:\/\/epidaure.org\/WordPress3\/#website"},"primaryImageOfPage":{"@id":"https:\/\/epidaure.org\/WordPress3\/odile-maskens-psychologue-a-wavre\/#primaryimage"},"datePublished":"2021-10-28T11:29:34+00:00","dateModified":"2025-10-29T16:18:29+00:00","description":"Odile Maskens, psychologue \u00e0 Wavre, vous accueille dans son cabinet au centre m\u00e9dical Epidaure. Contactez-la pour obtenir un rendez-vous.","breadcrumb":{"@id":"https:\/\/epidaure.org\/WordPress3\/odile-maskens-psychologue-a-wavre\/#breadcrumb"},"inLanguage":"fr-FR","potentialAction":[{"@type":"ReadAction","target":["https:\/\/epidaure.org\/WordPress3\/odile-maskens-psychologue-a-wavre\/"]}]},{"@type":"BreadcrumbList","@id":"https:\/\/epidaure.org\/WordPress3\/odile-maskens-psychologue-a-wavre\/#breadcrumb","itemListElement":[{"@type":"ListItem","position":1,"name":"Accueil","item":"https:\/\/epidaure.org\/WordPress3\/"},{"@type":"ListItem","position":2,"name":"Odile Maskens &#8211; Psychologue \u00e0 Wavre"}]}]}},"_links":{"self":[{"href":"https:\/\/epidaure.org\/WordPress3\/wp-json\/wp\/v2\/pages\/2474"}],"collection":[{"href":"https:\/\/epidaure.org\/WordPress3\/wp-json\/wp\/v2\/pages"}],"about":[{"href":"https:\/\/epidaure.org\/WordPress3\/wp-json\/wp\/v2\/types\/page"}],"author":[{"embeddable":true,"href":"https:\/\/epidaure.org\/WordPress3\/wp-json\/wp\/v2\/users\/1"}],"replies":[{"embeddable":true,"href":"https:\/\/epidaure.org\/WordPress3\/wp-json\/wp\/v2\/comments?post=2474"}],"version-history":[{"count":55,"href":"https:\/\/epidaure.org\/WordPress3\/wp-json\/wp\/v2\/pages\/2474\/revisions"}],"predecessor-version":[{"id":3484,"href":"https:\/\/epidaure.org\/WordPress3\/wp-json\/wp\/v2\/pages\/2474\/revisions\/3484"}],"wp:attachment":[{"href":"https:\/\/epidaure.org\/WordPress3\/wp-json\/wp\/v2\/media?parent=2474"}],"curies":[{"name":"wp","href":"https:\/\/api.w.org\/{rel}","templated":true}]}}