{"id":2860,"date":"2023-02-22T19:28:54","date_gmt":"2023-02-22T18:28:54","guid":{"rendered":"https:\/\/epidaure.org\/WordPress3\/?page_id=2860"},"modified":"2024-06-13T15:01:06","modified_gmt":"2024-06-13T13:01:06","slug":"dominique-latremoliere-bioresonance-belgique","status":"publish","type":"page","link":"https:\/\/epidaure.org\/WordPress3\/dominique-latremoliere-bioresonance-belgique\/","title":{"rendered":"Dominique Latr\u00e9moli\u00e8re &#8211; Bior\u00e9sonance Belgique"},"content":{"rendered":"\t\t<div data-elementor-type=\"wp-page\" data-elementor-id=\"2860\" class=\"elementor elementor-2860\" data-elementor-settings=\"[]\">\n\t\t\t\t\t\t<div class=\"elementor-inner\">\n\t\t\t\t\t\t\t<div class=\"elementor-section-wrap\">\n\t\t\t\t\t\t\t<section class=\"elementor-section elementor-top-section elementor-element elementor-element-e5e0fbf elementor-section-boxed elementor-section-height-default elementor-section-height-default\" data-id=\"e5e0fbf\" data-element_type=\"section\">\n\t\t\t\t\t\t<div class=\"elementor-container elementor-column-gap-default\">\n\t\t\t\t\t\t\t<div class=\"elementor-row\">\n\t\t\t\t\t<div class=\"elementor-column elementor-col-100 elementor-top-column elementor-element elementor-element-6c394a6\" data-id=\"6c394a6\" data-element_type=\"column\">\n\t\t\t<div class=\"elementor-column-wrap elementor-element-populated\">\n\t\t\t\t\t\t\t<div class=\"elementor-widget-wrap\">\n\t\t\t\t\t\t<div class=\"elementor-element elementor-element-c4f1569 elementor-widget elementor-widget-heading\" data-id=\"c4f1569\" data-element_type=\"widget\" data-widget_type=\"heading.default\">\n\t\t\t\t<div class=\"elementor-widget-container\">\n\t\t\t<h2 class=\"elementor-heading-title elementor-size-default\">Bior\u00e9sonance - Podologie - R\u00e9flexologie<\/h2>\t\t<\/div>\n\t\t\t\t<\/div>\n\t\t\t\t<div class=\"elementor-element elementor-element-1ea431c elementor-widget elementor-widget-spacer\" data-id=\"1ea431c\" data-element_type=\"widget\" data-widget_type=\"spacer.default\">\n\t\t\t\t<div class=\"elementor-widget-container\">\n\t\t\t\t\t<div class=\"elementor-spacer\">\n\t\t\t<div class=\"elementor-spacer-inner\"><\/div>\n\t\t<\/div>\n\t\t\t\t<\/div>\n\t\t\t\t<\/div>\n\t\t\t\t\t\t<\/div>\n\t\t\t\t\t<\/div>\n\t\t<\/div>\n\t\t\t\t\t\t\t\t<\/div>\n\t\t\t\t\t<\/div>\n\t\t<\/section>\n\t\t\t\t<section class=\"elementor-section elementor-top-section elementor-element elementor-element-4f1fe9c elementor-section-boxed elementor-section-height-default elementor-section-height-default\" data-id=\"4f1fe9c\" data-element_type=\"section\">\n\t\t\t\t\t\t<div class=\"elementor-container elementor-column-gap-default\">\n\t\t\t\t\t\t\t<div class=\"elementor-row\">\n\t\t\t\t\t<div class=\"elementor-column elementor-col-33 elementor-top-column elementor-element elementor-element-2eb0a94\" data-id=\"2eb0a94\" data-element_type=\"column\">\n\t\t\t<div class=\"elementor-column-wrap elementor-element-populated\">\n\t\t\t\t\t\t\t<div class=\"elementor-widget-wrap\">\n\t\t\t\t\t\t<div class=\"elementor-element elementor-element-ad97602 elementor-widget elementor-widget-image\" data-id=\"ad97602\" data-element_type=\"widget\" data-widget_type=\"image.default\">\n\t\t\t\t<div class=\"elementor-widget-container\">\n\t\t\t\t\t<div class=\"elementor-image\">\n\t\t\t\t\t\t\t\t\t\t<img width=\"280\" height=\"300\" src=\"https:\/\/epidaure.org\/WordPress3\/wp-content\/uploads\/2024\/06\/Design-sans-titre-e1717674805986-280x300.png\" class=\"attachment-medium size-medium\" alt=\"Dominique Latr\u00e9moli\u00e8re bior\u00e9sonance Belgique\" loading=\"lazy\" srcset=\"https:\/\/epidaure.org\/WordPress3\/wp-content\/uploads\/2024\/06\/Design-sans-titre-e1717674805986-280x300.png 280w, https:\/\/epidaure.org\/WordPress3\/wp-content\/uploads\/2024\/06\/Design-sans-titre-e1717674805986-956x1024.png 956w, https:\/\/epidaure.org\/WordPress3\/wp-content\/uploads\/2024\/06\/Design-sans-titre-e1717674805986-768x823.png 768w, https:\/\/epidaure.org\/WordPress3\/wp-content\/uploads\/2024\/06\/Design-sans-titre-e1717674805986-1434x1536.png 1434w, https:\/\/epidaure.org\/WordPress3\/wp-content\/uploads\/2024\/06\/Design-sans-titre-e1717674805986.png 1587w\" sizes=\"(max-width: 280px) 100vw, 280px\" \/>\t\t\t\t\t\t\t\t\t\t\t<\/div>\n\t\t\t\t<\/div>\n\t\t\t\t<\/div>\n\t\t\t\t\t\t<\/div>\n\t\t\t\t\t<\/div>\n\t\t<\/div>\n\t\t\t\t<div class=\"elementor-column elementor-col-66 elementor-top-column elementor-element elementor-element-b6ec81a\" data-id=\"b6ec81a\" data-element_type=\"column\">\n\t\t\t<div class=\"elementor-column-wrap elementor-element-populated\">\n\t\t\t\t\t\t\t<div class=\"elementor-widget-wrap\">\n\t\t\t\t\t\t<div class=\"elementor-element elementor-element-8f7f98a elementor-widget elementor-widget-text-editor\" data-id=\"8f7f98a\" data-element_type=\"widget\" data-widget_type=\"text-editor.default\">\n\t\t\t\t<div class=\"elementor-widget-container\">\n\t\t\t\t\t<div class=\"elementor-text-editor elementor-clearfix\"><p><span style=\"font-weight: 400;\">Dominique Latr\u00e9moli\u00e8re est podologue et r\u00e9flexologue de formation avec de nombreuses ann\u00e9es de pratique entre la Belgique et la France.\u00a0<\/span><span style=\"color: var( --e-global-color-text );\">Elle pratique aujourd\u2019hui la Bior\u00e9sonance en Belgique au centre m\u00e9dical Epidaure.\u00a0<\/span><\/p><h3><strong>Qu\u2019est-ce que la bior\u00e9sonance?<\/strong><\/h3><p>La\u00a0<a href=\"https:\/\/santevie.ch\/blogs\/infos\/systeme-nls-une-approche-novatrice-pour-effectuer-un-bilan-des-terrains\">bior\u00e9sonance NLS<\/a>\u00a0(Non-Linear System) se base sur le principe de r\u00e9sonance en physique et est un appareil quantique qui analyse les terrains de l\u2019organisme. En observant les fr\u00e9quences \u00e9mises par le corps, l\u2019appareil de bior\u00e9sonance permet de visualiser, d\u2019analyser et de r\u00e9informer le corps. C\u2019est avant tout une\u00a0<b>pratique pr\u00e9ventive et informationnelle<\/b>\u00a0qui permet de retrouver un \u00e9quilibre vibratoire.<\/p><\/div>\n\t\t\t\t<\/div>\n\t\t\t\t<\/div>\n\t\t\t\t\t\t<\/div>\n\t\t\t\t\t<\/div>\n\t\t<\/div>\n\t\t\t\t\t\t\t\t<\/div>\n\t\t\t\t\t<\/div>\n\t\t<\/section>\n\t\t\t\t<section class=\"elementor-section elementor-top-section elementor-element elementor-element-530ab31 elementor-section-boxed elementor-section-height-default elementor-section-height-default\" data-id=\"530ab31\" data-element_type=\"section\">\n\t\t\t\t\t\t<div class=\"elementor-container elementor-column-gap-default\">\n\t\t\t\t\t\t\t<div class=\"elementor-row\">\n\t\t\t\t\t<div class=\"elementor-column elementor-col-100 elementor-top-column elementor-element elementor-element-d05d796\" data-id=\"d05d796\" data-element_type=\"column\">\n\t\t\t<div class=\"elementor-column-wrap elementor-element-populated\">\n\t\t\t\t\t\t\t<div class=\"elementor-widget-wrap\">\n\t\t\t\t\t\t<div class=\"elementor-element elementor-element-cfa128c elementor-widget elementor-widget-text-editor\" data-id=\"cfa128c\" data-element_type=\"widget\" data-widget_type=\"text-editor.default\">\n\t\t\t\t<div class=\"elementor-widget-container\">\n\t\t\t\t\t<div class=\"elementor-text-editor elementor-clearfix\"><div>\n<p><span style=\"font-weight: 400;\">Cet appareil a \u00e9t\u00e9 cr\u00e9\u00e9 d\u2019apr\u00e8s les recherches de scientifiques russes, qui ont d\u00e9velopp\u00e9 un syst\u00e8me d\u2019analyse et d\u2019investigation unique. Il permet de <\/span><b>mesurer, suivre et corriger les caract\u00e9ristiques fr\u00e9quentielles des organes, des tissus et des cellules<\/b><span style=\"font-weight: 400;\">. Les praticiens Biospect re\u00e7oivent une formation avanc\u00e9e en r\u00e9information quantique.<\/span><\/p>\n<p><span style=\"font-weight: 400;\">La bior\u00e9sonance vous permet, entre autres, de r\u00e9aliser :<\/span><\/p>\n<ul>\n<li style=\"font-weight: 400;\" aria-level=\"1\"><span style=\"font-weight: 400;\">Un <\/span><b>bilan des organes et des tissus<\/b><span style=\"font-weight: 400;\">,<\/span><\/li>\n<li style=\"font-weight: 400;\" aria-level=\"1\"><span style=\"font-weight: 400;\">Une mise en perspective des<\/span><b> terrains en dysharmonie<\/b><span style=\"font-weight: 400;\">,<\/span><\/li>\n<li style=\"font-weight: 400;\" aria-level=\"1\"><span style=\"font-weight: 400;\">Une <\/span><b>r\u00e9harmonisation par bior\u00e9sonance<\/b><span style=\"font-weight: 400;\">: en envoyant des fr\u00e9quences \u00e9lectromagn\u00e9tiques correctrices des terrains en faiblesse, elle nettoie les informations \u00e9lectromagn\u00e9tiques signalant la pr\u00e9sence de micro-organismes pathog\u00e8nes,<\/span><\/li>\n<li style=\"font-weight: 400;\" aria-level=\"1\"><span style=\"font-weight: 400;\">L\u2019<\/span><b>\u00e9valuation des produits correcteurs<\/b><span style=\"font-weight: 400;\">: par ce syst\u00e8me d\u2019analyse, sont mises en perspectives les solutions les plus pertinentes pour cette s\u00e9ance: hom\u00e9opathie, phytoth\u00e9rapie, vitamines, min\u00e9raux, fleurs de Bach, mises en r\u00e9sonance par l\u2019appareil, etc.<\/span><\/li>\n<\/ul>\n<p><span style=\"font-weight: 400;\">Le <\/span><a href=\"https:\/\/santevie.ch\/pages\/biospect\"><span style=\"font-weight: 400;\">Biospect<\/span><\/a><span style=\"font-weight: 400;\"> n\u2019est pas un appareil m\u00e9dical, mais un appareil d\u2019<\/span><b>analyse et de r\u00e9information des fr\u00e9quences \u00e9lectromagn\u00e9tiques<\/b> <b>de<\/b> <b>l\u2019organisme<\/b><span style=\"font-weight: 400;\">. Il ne remplace en aucun cas un diagnostic ni un traitement m\u00e9dical.<\/span><\/p>\n<h3><strong>Comment se d\u00e9roule une s\u00e9ance?<\/strong><\/h3>\n<p><span style=\"font-weight: 400;\">Une s\u00e9ance de bior\u00e9sonance commence toujours par un entretien sur votre \u00e9tat de sant\u00e9 et vos besoins. Pendant la s\u00e9ance, vous aurez un casque sur les oreilles, connect\u00e9 \u00e0 l\u2019appareil de Bior\u00e9sonance NLS pour proc\u00e9der au bilan.&nbsp;<\/span><\/p>\n<p><span style=\"font-weight: 400;\">Une fois les premi\u00e8res analyses effectu\u00e9es, vous pourrez \u00e9changer des r\u00e9sultats et identifier ensemble les solutions pour corriger les d\u00e9s\u00e9quilibres. Dominique vous propose ensuite des pistes adapt\u00e9es \u00e0 votre terrain pour am\u00e9liorer votre \u00e9tat \u00e9nerg\u00e9tique.<\/span><\/p>\n<p><span style=\"font-weight: 400;\">Nous recommandons d\u2019effectuer plusieurs s\u00e9ances (au moins 3) pour effectuer un suivi des \u00e9volutions et approfondir l\u2019analyse.&nbsp;<\/span><\/p>\n<h3><strong>Qui suis-je?<\/strong><\/h3>\n<p><span style=\"font-weight: 400;\">Podologue et r\u00e9flexologue de formation, je suis form\u00e9e en <\/span><b>hom\u00e9opathie informationnelle<\/b><span style=\"font-weight: 400;\"> par le <\/span><a href=\"https:\/\/bio-resonance.eu\/mesurez-mieux-inthavong-somchay\/\"><span style=\"font-weight: 400;\">Dr Somchay Inthavong<\/span><\/a><span style=\"font-weight: 400;\"> \u00e0 Gen\u00e8ve. Je dispose aussi d\u2019une formation en <\/span><b>\u00e9nerg\u00e9tique traditionnelle chinoise<\/b><span style=\"font-weight: 400;\">.<\/span><\/p>\n<p><span style=\"font-weight: 400;\">Je vous propose des s\u00e9ances de Bior\u00e9sonance en Belgique pour vous aider \u00e0 maintenir votre corps en bonne sant\u00e9 et d\u2019accompagner les probl\u00e8mes de sant\u00e9 par cette m\u00e9thode. Les s\u00e9ances peuvent \u00e9galement se faire \u00e0 distance.<\/span><\/p>\n<\/div><\/div>\n\t\t\t\t<\/div>\n\t\t\t\t<\/div>\n\t\t\t\t<div class=\"elementor-element elementor-element-4ca62a9 elementor-widget elementor-widget-text-editor\" data-id=\"4ca62a9\" data-element_type=\"widget\" data-widget_type=\"text-editor.default\">\n\t\t\t\t<div class=\"elementor-widget-container\">\n\t\t\t\t\t<div class=\"elementor-text-editor elementor-clearfix\"><div><h2 class=\"elementor-heading-title elementor-size-default elementor-inline-editing pen\" style=\"font-family: var( --e-global-typography-primary-font-family ), Sans-serif; font-style: normal; font-weight: var( --e-global-typography-primary-font-weight ); color: var( --e-global-color-primary );\" data-elementor-setting-key=\"title\" data-pen-placeholder=\"\u00c9crivez ici...\">Contact et rendez-vous<\/h2><div>\u00a0<\/div><\/div><ul><li>Tel\/WhatsApp :\u00a0 <strong>+33 616 678 048 <\/strong><\/li><li>Email : <a href=\"mailto:latremoliere.dominique@gmail.com\">latremoliere.dominique@gmail.com<\/a><\/li><\/ul><\/div>\n\t\t\t\t<\/div>\n\t\t\t\t<\/div>\n\t\t\t\t\t\t<\/div>\n\t\t\t\t\t<\/div>\n\t\t<\/div>\n\t\t\t\t\t\t\t\t<\/div>\n\t\t\t\t\t<\/div>\n\t\t<\/section>\n\t\t\t\t\t\t<\/div>\n\t\t\t\t\t\t<\/div>\n\t\t\t\t\t<\/div>\n\t\t","protected":false},"excerpt":{"rendered":"<p>Bior\u00e9sonance &#8211; Podologie &#8211; R\u00e9flexologie Dominique Latr\u00e9moli\u00e8re est podologue et r\u00e9flexologue de formation avec de nombreuses ann\u00e9es de pratique entre la Belgique et la France.\u00a0Elle pratique aujourd\u2019hui la Bior\u00e9sonance en Belgique au centre m\u00e9dical Epidaure.\u00a0 Qu\u2019est-ce que la bior\u00e9sonance? La\u00a0bior\u00e9sonance NLS\u00a0(Non-Linear System) se base sur le principe de r\u00e9sonance en physique et est un appareil &#8230; <a title=\"Dominique Latr\u00e9moli\u00e8re &#8211; Bior\u00e9sonance Belgique\" class=\"read-more\" href=\"https:\/\/epidaure.org\/WordPress3\/dominique-latremoliere-bioresonance-belgique\/\">Read more<\/a><\/p>\n","protected":false},"author":1,"featured_media":0,"parent":0,"menu_order":0,"comment_status":"closed","ping_status":"closed","template":"","meta":[],"yoast_head":"<!-- This site is optimized with the Yoast SEO plugin v17.3 - https:\/\/yoast.com\/wordpress\/plugins\/seo\/ -->\n<title>Bior\u00e9sonance Belgique : Dominique Latr\u00e9moli\u00e8re - Centre Epidaure<\/title>\n<meta name=\"description\" content=\"Podologue et r\u00e9flexologue, Dominique Latr\u00e9moli\u00e8re vous accueille \u00e0 Epidaure pour ses consultations de bior\u00e9sonance en Belgique, \u00e0 Wavre.\" \/>\n<meta name=\"robots\" content=\"index, follow, max-snippet:-1, max-image-preview:large, max-video-preview:-1\" \/>\n<link rel=\"canonical\" href=\"https:\/\/epidaure.org\/WordPress3\/dominique-latremoliere-bioresonance-belgique\/\" \/>\n<meta property=\"og:locale\" content=\"fr_FR\" \/>\n<meta property=\"og:type\" content=\"article\" \/>\n<meta property=\"og:title\" content=\"Bior\u00e9sonance Belgique : Dominique Latr\u00e9moli\u00e8re - Centre Epidaure\" \/>\n<meta property=\"og:description\" content=\"Podologue et r\u00e9flexologue, Dominique Latr\u00e9moli\u00e8re vous accueille \u00e0 Epidaure pour ses consultations de bior\u00e9sonance en Belgique, \u00e0 Wavre.\" \/>\n<meta property=\"og:url\" content=\"https:\/\/epidaure.org\/WordPress3\/dominique-latremoliere-bioresonance-belgique\/\" \/>\n<meta property=\"og:site_name\" content=\"EPIDAURE\" \/>\n<meta property=\"article:modified_time\" content=\"2024-06-13T13:01:06+00:00\" \/>\n<meta property=\"og:image\" content=\"https:\/\/epidaure.org\/WordPress3\/wp-content\/uploads\/2024\/06\/Design-sans-titre-e1717674805986-280x300.png\" \/>\n<meta name=\"twitter:card\" content=\"summary_large_image\" \/>\n<meta name=\"twitter:label1\" content=\"Dur\u00e9e de lecture estim\u00e9e\" \/>\n\t<meta name=\"twitter:data1\" content=\"3 minutes\" \/>\n<script type=\"application\/ld+json\" class=\"yoast-schema-graph\">{\"@context\":\"https:\/\/schema.org\",\"@graph\":[{\"@type\":\"WebSite\",\"@id\":\"https:\/\/epidaure.org\/WordPress3\/#website\",\"url\":\"https:\/\/epidaure.org\/WordPress3\/\",\"name\":\"EPIDAURE\",\"description\":\"Centre de M\\u00e9decine Int\\u00e9grative\",\"potentialAction\":[{\"@type\":\"SearchAction\",\"target\":{\"@type\":\"EntryPoint\",\"urlTemplate\":\"https:\/\/epidaure.org\/WordPress3\/?s={search_term_string}\"},\"query-input\":\"required name=search_term_string\"}],\"inLanguage\":\"fr-FR\"},{\"@type\":\"ImageObject\",\"@id\":\"https:\/\/epidaure.org\/WordPress3\/dominique-latremoliere-bioresonance-belgique\/#primaryimage\",\"inLanguage\":\"fr-FR\",\"url\":\"https:\/\/epidaure.org\/WordPress3\/wp-content\/uploads\/2024\/06\/Design-sans-titre-e1717674805986.png\",\"contentUrl\":\"https:\/\/epidaure.org\/WordPress3\/wp-content\/uploads\/2024\/06\/Design-sans-titre-e1717674805986.png\",\"width\":1587,\"height\":1700,\"caption\":\"Dominique Latr\\u00e9moli\\u00e8re bior\\u00e9sonance Belgique\"},{\"@type\":\"WebPage\",\"@id\":\"https:\/\/epidaure.org\/WordPress3\/dominique-latremoliere-bioresonance-belgique\/#webpage\",\"url\":\"https:\/\/epidaure.org\/WordPress3\/dominique-latremoliere-bioresonance-belgique\/\",\"name\":\"Bior\\u00e9sonance Belgique : Dominique Latr\\u00e9moli\\u00e8re - Centre Epidaure\",\"isPartOf\":{\"@id\":\"https:\/\/epidaure.org\/WordPress3\/#website\"},\"primaryImageOfPage\":{\"@id\":\"https:\/\/epidaure.org\/WordPress3\/dominique-latremoliere-bioresonance-belgique\/#primaryimage\"},\"datePublished\":\"2023-02-22T18:28:54+00:00\",\"dateModified\":\"2024-06-13T13:01:06+00:00\",\"description\":\"Podologue et r\\u00e9flexologue, Dominique Latr\\u00e9moli\\u00e8re vous accueille \\u00e0 Epidaure pour ses consultations de bior\\u00e9sonance en Belgique, \\u00e0 Wavre.\",\"breadcrumb\":{\"@id\":\"https:\/\/epidaure.org\/WordPress3\/dominique-latremoliere-bioresonance-belgique\/#breadcrumb\"},\"inLanguage\":\"fr-FR\",\"potentialAction\":[{\"@type\":\"ReadAction\",\"target\":[\"https:\/\/epidaure.org\/WordPress3\/dominique-latremoliere-bioresonance-belgique\/\"]}]},{\"@type\":\"BreadcrumbList\",\"@id\":\"https:\/\/epidaure.org\/WordPress3\/dominique-latremoliere-bioresonance-belgique\/#breadcrumb\",\"itemListElement\":[{\"@type\":\"ListItem\",\"position\":1,\"name\":\"Accueil\",\"item\":\"https:\/\/epidaure.org\/WordPress3\/\"},{\"@type\":\"ListItem\",\"position\":2,\"name\":\"Dominique Latr\\u00e9moli\\u00e8re &#8211; Bior\\u00e9sonance Belgique\"}]}]}<\/script>\n<!-- \/ Yoast SEO plugin. -->","yoast_head_json":{"title":"Bior\u00e9sonance Belgique : Dominique Latr\u00e9moli\u00e8re - Centre Epidaure","description":"Podologue et r\u00e9flexologue, Dominique Latr\u00e9moli\u00e8re vous accueille \u00e0 Epidaure pour ses consultations de bior\u00e9sonance en Belgique, \u00e0 Wavre.","robots":{"index":"index","follow":"follow","max-snippet":"max-snippet:-1","max-image-preview":"max-image-preview:large","max-video-preview":"max-video-preview:-1"},"canonical":"https:\/\/epidaure.org\/WordPress3\/dominique-latremoliere-bioresonance-belgique\/","og_locale":"fr_FR","og_type":"article","og_title":"Bior\u00e9sonance Belgique : Dominique Latr\u00e9moli\u00e8re - Centre Epidaure","og_description":"Podologue et r\u00e9flexologue, Dominique Latr\u00e9moli\u00e8re vous accueille \u00e0 Epidaure pour ses consultations de bior\u00e9sonance en Belgique, \u00e0 Wavre.","og_url":"https:\/\/epidaure.org\/WordPress3\/dominique-latremoliere-bioresonance-belgique\/","og_site_name":"EPIDAURE","article_modified_time":"2024-06-13T13:01:06+00:00","og_image":[{"url":"https:\/\/epidaure.org\/WordPress3\/wp-content\/uploads\/2024\/06\/Design-sans-titre-e1717674805986-280x300.png"}],"twitter_card":"summary_large_image","twitter_misc":{"Dur\u00e9e de lecture estim\u00e9e":"3 minutes"},"schema":{"@context":"https:\/\/schema.org","@graph":[{"@type":"WebSite","@id":"https:\/\/epidaure.org\/WordPress3\/#website","url":"https:\/\/epidaure.org\/WordPress3\/","name":"EPIDAURE","description":"Centre de M\u00e9decine Int\u00e9grative","potentialAction":[{"@type":"SearchAction","target":{"@type":"EntryPoint","urlTemplate":"https:\/\/epidaure.org\/WordPress3\/?s={search_term_string}"},"query-input":"required name=search_term_string"}],"inLanguage":"fr-FR"},{"@type":"ImageObject","@id":"https:\/\/epidaure.org\/WordPress3\/dominique-latremoliere-bioresonance-belgique\/#primaryimage","inLanguage":"fr-FR","url":"https:\/\/epidaure.org\/WordPress3\/wp-content\/uploads\/2024\/06\/Design-sans-titre-e1717674805986.png","contentUrl":"https:\/\/epidaure.org\/WordPress3\/wp-content\/uploads\/2024\/06\/Design-sans-titre-e1717674805986.png","width":1587,"height":1700,"caption":"Dominique Latr\u00e9moli\u00e8re bior\u00e9sonance Belgique"},{"@type":"WebPage","@id":"https:\/\/epidaure.org\/WordPress3\/dominique-latremoliere-bioresonance-belgique\/#webpage","url":"https:\/\/epidaure.org\/WordPress3\/dominique-latremoliere-bioresonance-belgique\/","name":"Bior\u00e9sonance Belgique : Dominique Latr\u00e9moli\u00e8re - Centre Epidaure","isPartOf":{"@id":"https:\/\/epidaure.org\/WordPress3\/#website"},"primaryImageOfPage":{"@id":"https:\/\/epidaure.org\/WordPress3\/dominique-latremoliere-bioresonance-belgique\/#primaryimage"},"datePublished":"2023-02-22T18:28:54+00:00","dateModified":"2024-06-13T13:01:06+00:00","description":"Podologue et r\u00e9flexologue, Dominique Latr\u00e9moli\u00e8re vous accueille \u00e0 Epidaure pour ses consultations de bior\u00e9sonance en Belgique, \u00e0 Wavre.","breadcrumb":{"@id":"https:\/\/epidaure.org\/WordPress3\/dominique-latremoliere-bioresonance-belgique\/#breadcrumb"},"inLanguage":"fr-FR","potentialAction":[{"@type":"ReadAction","target":["https:\/\/epidaure.org\/WordPress3\/dominique-latremoliere-bioresonance-belgique\/"]}]},{"@type":"BreadcrumbList","@id":"https:\/\/epidaure.org\/WordPress3\/dominique-latremoliere-bioresonance-belgique\/#breadcrumb","itemListElement":[{"@type":"ListItem","position":1,"name":"Accueil","item":"https:\/\/epidaure.org\/WordPress3\/"},{"@type":"ListItem","position":2,"name":"Dominique Latr\u00e9moli\u00e8re &#8211; Bior\u00e9sonance Belgique"}]}]}},"_links":{"self":[{"href":"https:\/\/epidaure.org\/WordPress3\/wp-json\/wp\/v2\/pages\/2860"}],"collection":[{"href":"https:\/\/epidaure.org\/WordPress3\/wp-json\/wp\/v2\/pages"}],"about":[{"href":"https:\/\/epidaure.org\/WordPress3\/wp-json\/wp\/v2\/types\/page"}],"author":[{"embeddable":true,"href":"https:\/\/epidaure.org\/WordPress3\/wp-json\/wp\/v2\/users\/1"}],"replies":[{"embeddable":true,"href":"https:\/\/epidaure.org\/WordPress3\/wp-json\/wp\/v2\/comments?post=2860"}],"version-history":[{"count":56,"href":"https:\/\/epidaure.org\/WordPress3\/wp-json\/wp\/v2\/pages\/2860\/revisions"}],"predecessor-version":[{"id":3290,"href":"https:\/\/epidaure.org\/WordPress3\/wp-json\/wp\/v2\/pages\/2860\/revisions\/3290"}],"wp:attachment":[{"href":"https:\/\/epidaure.org\/WordPress3\/wp-json\/wp\/v2\/media?parent=2860"}],"curies":[{"name":"wp","href":"https:\/\/api.w.org\/{rel}","templated":true}]}}