{"id":3154,"date":"2024-01-24T22:36:23","date_gmt":"2024-01-24T21:36:23","guid":{"rendered":"https:\/\/epidaure.org\/WordPress3\/?page_id=3154"},"modified":"2024-02-21T19:16:14","modified_gmt":"2024-02-21T18:16:14","slug":"medecin-acupuncteur","status":"publish","type":"page","link":"https:\/\/epidaure.org\/WordPress3\/medecin-acupuncteur\/","title":{"rendered":"Dr Sophie le Jeune d&rsquo;All &#8211; M\u00e9decin acupunctrice"},"content":{"rendered":"\t\t<div data-elementor-type=\"wp-page\" data-elementor-id=\"3154\" class=\"elementor elementor-3154\" data-elementor-settings=\"[]\">\n\t\t\t\t\t\t<div class=\"elementor-inner\">\n\t\t\t\t\t\t\t<div class=\"elementor-section-wrap\">\n\t\t\t\t\t\t\t<section class=\"elementor-section elementor-top-section elementor-element elementor-element-88f7423 elementor-section-boxed elementor-section-height-default elementor-section-height-default\" data-id=\"88f7423\" data-element_type=\"section\">\n\t\t\t\t\t\t<div class=\"elementor-container elementor-column-gap-default\">\n\t\t\t\t\t\t\t<div class=\"elementor-row\">\n\t\t\t\t\t<div class=\"elementor-column elementor-col-100 elementor-top-column elementor-element elementor-element-4aa8f3c\" data-id=\"4aa8f3c\" data-element_type=\"column\">\n\t\t\t<div class=\"elementor-column-wrap elementor-element-populated\">\n\t\t\t\t\t\t\t<div class=\"elementor-widget-wrap\">\n\t\t\t\t\t\t<div class=\"elementor-element elementor-element-9891fab elementor-widget elementor-widget-heading\" data-id=\"9891fab\" data-element_type=\"widget\" data-widget_type=\"heading.default\">\n\t\t\t\t<div class=\"elementor-widget-container\">\n\t\t\t<h2 class=\"elementor-heading-title elementor-size-default\">M\u00e9decine - Acupuncture<\/h2>\t\t<\/div>\n\t\t\t\t<\/div>\n\t\t\t\t<div class=\"elementor-element elementor-element-c623ce1 elementor-widget elementor-widget-spacer\" data-id=\"c623ce1\" data-element_type=\"widget\" data-widget_type=\"spacer.default\">\n\t\t\t\t<div class=\"elementor-widget-container\">\n\t\t\t\t\t<div class=\"elementor-spacer\">\n\t\t\t<div class=\"elementor-spacer-inner\"><\/div>\n\t\t<\/div>\n\t\t\t\t<\/div>\n\t\t\t\t<\/div>\n\t\t\t\t\t\t<\/div>\n\t\t\t\t\t<\/div>\n\t\t<\/div>\n\t\t\t\t\t\t\t\t<\/div>\n\t\t\t\t\t<\/div>\n\t\t<\/section>\n\t\t\t\t<section class=\"elementor-section elementor-top-section elementor-element elementor-element-ba0ef44 elementor-section-boxed elementor-section-height-default elementor-section-height-default\" data-id=\"ba0ef44\" data-element_type=\"section\">\n\t\t\t\t\t\t<div class=\"elementor-container elementor-column-gap-narrow\">\n\t\t\t\t\t\t\t<div class=\"elementor-row\">\n\t\t\t\t\t<div class=\"elementor-column elementor-col-50 elementor-top-column elementor-element elementor-element-3c30d78\" data-id=\"3c30d78\" data-element_type=\"column\">\n\t\t\t<div class=\"elementor-column-wrap elementor-element-populated\">\n\t\t\t\t\t\t\t<div class=\"elementor-widget-wrap\">\n\t\t\t\t\t\t<div class=\"elementor-element elementor-element-3912a85 elementor-widget elementor-widget-image\" data-id=\"3912a85\" data-element_type=\"widget\" data-widget_type=\"image.default\">\n\t\t\t\t<div class=\"elementor-widget-container\">\n\t\t\t\t\t<div class=\"elementor-image\">\n\t\t\t\t\t\t\t\t\t\t<img width=\"150\" height=\"150\" src=\"https:\/\/epidaure.org\/WordPress3\/wp-content\/uploads\/2024\/02\/IMG-20240110-WA0000-150x150.jpg\" class=\"attachment-thumbnail size-thumbnail\" alt=\"sophie lejeune medecin acupuncteur\" loading=\"lazy\" \/>\t\t\t\t\t\t\t\t\t\t\t<\/div>\n\t\t\t\t<\/div>\n\t\t\t\t<\/div>\n\t\t\t\t\t\t<\/div>\n\t\t\t\t\t<\/div>\n\t\t<\/div>\n\t\t\t\t<div class=\"elementor-column elementor-col-50 elementor-top-column elementor-element elementor-element-2e806b5\" data-id=\"2e806b5\" data-element_type=\"column\">\n\t\t\t<div class=\"elementor-column-wrap elementor-element-populated\">\n\t\t\t\t\t\t\t<div class=\"elementor-widget-wrap\">\n\t\t\t\t\t\t<div class=\"elementor-element elementor-element-753b97c elementor-widget elementor-widget-text-editor\" data-id=\"753b97c\" data-element_type=\"widget\" data-widget_type=\"text-editor.default\">\n\t\t\t\t<div class=\"elementor-widget-container\">\n\t\t\t\t\t<div class=\"elementor-text-editor elementor-clearfix\"><p><span style=\"color: var( --e-global-color-text ); font-family: var( --e-global-typography-text-font-family ), Sans-serif; font-weight: var( --e-global-typography-text-font-weight ); font-size: 17px;\">Dermatologue de formation depuis 30 ans, je me passionne depuis toujours pour l\u2019humain dans sa globalit\u00e9. J\u2019ai ainsi depuis une quinzaine d\u2019ann\u00e9es \u00e9largi mes connaissances \u00e0 d\u2019autres formations m\u00e9dicales qui m\u2019ont amen\u00e9e \u00e0 appr\u00e9hender la maladie dans un contexte plus large. Je pratique aujourd&rsquo;hui en tant que m\u00e9decin acupuncteur \u00e0 Wavre, au Centre Epidaure.<\/span><\/p><\/div>\n\t\t\t\t<\/div>\n\t\t\t\t<\/div>\n\t\t\t\t\t\t<\/div>\n\t\t\t\t\t<\/div>\n\t\t<\/div>\n\t\t\t\t\t\t\t\t<\/div>\n\t\t\t\t\t<\/div>\n\t\t<\/section>\n\t\t\t\t<section class=\"elementor-section elementor-top-section elementor-element elementor-element-a55a6fb elementor-section-boxed elementor-section-height-default elementor-section-height-default\" data-id=\"a55a6fb\" data-element_type=\"section\">\n\t\t\t\t\t\t<div class=\"elementor-container elementor-column-gap-default\">\n\t\t\t\t\t\t\t<div class=\"elementor-row\">\n\t\t\t\t\t<div class=\"elementor-column elementor-col-100 elementor-top-column elementor-element elementor-element-b912b03\" data-id=\"b912b03\" data-element_type=\"column\">\n\t\t\t<div class=\"elementor-column-wrap elementor-element-populated\">\n\t\t\t\t\t\t\t<div class=\"elementor-widget-wrap\">\n\t\t\t\t\t\t<div class=\"elementor-element elementor-element-7627389 elementor-widget elementor-widget-heading\" data-id=\"7627389\" data-element_type=\"widget\" data-widget_type=\"heading.default\">\n\t\t\t\t<div class=\"elementor-widget-container\">\n\t\t\t<h3 class=\"elementor-heading-title elementor-size-default\">Qui suis-je ?<\/h3>\t\t<\/div>\n\t\t\t\t<\/div>\n\t\t\t\t<div class=\"elementor-element elementor-element-b0bb375 elementor-widget elementor-widget-text-editor\" data-id=\"b0bb375\" data-element_type=\"widget\" data-widget_type=\"text-editor.default\">\n\t\t\t\t<div class=\"elementor-widget-container\">\n\t\t\t\t\t<div class=\"elementor-text-editor elementor-clearfix\"><div><span style=\"color: var( --e-global-color-text ); font-family: var( --e-global-typography-text-font-family ), Sans-serif; font-weight: var( --e-global-typography-text-font-weight );\">Apr\u00e8s l\u2019\u00e9tude de la\u00a0<\/span><span style=\"color: var( --e-global-color-text ); font-family: var( --e-global-typography-text-font-family ), Sans-serif;\"><span style=\"font-weight: bold;\">psychosomatique<\/span><\/span><span style=\"color: var( --e-global-color-text ); font-family: var( --e-global-typography-text-font-family ), Sans-serif; font-weight: var( --e-global-typography-text-font-weight );\">\u00a0et de\u00a0<\/span><span style=\"color: var( --e-global-color-text ); font-family: var( --e-global-typography-text-font-family ), Sans-serif;\"><span style=\"font-weight: bold;\">l\u2019hypnose<\/span><\/span><span style=\"color: var( --e-global-color-text ); font-family: var( --e-global-typography-text-font-family ), Sans-serif; font-weight: var( --e-global-typography-text-font-weight );\">\u00a0(que je pratique encore de mani\u00e8re\u00a0<\/span>conversationnelle et par des m\u00e9taphores) j\u2019ai d\u00e9couvert il y a 6 ans\u00a0<a href=\"https:\/\/www.acupuncture.be\/auriculotherapie\/\">l\u2019auriculoth\u00e9rapie<\/a>\u00a0et\u00a0<span style=\"font-weight: bold;\">l\u2019acupuncture<\/span>\u00a0avec sa dimension \u00e9nerg\u00e9tique gr\u00e2ce \u00e0 l\u2019enseignement de Nadia Volf \u00e0 Paris. Le diagnostic auriculaire causal est un examen attentif de l\u2019oreille qui permet d\u2019int\u00e9grer le sympt\u00f4me dans l\u2019histoire du patient et de choisir une strat\u00e9gie th\u00e9rapeutique adapt\u00e9e (choix des points d\u2019acupuncture).<\/div><div>\u00a0<\/div><div>Ces diff\u00e9rentes approches ont enrichi mes connaissances et ma pratique par leur apprentissage. Ma pratique s\u2019inscrit donc pleinement dans le cadre d\u2019une\u00a0<span style=\"font-weight: bold;\">m\u00e9decine globale et int\u00e9grative<\/span>\u00a0qui prend en compte les dimensions physiques, mais aussi \u00e9motionnelles et spirituelles de chacun. Elle comprend le sympt\u00f4me comme le r\u00e9sultat d\u2019un dysfonctionnement impliquant un ou plusieurs syst\u00e8mes qui composent le corps. Dans le corps tout est en lien.<\/div><div>\u00a0<\/div><div>Aborder le sympt\u00f4me dans son contexte de survenue est passionnant. Il permet souvent au patient de l\u2018int\u00e9grer dans son histoire, de lui donner du sens et de reprendre pleinement son r\u00f4le d\u2019acteur de sa gu\u00e9rison.<\/div><\/div>\n\t\t\t\t<\/div>\n\t\t\t\t<\/div>\n\t\t\t\t\t\t<\/div>\n\t\t\t\t\t<\/div>\n\t\t<\/div>\n\t\t\t\t\t\t\t\t<\/div>\n\t\t\t\t\t<\/div>\n\t\t<\/section>\n\t\t\t\t<section class=\"elementor-section elementor-top-section elementor-element elementor-element-34f45c2 elementor-section-boxed elementor-section-height-default elementor-section-height-default\" data-id=\"34f45c2\" data-element_type=\"section\">\n\t\t\t\t\t\t<div class=\"elementor-container elementor-column-gap-default\">\n\t\t\t\t\t\t\t<div class=\"elementor-row\">\n\t\t\t\t\t<div class=\"elementor-column elementor-col-100 elementor-top-column elementor-element elementor-element-563d026\" data-id=\"563d026\" data-element_type=\"column\">\n\t\t\t<div class=\"elementor-column-wrap elementor-element-populated\">\n\t\t\t\t\t\t\t<div class=\"elementor-widget-wrap\">\n\t\t\t\t\t\t<div class=\"elementor-element elementor-element-eaec83c elementor-widget elementor-widget-accordion\" data-id=\"eaec83c\" data-element_type=\"widget\" data-widget_type=\"accordion.default\">\n\t\t\t\t<div class=\"elementor-widget-container\">\n\t\t\t\t\t<div class=\"elementor-accordion\" role=\"tablist\">\n\t\t\t\t\t\t\t<div class=\"elementor-accordion-item\">\n\t\t\t\t\t<div id=\"elementor-tab-title-2461\" class=\"elementor-tab-title\" data-tab=\"1\" role=\"tab\" aria-controls=\"elementor-tab-content-2461\" aria-expanded=\"false\">\n\t\t\t\t\t\t\t\t\t\t\t\t\t<span class=\"elementor-accordion-icon elementor-accordion-icon-left\" aria-hidden=\"true\">\n\t\t\t\t\t\t\t\t\t\t\t\t\t\t\t<span class=\"elementor-accordion-icon-closed\"><i class=\"fas fa-plus\"><\/i><\/span>\n\t\t\t\t\t\t\t\t<span class=\"elementor-accordion-icon-opened\"><i class=\"fas fa-minus\"><\/i><\/span>\n\t\t\t\t\t\t\t\t\t\t\t\t\t\t<\/span>\n\t\t\t\t\t\t\t\t\t\t\t\t<a class=\"elementor-accordion-title\" href=\"\">A qui s'adressent les consultations?\u200b<\/a>\n\t\t\t\t\t<\/div>\n\t\t\t\t\t<div id=\"elementor-tab-content-2461\" class=\"elementor-tab-content elementor-clearfix\" data-tab=\"1\" role=\"tabpanel\" aria-labelledby=\"elementor-tab-title-2461\"><p>L\u2019acupuncture peut \u00eatre d\u2019une&nbsp;<span style=\"font-weight: bold;\">aide appr\u00e9ciable en compl\u00e9ment des approches classiques&nbsp;dans bon nombre de pathologies<\/span>.&nbsp;Le traitement vise, outre \u00e0 soulager le patient du sympt\u00f4me qui le motive \u00e0 consulter, \u00e0 r\u00e9harmoniser le corps et r\u00e9veiller son potentiel de gu\u00e9rison \u00e0 la lumi\u00e8re de son sympt\u00f4me.<\/p>\n<p>Voici quelques exemples d\u2019indications pour consulter un m\u00e9decin acupuncteur :<\/p>\n<ul>\n<li><span style=\"font-weight: bold;\">La sant\u00e9 de la femme<\/span>&nbsp;: dysm\u00e9norrh\u00e9es, fertilit\u00e9, accompagnement lors de la grossesse, sympt\u00f4mes li\u00e9s \u00e0 la m\u00e9nopause (bouff\u00e9es de chaleur, probl\u00e8mes urinaires).<\/li>\n<li><span style=\"font-weight: bold;\">Le Burn-out, les crises de vie, les deuils&nbsp;<\/span>ou chaque situation o\u00f9 une reconnexion \u00e0 soi est salutaire.<\/li>\n<li><span style=\"font-weight: bold;\">Toute maladie chronique<\/span>&nbsp;: les cancers et leurs traitements, les maladies auto-immunes (Polyarthrite,), les probl\u00e8mes neurologiques, les infections r\u00e9cidivantes<\/li>\n<li>Les probl\u00e8mes&nbsp;<span style=\"font-weight: bold;\">ost\u00e9o-articulaires<\/span>.<\/li>\n<\/ul><\/div>\n\t\t\t\t<\/div>\n\t\t\t\t\t<\/div>\n\t\t\t\t<\/div>\n\t\t\t\t<\/div>\n\t\t\t\t\t\t<\/div>\n\t\t\t\t\t<\/div>\n\t\t<\/div>\n\t\t\t\t\t\t\t\t<\/div>\n\t\t\t\t\t<\/div>\n\t\t<\/section>\n\t\t\t\t<section class=\"elementor-section elementor-top-section elementor-element elementor-element-afba60b elementor-section-boxed elementor-section-height-default elementor-section-height-default\" data-id=\"afba60b\" data-element_type=\"section\">\n\t\t\t\t\t\t<div class=\"elementor-container elementor-column-gap-default\">\n\t\t\t\t\t\t\t<div class=\"elementor-row\">\n\t\t\t\t\t<div class=\"elementor-column elementor-col-100 elementor-top-column elementor-element elementor-element-5b6bfc5\" data-id=\"5b6bfc5\" data-element_type=\"column\">\n\t\t\t<div class=\"elementor-column-wrap elementor-element-populated\">\n\t\t\t\t\t\t\t<div class=\"elementor-widget-wrap\">\n\t\t\t\t\t\t<div class=\"elementor-element elementor-element-7e3a915 elementor-widget elementor-widget-heading\" data-id=\"7e3a915\" data-element_type=\"widget\" data-widget_type=\"heading.default\">\n\t\t\t\t<div class=\"elementor-widget-container\">\n\t\t\t<h2 class=\"elementor-heading-title elementor-size-default\">Contact et prise de rendez-vous<\/h2>\t\t<\/div>\n\t\t\t\t<\/div>\n\t\t\t\t\t\t<\/div>\n\t\t\t\t\t<\/div>\n\t\t<\/div>\n\t\t\t\t\t\t\t\t<\/div>\n\t\t\t\t\t<\/div>\n\t\t<\/section>\n\t\t\t\t<section class=\"elementor-section elementor-top-section elementor-element elementor-element-b7723e9 elementor-section-boxed elementor-section-height-default elementor-section-height-default\" data-id=\"b7723e9\" data-element_type=\"section\">\n\t\t\t\t\t\t<div class=\"elementor-container elementor-column-gap-default\">\n\t\t\t\t\t\t\t<div class=\"elementor-row\">\n\t\t\t\t\t<div class=\"elementor-column elementor-col-100 elementor-top-column elementor-element elementor-element-85ff1c9\" data-id=\"85ff1c9\" data-element_type=\"column\">\n\t\t\t<div class=\"elementor-column-wrap elementor-element-populated\">\n\t\t\t\t\t\t\t<div class=\"elementor-widget-wrap\">\n\t\t\t\t\t\t<div class=\"elementor-element elementor-element-cc72fff elementor-widget elementor-widget-text-editor\" data-id=\"cc72fff\" data-element_type=\"widget\" data-widget_type=\"text-editor.default\">\n\t\t\t\t<div class=\"elementor-widget-container\">\n\t\t\t\t\t<div class=\"elementor-text-editor elementor-clearfix\"><p>Pour toute prise de rendez-vous ou pour toute question, merci de m\u2019envoyer un sms au <strong>0470 27 05 02<\/strong>.\u00a0<span style=\"color: var( --e-global-color-text ); font-family: var( --e-global-typography-text-font-family ), Sans-serif; font-weight: var( --e-global-typography-text-font-weight );\">Je vous recontacterai dans les 48 heures.<\/span><\/p><p>Je consulte au Centre Epidaure le <b>Lundi matin de 9H30 \u00e0 13H30<\/b><\/p><\/div>\n\t\t\t\t<\/div>\n\t\t\t\t<\/div>\n\t\t\t\t\t\t<\/div>\n\t\t\t\t\t<\/div>\n\t\t<\/div>\n\t\t\t\t\t\t\t\t<\/div>\n\t\t\t\t\t<\/div>\n\t\t<\/section>\n\t\t\t\t\t\t<\/div>\n\t\t\t\t\t\t<\/div>\n\t\t\t\t\t<\/div>\n\t\t","protected":false},"excerpt":{"rendered":"<p>M\u00e9decine &#8211; Acupuncture Dermatologue de formation depuis 30 ans, je me passionne depuis toujours pour l\u2019humain dans sa globalit\u00e9. J\u2019ai ainsi depuis une quinzaine d\u2019ann\u00e9es \u00e9largi mes connaissances \u00e0 d\u2019autres formations m\u00e9dicales qui m\u2019ont amen\u00e9e \u00e0 appr\u00e9hender la maladie dans un contexte plus large. Je pratique aujourd&rsquo;hui en tant que m\u00e9decin acupuncteur \u00e0 Wavre, au &#8230; <a title=\"Dr Sophie le Jeune d&rsquo;All &#8211; M\u00e9decin acupunctrice\" class=\"read-more\" href=\"https:\/\/epidaure.org\/WordPress3\/medecin-acupuncteur\/\">Read more<\/a><\/p>\n","protected":false},"author":1,"featured_media":0,"parent":0,"menu_order":0,"comment_status":"closed","ping_status":"closed","template":"","meta":[],"yoast_head":"<!-- This site is optimized with the Yoast SEO plugin v17.3 - https:\/\/yoast.com\/wordpress\/plugins\/seo\/ -->\n<title>M\u00e9decin acupuncteur \u00e0 Wavre : Dr Sophie le Jeune d&#039;All - Centre Epidaure<\/title>\n<meta name=\"description\" content=\"M\u00e9decin acupuncteur \u00e0 Wavre, Dr Sophie le Jeune d&#039;All vous accueille au centre Epidaure. Apprenez-en plus sur son approche et sa pratique.\" \/>\n<meta name=\"robots\" content=\"index, follow, max-snippet:-1, max-image-preview:large, max-video-preview:-1\" \/>\n<link rel=\"canonical\" href=\"https:\/\/epidaure.org\/WordPress3\/medecin-acupuncteur\/\" \/>\n<meta property=\"og:locale\" content=\"fr_FR\" \/>\n<meta property=\"og:type\" content=\"article\" \/>\n<meta property=\"og:title\" content=\"M\u00e9decin acupuncteur \u00e0 Wavre : Dr Sophie le Jeune d&#039;All - Centre Epidaure\" \/>\n<meta property=\"og:description\" content=\"M\u00e9decin acupuncteur \u00e0 Wavre, Dr Sophie le Jeune d&#039;All vous accueille au centre Epidaure. Apprenez-en plus sur son approche et sa pratique.\" \/>\n<meta property=\"og:url\" content=\"https:\/\/epidaure.org\/WordPress3\/medecin-acupuncteur\/\" \/>\n<meta property=\"og:site_name\" content=\"EPIDAURE\" \/>\n<meta property=\"article:modified_time\" content=\"2024-02-21T18:16:14+00:00\" \/>\n<meta property=\"og:image\" content=\"https:\/\/epidaure.org\/WordPress3\/wp-content\/uploads\/2024\/02\/IMG-20240110-WA0000-150x150.jpg\" \/>\n<meta name=\"twitter:card\" content=\"summary_large_image\" \/>\n<meta name=\"twitter:label1\" content=\"Dur\u00e9e de lecture estim\u00e9e\" \/>\n\t<meta name=\"twitter:data1\" content=\"2 minutes\" \/>\n<script type=\"application\/ld+json\" class=\"yoast-schema-graph\">{\"@context\":\"https:\/\/schema.org\",\"@graph\":[{\"@type\":\"WebSite\",\"@id\":\"https:\/\/epidaure.org\/WordPress3\/#website\",\"url\":\"https:\/\/epidaure.org\/WordPress3\/\",\"name\":\"EPIDAURE\",\"description\":\"Centre de M\\u00e9decine Int\\u00e9grative\",\"potentialAction\":[{\"@type\":\"SearchAction\",\"target\":{\"@type\":\"EntryPoint\",\"urlTemplate\":\"https:\/\/epidaure.org\/WordPress3\/?s={search_term_string}\"},\"query-input\":\"required name=search_term_string\"}],\"inLanguage\":\"fr-FR\"},{\"@type\":\"ImageObject\",\"@id\":\"https:\/\/epidaure.org\/WordPress3\/medecin-acupuncteur\/#primaryimage\",\"inLanguage\":\"fr-FR\",\"url\":\"https:\/\/epidaure.org\/WordPress3\/wp-content\/uploads\/2024\/02\/IMG-20240110-WA0000.jpg\",\"contentUrl\":\"https:\/\/epidaure.org\/WordPress3\/wp-content\/uploads\/2024\/02\/IMG-20240110-WA0000.jpg\",\"width\":621,\"height\":657,\"caption\":\"sophie lejeune medecin acupuncteur\"},{\"@type\":\"WebPage\",\"@id\":\"https:\/\/epidaure.org\/WordPress3\/medecin-acupuncteur\/#webpage\",\"url\":\"https:\/\/epidaure.org\/WordPress3\/medecin-acupuncteur\/\",\"name\":\"M\\u00e9decin acupuncteur \\u00e0 Wavre : Dr Sophie le Jeune d'All - Centre Epidaure\",\"isPartOf\":{\"@id\":\"https:\/\/epidaure.org\/WordPress3\/#website\"},\"primaryImageOfPage\":{\"@id\":\"https:\/\/epidaure.org\/WordPress3\/medecin-acupuncteur\/#primaryimage\"},\"datePublished\":\"2024-01-24T21:36:23+00:00\",\"dateModified\":\"2024-02-21T18:16:14+00:00\",\"description\":\"M\\u00e9decin acupuncteur \\u00e0 Wavre, Dr Sophie le Jeune d'All vous accueille au centre Epidaure. Apprenez-en plus sur son approche et sa pratique.\",\"breadcrumb\":{\"@id\":\"https:\/\/epidaure.org\/WordPress3\/medecin-acupuncteur\/#breadcrumb\"},\"inLanguage\":\"fr-FR\",\"potentialAction\":[{\"@type\":\"ReadAction\",\"target\":[\"https:\/\/epidaure.org\/WordPress3\/medecin-acupuncteur\/\"]}]},{\"@type\":\"BreadcrumbList\",\"@id\":\"https:\/\/epidaure.org\/WordPress3\/medecin-acupuncteur\/#breadcrumb\",\"itemListElement\":[{\"@type\":\"ListItem\",\"position\":1,\"name\":\"Accueil\",\"item\":\"https:\/\/epidaure.org\/WordPress3\/\"},{\"@type\":\"ListItem\",\"position\":2,\"name\":\"Dr Sophie le Jeune d&rsquo;All &#8211; M\\u00e9decin acupunctrice\"}]}]}<\/script>\n<!-- \/ Yoast SEO plugin. -->","yoast_head_json":{"title":"M\u00e9decin acupuncteur \u00e0 Wavre : Dr Sophie le Jeune d'All - Centre Epidaure","description":"M\u00e9decin acupuncteur \u00e0 Wavre, Dr Sophie le Jeune d'All vous accueille au centre Epidaure. Apprenez-en plus sur son approche et sa pratique.","robots":{"index":"index","follow":"follow","max-snippet":"max-snippet:-1","max-image-preview":"max-image-preview:large","max-video-preview":"max-video-preview:-1"},"canonical":"https:\/\/epidaure.org\/WordPress3\/medecin-acupuncteur\/","og_locale":"fr_FR","og_type":"article","og_title":"M\u00e9decin acupuncteur \u00e0 Wavre : Dr Sophie le Jeune d'All - Centre Epidaure","og_description":"M\u00e9decin acupuncteur \u00e0 Wavre, Dr Sophie le Jeune d'All vous accueille au centre Epidaure. Apprenez-en plus sur son approche et sa pratique.","og_url":"https:\/\/epidaure.org\/WordPress3\/medecin-acupuncteur\/","og_site_name":"EPIDAURE","article_modified_time":"2024-02-21T18:16:14+00:00","og_image":[{"url":"https:\/\/epidaure.org\/WordPress3\/wp-content\/uploads\/2024\/02\/IMG-20240110-WA0000-150x150.jpg"}],"twitter_card":"summary_large_image","twitter_misc":{"Dur\u00e9e de lecture estim\u00e9e":"2 minutes"},"schema":{"@context":"https:\/\/schema.org","@graph":[{"@type":"WebSite","@id":"https:\/\/epidaure.org\/WordPress3\/#website","url":"https:\/\/epidaure.org\/WordPress3\/","name":"EPIDAURE","description":"Centre de M\u00e9decine Int\u00e9grative","potentialAction":[{"@type":"SearchAction","target":{"@type":"EntryPoint","urlTemplate":"https:\/\/epidaure.org\/WordPress3\/?s={search_term_string}"},"query-input":"required name=search_term_string"}],"inLanguage":"fr-FR"},{"@type":"ImageObject","@id":"https:\/\/epidaure.org\/WordPress3\/medecin-acupuncteur\/#primaryimage","inLanguage":"fr-FR","url":"https:\/\/epidaure.org\/WordPress3\/wp-content\/uploads\/2024\/02\/IMG-20240110-WA0000.jpg","contentUrl":"https:\/\/epidaure.org\/WordPress3\/wp-content\/uploads\/2024\/02\/IMG-20240110-WA0000.jpg","width":621,"height":657,"caption":"sophie lejeune medecin acupuncteur"},{"@type":"WebPage","@id":"https:\/\/epidaure.org\/WordPress3\/medecin-acupuncteur\/#webpage","url":"https:\/\/epidaure.org\/WordPress3\/medecin-acupuncteur\/","name":"M\u00e9decin acupuncteur \u00e0 Wavre : Dr Sophie le Jeune d'All - Centre Epidaure","isPartOf":{"@id":"https:\/\/epidaure.org\/WordPress3\/#website"},"primaryImageOfPage":{"@id":"https:\/\/epidaure.org\/WordPress3\/medecin-acupuncteur\/#primaryimage"},"datePublished":"2024-01-24T21:36:23+00:00","dateModified":"2024-02-21T18:16:14+00:00","description":"M\u00e9decin acupuncteur \u00e0 Wavre, Dr Sophie le Jeune d'All vous accueille au centre Epidaure. Apprenez-en plus sur son approche et sa pratique.","breadcrumb":{"@id":"https:\/\/epidaure.org\/WordPress3\/medecin-acupuncteur\/#breadcrumb"},"inLanguage":"fr-FR","potentialAction":[{"@type":"ReadAction","target":["https:\/\/epidaure.org\/WordPress3\/medecin-acupuncteur\/"]}]},{"@type":"BreadcrumbList","@id":"https:\/\/epidaure.org\/WordPress3\/medecin-acupuncteur\/#breadcrumb","itemListElement":[{"@type":"ListItem","position":1,"name":"Accueil","item":"https:\/\/epidaure.org\/WordPress3\/"},{"@type":"ListItem","position":2,"name":"Dr Sophie le Jeune d&rsquo;All &#8211; M\u00e9decin acupunctrice"}]}]}},"_links":{"self":[{"href":"https:\/\/epidaure.org\/WordPress3\/wp-json\/wp\/v2\/pages\/3154"}],"collection":[{"href":"https:\/\/epidaure.org\/WordPress3\/wp-json\/wp\/v2\/pages"}],"about":[{"href":"https:\/\/epidaure.org\/WordPress3\/wp-json\/wp\/v2\/types\/page"}],"author":[{"embeddable":true,"href":"https:\/\/epidaure.org\/WordPress3\/wp-json\/wp\/v2\/users\/1"}],"replies":[{"embeddable":true,"href":"https:\/\/epidaure.org\/WordPress3\/wp-json\/wp\/v2\/comments?post=3154"}],"version-history":[{"count":19,"href":"https:\/\/epidaure.org\/WordPress3\/wp-json\/wp\/v2\/pages\/3154\/revisions"}],"predecessor-version":[{"id":3212,"href":"https:\/\/epidaure.org\/WordPress3\/wp-json\/wp\/v2\/pages\/3154\/revisions\/3212"}],"wp:attachment":[{"href":"https:\/\/epidaure.org\/WordPress3\/wp-json\/wp\/v2\/media?parent=3154"}],"curies":[{"name":"wp","href":"https:\/\/api.w.org\/{rel}","templated":true}]}}