{"id":3324,"date":"2025-07-28T12:15:44","date_gmt":"2025-07-28T10:15:44","guid":{"rendered":"https:\/\/epidaure.org\/WordPress3\/?page_id=3324"},"modified":"2025-10-29T17:22:47","modified_gmt":"2025-10-29T16:22:47","slug":"dr-anais-herinckx-medecin-generaliste-wavre","status":"publish","type":"page","link":"https:\/\/epidaure.org\/WordPress3\/dr-anais-herinckx-medecin-generaliste-wavre\/","title":{"rendered":"Dr Ana\u00efs Herinckx &#8211; M\u00e9decin g\u00e9n\u00e9raliste \u00e0 Wavre"},"content":{"rendered":"\t\t<div data-elementor-type=\"wp-page\" data-elementor-id=\"3324\" class=\"elementor elementor-3324\" data-elementor-settings=\"[]\">\n\t\t\t\t\t\t<div class=\"elementor-inner\">\n\t\t\t\t\t\t\t<div class=\"elementor-section-wrap\">\n\t\t\t\t\t\t\t<section class=\"elementor-section elementor-top-section elementor-element elementor-element-88f7423 elementor-section-boxed elementor-section-height-default elementor-section-height-default\" data-id=\"88f7423\" data-element_type=\"section\">\n\t\t\t\t\t\t<div class=\"elementor-container elementor-column-gap-default\">\n\t\t\t\t\t\t\t<div class=\"elementor-row\">\n\t\t\t\t\t<div class=\"elementor-column elementor-col-100 elementor-top-column elementor-element elementor-element-4aa8f3c\" data-id=\"4aa8f3c\" data-element_type=\"column\">\n\t\t\t<div class=\"elementor-column-wrap elementor-element-populated\">\n\t\t\t\t\t\t\t<div class=\"elementor-widget-wrap\">\n\t\t\t\t\t\t<div class=\"elementor-element elementor-element-9891fab elementor-widget elementor-widget-heading\" data-id=\"9891fab\" data-element_type=\"widget\" data-widget_type=\"heading.default\">\n\t\t\t\t<div class=\"elementor-widget-container\">\n\t\t\t<h2 class=\"elementor-heading-title elementor-size-default\">M\u00e9decine g\u00e9n\u00e9rale<\/h2>\t\t<\/div>\n\t\t\t\t<\/div>\n\t\t\t\t<div class=\"elementor-element elementor-element-c623ce1 elementor-widget elementor-widget-spacer\" data-id=\"c623ce1\" data-element_type=\"widget\" data-widget_type=\"spacer.default\">\n\t\t\t\t<div class=\"elementor-widget-container\">\n\t\t\t\t\t<div class=\"elementor-spacer\">\n\t\t\t<div class=\"elementor-spacer-inner\"><\/div>\n\t\t<\/div>\n\t\t\t\t<\/div>\n\t\t\t\t<\/div>\n\t\t\t\t\t\t<\/div>\n\t\t\t\t\t<\/div>\n\t\t<\/div>\n\t\t\t\t\t\t\t\t<\/div>\n\t\t\t\t\t<\/div>\n\t\t<\/section>\n\t\t\t\t<section class=\"elementor-section elementor-top-section elementor-element elementor-element-ba0ef44 elementor-section-content-middle elementor-section-boxed elementor-section-height-default elementor-section-height-default\" data-id=\"ba0ef44\" data-element_type=\"section\">\n\t\t\t\t\t\t<div class=\"elementor-container elementor-column-gap-default\">\n\t\t\t\t\t\t\t<div class=\"elementor-row\">\n\t\t\t\t\t<div class=\"elementor-column elementor-col-50 elementor-top-column elementor-element elementor-element-3c30d78\" data-id=\"3c30d78\" data-element_type=\"column\">\n\t\t\t<div class=\"elementor-column-wrap elementor-element-populated\">\n\t\t\t\t\t\t\t<div class=\"elementor-widget-wrap\">\n\t\t\t\t\t\t<div class=\"elementor-element elementor-element-3912a85 elementor-widget elementor-widget-image\" data-id=\"3912a85\" data-element_type=\"widget\" data-widget_type=\"image.default\">\n\t\t\t\t<div class=\"elementor-widget-container\">\n\t\t\t\t\t<div class=\"elementor-image\">\n\t\t\t\t\t\t\t\t\t\t<img width=\"219\" height=\"300\" src=\"https:\/\/epidaure.org\/WordPress3\/wp-content\/uploads\/2025\/07\/1000056504-219x300.jpg\" class=\"attachment-medium size-medium\" alt=\"dr-anais-herinckx-medecin-generaliste-wavre\" loading=\"lazy\" srcset=\"https:\/\/epidaure.org\/WordPress3\/wp-content\/uploads\/2025\/07\/1000056504-219x300.jpg 219w, https:\/\/epidaure.org\/WordPress3\/wp-content\/uploads\/2025\/07\/1000056504.jpg 319w\" sizes=\"(max-width: 219px) 100vw, 219px\" \/>\t\t\t\t\t\t\t\t\t\t\t<\/div>\n\t\t\t\t<\/div>\n\t\t\t\t<\/div>\n\t\t\t\t\t\t<\/div>\n\t\t\t\t\t<\/div>\n\t\t<\/div>\n\t\t\t\t<div class=\"elementor-column elementor-col-50 elementor-top-column elementor-element elementor-element-2e806b5\" data-id=\"2e806b5\" data-element_type=\"column\">\n\t\t\t<div class=\"elementor-column-wrap elementor-element-populated\">\n\t\t\t\t\t\t\t<div class=\"elementor-widget-wrap\">\n\t\t\t\t\t\t<div class=\"elementor-element elementor-element-753b97c elementor-widget elementor-widget-text-editor\" data-id=\"753b97c\" data-element_type=\"widget\" data-widget_type=\"text-editor.default\">\n\t\t\t\t<div class=\"elementor-widget-container\">\n\t\t\t\t\t<div class=\"elementor-text-editor elementor-clearfix\"><p>Je m&rsquo;appelle Ana\u00efs Herinckx et je pratique en tant que m\u00e9decin g\u00e9n\u00e9raliste \u00e0 Wavre.<\/p><p>D\u00e8s mes d\u00e9buts, que ce soit aux lors de ma pratique aux Urgences ou en cabinet de m\u00e9decine g\u00e9n\u00e9rale, j\u2019ai rapidement compris que la sant\u00e9 ne se r\u00e9sume pas au corps physique.\u00a0<\/p><p>Le psychique, les \u00e9motions, le v\u00e9cu de chacun influencent profond\u00e9ment notre bien-\u00eatre. Nous sommes un tout : corps, c\u0153ur et esprit.<\/p><p>\u00a0<\/p><\/div>\n\t\t\t\t<\/div>\n\t\t\t\t<\/div>\n\t\t\t\t\t\t<\/div>\n\t\t\t\t\t<\/div>\n\t\t<\/div>\n\t\t\t\t\t\t\t\t<\/div>\n\t\t\t\t\t<\/div>\n\t\t<\/section>\n\t\t\t\t<section class=\"elementor-section elementor-top-section elementor-element elementor-element-a55a6fb elementor-section-boxed elementor-section-height-default elementor-section-height-default\" data-id=\"a55a6fb\" data-element_type=\"section\">\n\t\t\t\t\t\t<div class=\"elementor-container elementor-column-gap-default\">\n\t\t\t\t\t\t\t<div class=\"elementor-row\">\n\t\t\t\t\t<div class=\"elementor-column elementor-col-100 elementor-top-column elementor-element elementor-element-b912b03\" data-id=\"b912b03\" data-element_type=\"column\">\n\t\t\t<div class=\"elementor-column-wrap elementor-element-populated\">\n\t\t\t\t\t\t\t<div class=\"elementor-widget-wrap\">\n\t\t\t\t\t\t<div class=\"elementor-element elementor-element-b0bb375 elementor-widget elementor-widget-text-editor\" data-id=\"b0bb375\" data-element_type=\"widget\" data-widget_type=\"text-editor.default\">\n\t\t\t\t<div class=\"elementor-widget-container\">\n\t\t\t\t\t<div class=\"elementor-text-editor elementor-clearfix\"><p>C\u2019est pourquoi je propose une\u00a0<strong>m\u00e9decine globale<\/strong>, qui prend en compte tous les aspects de la sant\u00e9. J\u2019associe la m\u00e9decine allopathique aux th\u00e9rapies naturelles comme\u00a0<strong>l\u2019aromath\u00e9rapie<\/strong>, la\u00a0<strong>phytoth\u00e9rapie<\/strong>,\u00a0<strong>la r\u00e9flexologie plantaire<\/strong>\u2026 Chaque approche trouve sa juste place, selon vos besoins.<\/p><p>Parce que l\u2019\u00e9coute fait partie int\u00e9grante du soin, mes consultations s\u2019adaptent \u00e0 vous. Je prends le temps de vous \u00e9couter, de comprendre votre parcours, vos ressentis, vos attentes. Les rendez-vous peuvent donc \u00eatre plus ou moins longs, selon ce que vous traversez.<\/p><p>J\u2019accompagne aussi les personnes en\u00a0<strong>burn-out<\/strong>\u00a0ou en p\u00e9riode de vie difficile, dans des s\u00e9ances centr\u00e9es sur\u00a0<strong>l\u2019\u00e9coute active,<\/strong>\u00a0<strong>l\u2019introspection<\/strong>,\u00a0<strong>l\u2019ancrage<\/strong>\u00a0et\u00a0<strong>la reconnexion \u00e0 soi.<\/strong><\/p><p>Et pour celles et ceux qui sentent, comme moi, que les animaux \u2014 et notamment les chevaux \u2014 peuvent aider \u00e0 lib\u00e9rer les \u00e9motions et retrouver un \u00e9quilibre, je propose des s\u00e9ances en pleine nature.<\/p><p>Je travaille avec mon temps, avec des plantes, des m\u00e9dicaments quand il le faut, avec des chevaux parfois, mais toujours avec vous.<\/p><p>Envie d\u2019explorer une autre fa\u00e7on de prendre soin de vous ?<\/p><\/div>\n\t\t\t\t<\/div>\n\t\t\t\t<\/div>\n\t\t\t\t\t\t<\/div>\n\t\t\t\t\t<\/div>\n\t\t<\/div>\n\t\t\t\t\t\t\t\t<\/div>\n\t\t\t\t\t<\/div>\n\t\t<\/section>\n\t\t\t\t<section class=\"elementor-section elementor-top-section elementor-element elementor-element-afba60b elementor-section-boxed elementor-section-height-default elementor-section-height-default\" data-id=\"afba60b\" data-element_type=\"section\">\n\t\t\t\t\t\t<div class=\"elementor-container elementor-column-gap-default\">\n\t\t\t\t\t\t\t<div class=\"elementor-row\">\n\t\t\t\t\t<div class=\"elementor-column elementor-col-100 elementor-top-column elementor-element elementor-element-5b6bfc5\" data-id=\"5b6bfc5\" data-element_type=\"column\">\n\t\t\t<div class=\"elementor-column-wrap elementor-element-populated\">\n\t\t\t\t\t\t\t<div class=\"elementor-widget-wrap\">\n\t\t\t\t\t\t<div class=\"elementor-element elementor-element-7e3a915 elementor-widget elementor-widget-heading\" data-id=\"7e3a915\" data-element_type=\"widget\" data-widget_type=\"heading.default\">\n\t\t\t\t<div class=\"elementor-widget-container\">\n\t\t\t<h2 class=\"elementor-heading-title elementor-size-default\">Contact et prise de rendez-vous<\/h2>\t\t<\/div>\n\t\t\t\t<\/div>\n\t\t\t\t\t\t<\/div>\n\t\t\t\t\t<\/div>\n\t\t<\/div>\n\t\t\t\t\t\t\t\t<\/div>\n\t\t\t\t\t<\/div>\n\t\t<\/section>\n\t\t\t\t<section class=\"elementor-section elementor-top-section elementor-element elementor-element-b7723e9 elementor-section-boxed elementor-section-height-default elementor-section-height-default\" data-id=\"b7723e9\" data-element_type=\"section\">\n\t\t\t\t\t\t<div class=\"elementor-container elementor-column-gap-default\">\n\t\t\t\t\t\t\t<div class=\"elementor-row\">\n\t\t\t\t\t<div class=\"elementor-column elementor-col-100 elementor-top-column elementor-element elementor-element-85ff1c9\" data-id=\"85ff1c9\" data-element_type=\"column\">\n\t\t\t<div class=\"elementor-column-wrap elementor-element-populated\">\n\t\t\t\t\t\t\t<div class=\"elementor-widget-wrap\">\n\t\t\t\t\t\t<div class=\"elementor-element elementor-element-cc72fff elementor-widget elementor-widget-text-editor\" data-id=\"cc72fff\" data-element_type=\"widget\" data-widget_type=\"text-editor.default\">\n\t\t\t\t<div class=\"elementor-widget-container\">\n\t\t\t\t\t<div class=\"elementor-text-editor elementor-clearfix\"><p>Pour toute question, merci de me contacter au <strong>0496 81 74 12<\/strong>.\u00a0<\/p><\/div>\n\t\t\t\t<\/div>\n\t\t\t\t<\/div>\n\t\t\t\t<div class=\"elementor-element elementor-element-0f6189a elementor-button-danger elementor-align-center elementor-widget elementor-widget-button\" data-id=\"0f6189a\" data-element_type=\"widget\" data-widget_type=\"button.default\">\n\t\t\t\t<div class=\"elementor-widget-container\">\n\t\t\t\t\t<div class=\"elementor-button-wrapper\">\n\t\t\t<a href=\"https:\/\/rosa.be\/fr\/hp\/anais-herinckx\/\" target=\"_blank\" class=\"elementor-button-link elementor-button elementor-size-sm\" role=\"button\">\n\t\t\t\t\t\t<span class=\"elementor-button-content-wrapper\">\n\t\t\t\t\t\t<span class=\"elementor-button-text\">Prendre rendez-vous<\/span>\n\t\t<\/span>\n\t\t\t\t\t<\/a>\n\t\t<\/div>\n\t\t\t\t<\/div>\n\t\t\t\t<\/div>\n\t\t\t\t\t\t<\/div>\n\t\t\t\t\t<\/div>\n\t\t<\/div>\n\t\t\t\t\t\t\t\t<\/div>\n\t\t\t\t\t<\/div>\n\t\t<\/section>\n\t\t\t\t\t\t<\/div>\n\t\t\t\t\t\t<\/div>\n\t\t\t\t\t<\/div>\n\t\t","protected":false},"excerpt":{"rendered":"<p>M\u00e9decine g\u00e9n\u00e9rale Je m&rsquo;appelle Ana\u00efs Herinckx et je pratique en tant que m\u00e9decin g\u00e9n\u00e9raliste \u00e0 Wavre. D\u00e8s mes d\u00e9buts, que ce soit aux lors de ma pratique aux Urgences ou en cabinet de m\u00e9decine g\u00e9n\u00e9rale, j\u2019ai rapidement compris que la sant\u00e9 ne se r\u00e9sume pas au corps physique.\u00a0 Le psychique, les \u00e9motions, le v\u00e9cu de &#8230; <a title=\"Dr Ana\u00efs Herinckx &#8211; M\u00e9decin g\u00e9n\u00e9raliste \u00e0 Wavre\" class=\"read-more\" href=\"https:\/\/epidaure.org\/WordPress3\/dr-anais-herinckx-medecin-generaliste-wavre\/\">Read more<\/a><\/p>\n","protected":false},"author":1,"featured_media":0,"parent":0,"menu_order":0,"comment_status":"closed","ping_status":"closed","template":"","meta":[],"yoast_head":"<!-- This site is optimized with the Yoast SEO plugin v17.3 - https:\/\/yoast.com\/wordpress\/plugins\/seo\/ -->\n<title>M\u00e9decin g\u00e9n\u00e9raliste \u00e0 Wavre : Dr Ana\u00efs Herinckx - Centre Epidaure<\/title>\n<meta name=\"description\" content=\"Dr Ana\u00efs Herinckx, m\u00e9decin g\u00e9n\u00e9raliste \u00e0 Wavre, vous accueille au centre m\u00e9dical Epidaure. Pour prendre rendez-vous, appelez au 0496817412.\" \/>\n<meta name=\"robots\" content=\"index, follow, max-snippet:-1, max-image-preview:large, max-video-preview:-1\" \/>\n<link rel=\"canonical\" href=\"https:\/\/epidaure.org\/WordPress3\/dr-anais-herinckx-medecin-generaliste-wavre\/\" \/>\n<meta property=\"og:locale\" content=\"fr_FR\" \/>\n<meta property=\"og:type\" content=\"article\" \/>\n<meta property=\"og:title\" content=\"M\u00e9decin g\u00e9n\u00e9raliste \u00e0 Wavre : Dr Ana\u00efs Herinckx - Centre Epidaure\" \/>\n<meta property=\"og:description\" content=\"Dr Ana\u00efs Herinckx, m\u00e9decin g\u00e9n\u00e9raliste \u00e0 Wavre, vous accueille au centre m\u00e9dical Epidaure. Pour prendre rendez-vous, appelez au 0496817412.\" \/>\n<meta property=\"og:url\" content=\"https:\/\/epidaure.org\/WordPress3\/dr-anais-herinckx-medecin-generaliste-wavre\/\" \/>\n<meta property=\"og:site_name\" content=\"EPIDAURE\" \/>\n<meta property=\"article:modified_time\" content=\"2025-10-29T16:22:47+00:00\" \/>\n<meta property=\"og:image\" content=\"https:\/\/epidaure.org\/WordPress3\/wp-content\/uploads\/2025\/07\/1000056504-219x300.jpg\" \/>\n<meta name=\"twitter:card\" content=\"summary_large_image\" \/>\n<meta name=\"twitter:label1\" content=\"Dur\u00e9e de lecture estim\u00e9e\" \/>\n\t<meta name=\"twitter:data1\" content=\"2 minutes\" \/>\n<script type=\"application\/ld+json\" class=\"yoast-schema-graph\">{\"@context\":\"https:\/\/schema.org\",\"@graph\":[{\"@type\":\"WebSite\",\"@id\":\"https:\/\/epidaure.org\/WordPress3\/#website\",\"url\":\"https:\/\/epidaure.org\/WordPress3\/\",\"name\":\"EPIDAURE\",\"description\":\"Centre de M\\u00e9decine Int\\u00e9grative\",\"potentialAction\":[{\"@type\":\"SearchAction\",\"target\":{\"@type\":\"EntryPoint\",\"urlTemplate\":\"https:\/\/epidaure.org\/WordPress3\/?s={search_term_string}\"},\"query-input\":\"required name=search_term_string\"}],\"inLanguage\":\"fr-FR\"},{\"@type\":\"ImageObject\",\"@id\":\"https:\/\/epidaure.org\/WordPress3\/dr-anais-herinckx-medecin-generaliste-wavre\/#primaryimage\",\"inLanguage\":\"fr-FR\",\"url\":\"https:\/\/epidaure.org\/WordPress3\/wp-content\/uploads\/2025\/07\/1000056504.jpg\",\"contentUrl\":\"https:\/\/epidaure.org\/WordPress3\/wp-content\/uploads\/2025\/07\/1000056504.jpg\",\"width\":319,\"height\":437,\"caption\":\"dr-anais-herinckx-medecin-generaliste-wavre\"},{\"@type\":\"WebPage\",\"@id\":\"https:\/\/epidaure.org\/WordPress3\/dr-anais-herinckx-medecin-generaliste-wavre\/#webpage\",\"url\":\"https:\/\/epidaure.org\/WordPress3\/dr-anais-herinckx-medecin-generaliste-wavre\/\",\"name\":\"M\\u00e9decin g\\u00e9n\\u00e9raliste \\u00e0 Wavre : Dr Ana\\u00efs Herinckx - Centre Epidaure\",\"isPartOf\":{\"@id\":\"https:\/\/epidaure.org\/WordPress3\/#website\"},\"primaryImageOfPage\":{\"@id\":\"https:\/\/epidaure.org\/WordPress3\/dr-anais-herinckx-medecin-generaliste-wavre\/#primaryimage\"},\"datePublished\":\"2025-07-28T10:15:44+00:00\",\"dateModified\":\"2025-10-29T16:22:47+00:00\",\"description\":\"Dr Ana\\u00efs Herinckx, m\\u00e9decin g\\u00e9n\\u00e9raliste \\u00e0 Wavre, vous accueille au centre m\\u00e9dical Epidaure. Pour prendre rendez-vous, appelez au 0496817412.\",\"breadcrumb\":{\"@id\":\"https:\/\/epidaure.org\/WordPress3\/dr-anais-herinckx-medecin-generaliste-wavre\/#breadcrumb\"},\"inLanguage\":\"fr-FR\",\"potentialAction\":[{\"@type\":\"ReadAction\",\"target\":[\"https:\/\/epidaure.org\/WordPress3\/dr-anais-herinckx-medecin-generaliste-wavre\/\"]}]},{\"@type\":\"BreadcrumbList\",\"@id\":\"https:\/\/epidaure.org\/WordPress3\/dr-anais-herinckx-medecin-generaliste-wavre\/#breadcrumb\",\"itemListElement\":[{\"@type\":\"ListItem\",\"position\":1,\"name\":\"Accueil\",\"item\":\"https:\/\/epidaure.org\/WordPress3\/\"},{\"@type\":\"ListItem\",\"position\":2,\"name\":\"Dr Ana\\u00efs Herinckx &#8211; M\\u00e9decin g\\u00e9n\\u00e9raliste \\u00e0 Wavre\"}]}]}<\/script>\n<!-- \/ Yoast SEO plugin. -->","yoast_head_json":{"title":"M\u00e9decin g\u00e9n\u00e9raliste \u00e0 Wavre : Dr Ana\u00efs Herinckx - Centre Epidaure","description":"Dr Ana\u00efs Herinckx, m\u00e9decin g\u00e9n\u00e9raliste \u00e0 Wavre, vous accueille au centre m\u00e9dical Epidaure. Pour prendre rendez-vous, appelez au 0496817412.","robots":{"index":"index","follow":"follow","max-snippet":"max-snippet:-1","max-image-preview":"max-image-preview:large","max-video-preview":"max-video-preview:-1"},"canonical":"https:\/\/epidaure.org\/WordPress3\/dr-anais-herinckx-medecin-generaliste-wavre\/","og_locale":"fr_FR","og_type":"article","og_title":"M\u00e9decin g\u00e9n\u00e9raliste \u00e0 Wavre : Dr Ana\u00efs Herinckx - Centre Epidaure","og_description":"Dr Ana\u00efs Herinckx, m\u00e9decin g\u00e9n\u00e9raliste \u00e0 Wavre, vous accueille au centre m\u00e9dical Epidaure. Pour prendre rendez-vous, appelez au 0496817412.","og_url":"https:\/\/epidaure.org\/WordPress3\/dr-anais-herinckx-medecin-generaliste-wavre\/","og_site_name":"EPIDAURE","article_modified_time":"2025-10-29T16:22:47+00:00","og_image":[{"url":"https:\/\/epidaure.org\/WordPress3\/wp-content\/uploads\/2025\/07\/1000056504-219x300.jpg"}],"twitter_card":"summary_large_image","twitter_misc":{"Dur\u00e9e de lecture estim\u00e9e":"2 minutes"},"schema":{"@context":"https:\/\/schema.org","@graph":[{"@type":"WebSite","@id":"https:\/\/epidaure.org\/WordPress3\/#website","url":"https:\/\/epidaure.org\/WordPress3\/","name":"EPIDAURE","description":"Centre de M\u00e9decine Int\u00e9grative","potentialAction":[{"@type":"SearchAction","target":{"@type":"EntryPoint","urlTemplate":"https:\/\/epidaure.org\/WordPress3\/?s={search_term_string}"},"query-input":"required name=search_term_string"}],"inLanguage":"fr-FR"},{"@type":"ImageObject","@id":"https:\/\/epidaure.org\/WordPress3\/dr-anais-herinckx-medecin-generaliste-wavre\/#primaryimage","inLanguage":"fr-FR","url":"https:\/\/epidaure.org\/WordPress3\/wp-content\/uploads\/2025\/07\/1000056504.jpg","contentUrl":"https:\/\/epidaure.org\/WordPress3\/wp-content\/uploads\/2025\/07\/1000056504.jpg","width":319,"height":437,"caption":"dr-anais-herinckx-medecin-generaliste-wavre"},{"@type":"WebPage","@id":"https:\/\/epidaure.org\/WordPress3\/dr-anais-herinckx-medecin-generaliste-wavre\/#webpage","url":"https:\/\/epidaure.org\/WordPress3\/dr-anais-herinckx-medecin-generaliste-wavre\/","name":"M\u00e9decin g\u00e9n\u00e9raliste \u00e0 Wavre : Dr Ana\u00efs Herinckx - Centre Epidaure","isPartOf":{"@id":"https:\/\/epidaure.org\/WordPress3\/#website"},"primaryImageOfPage":{"@id":"https:\/\/epidaure.org\/WordPress3\/dr-anais-herinckx-medecin-generaliste-wavre\/#primaryimage"},"datePublished":"2025-07-28T10:15:44+00:00","dateModified":"2025-10-29T16:22:47+00:00","description":"Dr Ana\u00efs Herinckx, m\u00e9decin g\u00e9n\u00e9raliste \u00e0 Wavre, vous accueille au centre m\u00e9dical Epidaure. Pour prendre rendez-vous, appelez au 0496817412.","breadcrumb":{"@id":"https:\/\/epidaure.org\/WordPress3\/dr-anais-herinckx-medecin-generaliste-wavre\/#breadcrumb"},"inLanguage":"fr-FR","potentialAction":[{"@type":"ReadAction","target":["https:\/\/epidaure.org\/WordPress3\/dr-anais-herinckx-medecin-generaliste-wavre\/"]}]},{"@type":"BreadcrumbList","@id":"https:\/\/epidaure.org\/WordPress3\/dr-anais-herinckx-medecin-generaliste-wavre\/#breadcrumb","itemListElement":[{"@type":"ListItem","position":1,"name":"Accueil","item":"https:\/\/epidaure.org\/WordPress3\/"},{"@type":"ListItem","position":2,"name":"Dr Ana\u00efs Herinckx &#8211; M\u00e9decin g\u00e9n\u00e9raliste \u00e0 Wavre"}]}]}},"_links":{"self":[{"href":"https:\/\/epidaure.org\/WordPress3\/wp-json\/wp\/v2\/pages\/3324"}],"collection":[{"href":"https:\/\/epidaure.org\/WordPress3\/wp-json\/wp\/v2\/pages"}],"about":[{"href":"https:\/\/epidaure.org\/WordPress3\/wp-json\/wp\/v2\/types\/page"}],"author":[{"embeddable":true,"href":"https:\/\/epidaure.org\/WordPress3\/wp-json\/wp\/v2\/users\/1"}],"replies":[{"embeddable":true,"href":"https:\/\/epidaure.org\/WordPress3\/wp-json\/wp\/v2\/comments?post=3324"}],"version-history":[{"count":36,"href":"https:\/\/epidaure.org\/WordPress3\/wp-json\/wp\/v2\/pages\/3324\/revisions"}],"predecessor-version":[{"id":3495,"href":"https:\/\/epidaure.org\/WordPress3\/wp-json\/wp\/v2\/pages\/3324\/revisions\/3495"}],"wp:attachment":[{"href":"https:\/\/epidaure.org\/WordPress3\/wp-json\/wp\/v2\/media?parent=3324"}],"curies":[{"name":"wp","href":"https:\/\/api.w.org\/{rel}","templated":true}]}}