{"id":3384,"date":"2025-10-03T17:29:50","date_gmt":"2025-10-03T15:29:50","guid":{"rendered":"https:\/\/epidaure.org\/WordPress3\/?page_id=3384"},"modified":"2025-10-03T17:31:30","modified_gmt":"2025-10-03T15:31:30","slug":"art-therapie","status":"publish","type":"page","link":"https:\/\/epidaure.org\/WordPress3\/art-therapie\/","title":{"rendered":"Anne Culot &#8211; Art th\u00e9rapie"},"content":{"rendered":"\t\t<div data-elementor-type=\"wp-page\" data-elementor-id=\"3384\" class=\"elementor elementor-3384\" data-elementor-settings=\"[]\">\n\t\t\t\t\t\t<div class=\"elementor-inner\">\n\t\t\t\t\t\t\t<div class=\"elementor-section-wrap\">\n\t\t\t\t\t\t\t<section class=\"elementor-section elementor-top-section elementor-element elementor-element-e5e0fbf elementor-section-boxed elementor-section-height-default elementor-section-height-default\" data-id=\"e5e0fbf\" data-element_type=\"section\">\n\t\t\t\t\t\t<div class=\"elementor-container elementor-column-gap-default\">\n\t\t\t\t\t\t\t<div class=\"elementor-row\">\n\t\t\t\t\t<div class=\"elementor-column elementor-col-100 elementor-top-column elementor-element elementor-element-6c394a6\" data-id=\"6c394a6\" data-element_type=\"column\">\n\t\t\t<div class=\"elementor-column-wrap elementor-element-populated\">\n\t\t\t\t\t\t\t<div class=\"elementor-widget-wrap\">\n\t\t\t\t\t\t<div class=\"elementor-element elementor-element-c4f1569 elementor-widget elementor-widget-heading\" data-id=\"c4f1569\" data-element_type=\"widget\" data-widget_type=\"heading.default\">\n\t\t\t\t<div class=\"elementor-widget-container\">\n\t\t\t<h2 class=\"elementor-heading-title elementor-size-default\">Th\u00e9rapie par les arts<\/h2>\t\t<\/div>\n\t\t\t\t<\/div>\n\t\t\t\t<div class=\"elementor-element elementor-element-1ea431c elementor-widget elementor-widget-spacer\" data-id=\"1ea431c\" data-element_type=\"widget\" data-widget_type=\"spacer.default\">\n\t\t\t\t<div class=\"elementor-widget-container\">\n\t\t\t\t\t<div class=\"elementor-spacer\">\n\t\t\t<div class=\"elementor-spacer-inner\"><\/div>\n\t\t<\/div>\n\t\t\t\t<\/div>\n\t\t\t\t<\/div>\n\t\t\t\t\t\t<\/div>\n\t\t\t\t\t<\/div>\n\t\t<\/div>\n\t\t\t\t\t\t\t\t<\/div>\n\t\t\t\t\t<\/div>\n\t\t<\/section>\n\t\t\t\t<section class=\"elementor-section elementor-top-section elementor-element elementor-element-4f1fe9c elementor-section-boxed elementor-section-height-default elementor-section-height-default\" data-id=\"4f1fe9c\" data-element_type=\"section\">\n\t\t\t\t\t\t<div class=\"elementor-container elementor-column-gap-default\">\n\t\t\t\t\t\t\t<div class=\"elementor-row\">\n\t\t\t\t\t<div class=\"elementor-column elementor-col-33 elementor-top-column elementor-element elementor-element-2eb0a94\" data-id=\"2eb0a94\" data-element_type=\"column\">\n\t\t\t<div class=\"elementor-column-wrap elementor-element-populated\">\n\t\t\t\t\t\t\t<div class=\"elementor-widget-wrap\">\n\t\t\t\t\t\t<div class=\"elementor-element elementor-element-ad97602 elementor-widget elementor-widget-image\" data-id=\"ad97602\" data-element_type=\"widget\" data-widget_type=\"image.default\">\n\t\t\t\t<div class=\"elementor-widget-container\">\n\t\t\t\t\t<div class=\"elementor-image\">\n\t\t\t\t\t\t\t\t\t\t<img width=\"248\" height=\"300\" src=\"https:\/\/epidaure.org\/WordPress3\/wp-content\/uploads\/2025\/10\/IMG_0495-248x300.jpg\" class=\"attachment-medium size-medium\" alt=\"Anne Culot Art Th\u00e9rapie\" loading=\"lazy\" srcset=\"https:\/\/epidaure.org\/WordPress3\/wp-content\/uploads\/2025\/10\/IMG_0495-248x300.jpg 248w, https:\/\/epidaure.org\/WordPress3\/wp-content\/uploads\/2025\/10\/IMG_0495-845x1024.jpg 845w, https:\/\/epidaure.org\/WordPress3\/wp-content\/uploads\/2025\/10\/IMG_0495-768x930.jpg 768w, https:\/\/epidaure.org\/WordPress3\/wp-content\/uploads\/2025\/10\/IMG_0495-1268x1536.jpg 1268w, https:\/\/epidaure.org\/WordPress3\/wp-content\/uploads\/2025\/10\/IMG_0495.jpg 1281w\" sizes=\"(max-width: 248px) 100vw, 248px\" \/>\t\t\t\t\t\t\t\t\t\t\t<\/div>\n\t\t\t\t<\/div>\n\t\t\t\t<\/div>\n\t\t\t\t\t\t<\/div>\n\t\t\t\t\t<\/div>\n\t\t<\/div>\n\t\t\t\t<div class=\"elementor-column elementor-col-66 elementor-top-column elementor-element elementor-element-b6ec81a\" data-id=\"b6ec81a\" data-element_type=\"column\">\n\t\t\t<div class=\"elementor-column-wrap elementor-element-populated\">\n\t\t\t\t\t\t\t<div class=\"elementor-widget-wrap\">\n\t\t\t\t\t\t<div class=\"elementor-element elementor-element-8f7f98a elementor-widget elementor-widget-text-editor\" data-id=\"8f7f98a\" data-element_type=\"widget\" data-widget_type=\"text-editor.default\">\n\t\t\t\t<div class=\"elementor-widget-container\">\n\t\t\t\t\t<div class=\"elementor-text-editor elementor-clearfix\"><p>Historienne de l\u2019Art et guide interactif pour les expositions, mon cheminement m\u2019am\u00e8ne \u00e0 me former \u00e0 l\u2019art th\u00e9rapie en 2008 car c\u2019est l\u2019humain, son \u00e2me et sa psych\u00e9 dans leurs aspects les plus complexes qui me passionne.\u00a0<\/p><p>Le m\u00e9dia \u00ab arts plastiques \u00bb (gouache, encre de chine, dessin, collage, terre, etc.) offre une belle occasion d\u2019exprimer une palette d\u2019\u00e9motions et d\u2019entrer dans un processus th\u00e9rapeutique.<\/p><p>L\u2019esth\u00e9tique n\u2019est pas le but, le processus cr\u00e9atif est le but. Il s\u2019agit ici de re\u2013mettre en connexion le corps, l\u2019esprit, le c\u0153ur et l\u2019\u00e2me. J\u2019accueille tout public, j\u2019accompagne et j\u2019incite le patient dans sa cr\u00e9ativit\u00e9 avec les outils et mat\u00e9riaux\u00a0mis \u00e0 disposition dans un cadre bienveillant.<\/p><p>L\u2019objet cr\u00e9\u00e9 est une projection de l\u2019\u00e9tat int\u00e9rieur qui, au fil des s\u00e9ances, permet une lecture plus consciente de soi et par l\u00e0, m\u00e8ne \u00e0 la transformation.<\/p><\/div>\n\t\t\t\t<\/div>\n\t\t\t\t<\/div>\n\t\t\t\t\t\t<\/div>\n\t\t\t\t\t<\/div>\n\t\t<\/div>\n\t\t\t\t\t\t\t\t<\/div>\n\t\t\t\t\t<\/div>\n\t\t<\/section>\n\t\t\t\t<section class=\"elementor-section elementor-top-section elementor-element elementor-element-e0806a0 elementor-section-boxed elementor-section-height-default elementor-section-height-default\" data-id=\"e0806a0\" data-element_type=\"section\">\n\t\t\t\t\t\t<div class=\"elementor-container elementor-column-gap-default\">\n\t\t\t\t\t\t\t<div class=\"elementor-row\">\n\t\t\t\t\t<div class=\"elementor-column elementor-col-100 elementor-top-column elementor-element elementor-element-6f726ed\" data-id=\"6f726ed\" data-element_type=\"column\">\n\t\t\t<div class=\"elementor-column-wrap elementor-element-populated\">\n\t\t\t\t\t\t\t<div class=\"elementor-widget-wrap\">\n\t\t\t\t\t\t<div class=\"elementor-element elementor-element-8c616c0 elementor-widget elementor-widget-heading\" data-id=\"8c616c0\" data-element_type=\"widget\" data-widget_type=\"heading.default\">\n\t\t\t\t<div class=\"elementor-widget-container\">\n\t\t\t<h2 class=\"elementor-heading-title elementor-size-default\">Contact et rendez-vous<\/h2>\t\t<\/div>\n\t\t\t\t<\/div>\n\t\t\t\t<div class=\"elementor-element elementor-element-b23b96a elementor-widget elementor-widget-text-editor\" data-id=\"b23b96a\" data-element_type=\"widget\" data-widget_type=\"text-editor.default\">\n\t\t\t\t<div class=\"elementor-widget-container\">\n\t\t\t\t\t<div class=\"elementor-text-editor elementor-clearfix\"><p>Pour plus d\u2019infos, voir mon site : <a href=\"https:\/\/art-therapeute.be\/\">https:\/\/art-therapeute.be\/<\/a><\/p><ul><li><a href=\"mailto:annneculot@hotmail.fr\">annneculot@hotmail.fr<\/a><\/li><li><strong>0473 34 63 80<\/strong><\/li><\/ul><\/div>\n\t\t\t\t<\/div>\n\t\t\t\t<\/div>\n\t\t\t\t\t\t<\/div>\n\t\t\t\t\t<\/div>\n\t\t<\/div>\n\t\t\t\t\t\t\t\t<\/div>\n\t\t\t\t\t<\/div>\n\t\t<\/section>\n\t\t\t\t\t\t<\/div>\n\t\t\t\t\t\t<\/div>\n\t\t\t\t\t<\/div>\n\t\t","protected":false},"excerpt":{"rendered":"<p>Th\u00e9rapie par les arts Historienne de l\u2019Art et guide interactif pour les expositions, mon cheminement m\u2019am\u00e8ne \u00e0 me former \u00e0 l\u2019art th\u00e9rapie en 2008 car c\u2019est l\u2019humain, son \u00e2me et sa psych\u00e9 dans leurs aspects les plus complexes qui me passionne.\u00a0 Le m\u00e9dia \u00ab arts plastiques \u00bb (gouache, encre de chine, dessin, collage, terre, etc.) &#8230; <a title=\"Anne Culot &#8211; Art th\u00e9rapie\" class=\"read-more\" href=\"https:\/\/epidaure.org\/WordPress3\/art-therapie\/\">Read more<\/a><\/p>\n","protected":false},"author":1,"featured_media":0,"parent":0,"menu_order":0,"comment_status":"closed","ping_status":"closed","template":"","meta":[],"yoast_head":"<!-- This site is optimized with the Yoast SEO plugin v17.3 - https:\/\/yoast.com\/wordpress\/plugins\/seo\/ -->\n<title>Art th\u00e9rapie : Anne Culot - Centre Epidaure<\/title>\n<meta name=\"description\" content=\"Anne Culot vous accueille au centre Epidaure pour des s\u00e9ances individuelles d&#039;art th\u00e9rapie ainsi que des ateliers d&#039;art.\" \/>\n<meta name=\"robots\" content=\"index, follow, max-snippet:-1, max-image-preview:large, max-video-preview:-1\" \/>\n<link rel=\"canonical\" href=\"https:\/\/epidaure.org\/WordPress3\/art-therapie\/\" \/>\n<meta property=\"og:locale\" content=\"fr_FR\" \/>\n<meta property=\"og:type\" content=\"article\" \/>\n<meta property=\"og:title\" content=\"Art th\u00e9rapie : Anne Culot - Centre Epidaure\" \/>\n<meta property=\"og:description\" content=\"Anne Culot vous accueille au centre Epidaure pour des s\u00e9ances individuelles d&#039;art th\u00e9rapie ainsi que des ateliers d&#039;art.\" \/>\n<meta property=\"og:url\" content=\"https:\/\/epidaure.org\/WordPress3\/art-therapie\/\" \/>\n<meta property=\"og:site_name\" content=\"EPIDAURE\" \/>\n<meta property=\"article:modified_time\" content=\"2025-10-03T15:31:30+00:00\" \/>\n<meta property=\"og:image\" content=\"https:\/\/epidaure.org\/WordPress3\/wp-content\/uploads\/2025\/10\/IMG_0495-248x300.jpg\" \/>\n<meta name=\"twitter:card\" content=\"summary_large_image\" \/>\n<meta name=\"twitter:label1\" content=\"Dur\u00e9e de lecture estim\u00e9e\" \/>\n\t<meta name=\"twitter:data1\" content=\"1 minute\" \/>\n<script type=\"application\/ld+json\" class=\"yoast-schema-graph\">{\"@context\":\"https:\/\/schema.org\",\"@graph\":[{\"@type\":\"WebSite\",\"@id\":\"https:\/\/epidaure.org\/WordPress3\/#website\",\"url\":\"https:\/\/epidaure.org\/WordPress3\/\",\"name\":\"EPIDAURE\",\"description\":\"Centre de M\\u00e9decine Int\\u00e9grative\",\"potentialAction\":[{\"@type\":\"SearchAction\",\"target\":{\"@type\":\"EntryPoint\",\"urlTemplate\":\"https:\/\/epidaure.org\/WordPress3\/?s={search_term_string}\"},\"query-input\":\"required name=search_term_string\"}],\"inLanguage\":\"fr-FR\"},{\"@type\":\"ImageObject\",\"@id\":\"https:\/\/epidaure.org\/WordPress3\/art-therapie\/#primaryimage\",\"inLanguage\":\"fr-FR\",\"url\":\"https:\/\/epidaure.org\/WordPress3\/wp-content\/uploads\/2025\/10\/IMG_0495.jpg\",\"contentUrl\":\"https:\/\/epidaure.org\/WordPress3\/wp-content\/uploads\/2025\/10\/IMG_0495.jpg\",\"width\":1281,\"height\":1552,\"caption\":\"Anne Culot Art Th\\u00e9rapie\"},{\"@type\":\"WebPage\",\"@id\":\"https:\/\/epidaure.org\/WordPress3\/art-therapie\/#webpage\",\"url\":\"https:\/\/epidaure.org\/WordPress3\/art-therapie\/\",\"name\":\"Art th\\u00e9rapie : Anne Culot - Centre Epidaure\",\"isPartOf\":{\"@id\":\"https:\/\/epidaure.org\/WordPress3\/#website\"},\"primaryImageOfPage\":{\"@id\":\"https:\/\/epidaure.org\/WordPress3\/art-therapie\/#primaryimage\"},\"datePublished\":\"2025-10-03T15:29:50+00:00\",\"dateModified\":\"2025-10-03T15:31:30+00:00\",\"description\":\"Anne Culot vous accueille au centre Epidaure pour des s\\u00e9ances individuelles d'art th\\u00e9rapie ainsi que des ateliers d'art.\",\"breadcrumb\":{\"@id\":\"https:\/\/epidaure.org\/WordPress3\/art-therapie\/#breadcrumb\"},\"inLanguage\":\"fr-FR\",\"potentialAction\":[{\"@type\":\"ReadAction\",\"target\":[\"https:\/\/epidaure.org\/WordPress3\/art-therapie\/\"]}]},{\"@type\":\"BreadcrumbList\",\"@id\":\"https:\/\/epidaure.org\/WordPress3\/art-therapie\/#breadcrumb\",\"itemListElement\":[{\"@type\":\"ListItem\",\"position\":1,\"name\":\"Accueil\",\"item\":\"https:\/\/epidaure.org\/WordPress3\/\"},{\"@type\":\"ListItem\",\"position\":2,\"name\":\"Anne Culot &#8211; Art th\\u00e9rapie\"}]}]}<\/script>\n<!-- \/ Yoast SEO plugin. -->","yoast_head_json":{"title":"Art th\u00e9rapie : Anne Culot - Centre Epidaure","description":"Anne Culot vous accueille au centre Epidaure pour des s\u00e9ances individuelles d'art th\u00e9rapie ainsi que des ateliers d'art.","robots":{"index":"index","follow":"follow","max-snippet":"max-snippet:-1","max-image-preview":"max-image-preview:large","max-video-preview":"max-video-preview:-1"},"canonical":"https:\/\/epidaure.org\/WordPress3\/art-therapie\/","og_locale":"fr_FR","og_type":"article","og_title":"Art th\u00e9rapie : Anne Culot - Centre Epidaure","og_description":"Anne Culot vous accueille au centre Epidaure pour des s\u00e9ances individuelles d'art th\u00e9rapie ainsi que des ateliers d'art.","og_url":"https:\/\/epidaure.org\/WordPress3\/art-therapie\/","og_site_name":"EPIDAURE","article_modified_time":"2025-10-03T15:31:30+00:00","og_image":[{"url":"https:\/\/epidaure.org\/WordPress3\/wp-content\/uploads\/2025\/10\/IMG_0495-248x300.jpg"}],"twitter_card":"summary_large_image","twitter_misc":{"Dur\u00e9e de lecture estim\u00e9e":"1 minute"},"schema":{"@context":"https:\/\/schema.org","@graph":[{"@type":"WebSite","@id":"https:\/\/epidaure.org\/WordPress3\/#website","url":"https:\/\/epidaure.org\/WordPress3\/","name":"EPIDAURE","description":"Centre de M\u00e9decine Int\u00e9grative","potentialAction":[{"@type":"SearchAction","target":{"@type":"EntryPoint","urlTemplate":"https:\/\/epidaure.org\/WordPress3\/?s={search_term_string}"},"query-input":"required name=search_term_string"}],"inLanguage":"fr-FR"},{"@type":"ImageObject","@id":"https:\/\/epidaure.org\/WordPress3\/art-therapie\/#primaryimage","inLanguage":"fr-FR","url":"https:\/\/epidaure.org\/WordPress3\/wp-content\/uploads\/2025\/10\/IMG_0495.jpg","contentUrl":"https:\/\/epidaure.org\/WordPress3\/wp-content\/uploads\/2025\/10\/IMG_0495.jpg","width":1281,"height":1552,"caption":"Anne Culot Art Th\u00e9rapie"},{"@type":"WebPage","@id":"https:\/\/epidaure.org\/WordPress3\/art-therapie\/#webpage","url":"https:\/\/epidaure.org\/WordPress3\/art-therapie\/","name":"Art th\u00e9rapie : Anne Culot - Centre Epidaure","isPartOf":{"@id":"https:\/\/epidaure.org\/WordPress3\/#website"},"primaryImageOfPage":{"@id":"https:\/\/epidaure.org\/WordPress3\/art-therapie\/#primaryimage"},"datePublished":"2025-10-03T15:29:50+00:00","dateModified":"2025-10-03T15:31:30+00:00","description":"Anne Culot vous accueille au centre Epidaure pour des s\u00e9ances individuelles d'art th\u00e9rapie ainsi que des ateliers d'art.","breadcrumb":{"@id":"https:\/\/epidaure.org\/WordPress3\/art-therapie\/#breadcrumb"},"inLanguage":"fr-FR","potentialAction":[{"@type":"ReadAction","target":["https:\/\/epidaure.org\/WordPress3\/art-therapie\/"]}]},{"@type":"BreadcrumbList","@id":"https:\/\/epidaure.org\/WordPress3\/art-therapie\/#breadcrumb","itemListElement":[{"@type":"ListItem","position":1,"name":"Accueil","item":"https:\/\/epidaure.org\/WordPress3\/"},{"@type":"ListItem","position":2,"name":"Anne Culot &#8211; Art th\u00e9rapie"}]}]}},"_links":{"self":[{"href":"https:\/\/epidaure.org\/WordPress3\/wp-json\/wp\/v2\/pages\/3384"}],"collection":[{"href":"https:\/\/epidaure.org\/WordPress3\/wp-json\/wp\/v2\/pages"}],"about":[{"href":"https:\/\/epidaure.org\/WordPress3\/wp-json\/wp\/v2\/types\/page"}],"author":[{"embeddable":true,"href":"https:\/\/epidaure.org\/WordPress3\/wp-json\/wp\/v2\/users\/1"}],"replies":[{"embeddable":true,"href":"https:\/\/epidaure.org\/WordPress3\/wp-json\/wp\/v2\/comments?post=3384"}],"version-history":[{"count":7,"href":"https:\/\/epidaure.org\/WordPress3\/wp-json\/wp\/v2\/pages\/3384\/revisions"}],"predecessor-version":[{"id":3392,"href":"https:\/\/epidaure.org\/WordPress3\/wp-json\/wp\/v2\/pages\/3384\/revisions\/3392"}],"wp:attachment":[{"href":"https:\/\/epidaure.org\/WordPress3\/wp-json\/wp\/v2\/media?parent=3384"}],"curies":[{"name":"wp","href":"https:\/\/api.w.org\/{rel}","templated":true}]}}