{"id":984,"date":"2018-03-27T11:00:56","date_gmt":"2018-03-27T09:00:56","guid":{"rendered":"http:\/\/epidaure.org\/WordPress3\/?page_id=984"},"modified":"2024-12-01T19:49:06","modified_gmt":"2024-12-01T18:49:06","slug":"contact","status":"publish","type":"page","link":"https:\/\/epidaure.org\/WordPress3\/contact\/","title":{"rendered":"Contact"},"content":{"rendered":"\t\t<div data-elementor-type=\"wp-post\" data-elementor-id=\"984\" class=\"elementor elementor-984\" data-elementor-settings=\"[]\">\n\t\t\t\t\t\t<div class=\"elementor-inner\">\n\t\t\t\t\t\t\t<div class=\"elementor-section-wrap\">\n\t\t\t\t\t\t\t<section class=\"elementor-section elementor-top-section elementor-element elementor-element-5a39f7c4 elementor-section-boxed elementor-section-height-default elementor-section-height-default\" data-id=\"5a39f7c4\" data-element_type=\"section\">\n\t\t\t\t\t\t<div class=\"elementor-container elementor-column-gap-default\">\n\t\t\t\t\t\t\t<div class=\"elementor-row\">\n\t\t\t\t\t<div class=\"elementor-column elementor-col-100 elementor-top-column elementor-element elementor-element-43006696\" data-id=\"43006696\" data-element_type=\"column\">\n\t\t\t<div class=\"elementor-column-wrap elementor-element-populated\">\n\t\t\t\t\t\t\t<div class=\"elementor-widget-wrap\">\n\t\t\t\t\t\t<div class=\"elementor-element elementor-element-7e573dd6 elementor-widget elementor-widget-text-editor\" data-id=\"7e573dd6\" data-element_type=\"widget\" data-widget_type=\"text-editor.default\">\n\t\t\t\t<div class=\"elementor-widget-container\">\n\t\t\t\t\t<div class=\"elementor-text-editor elementor-clearfix\"><p><strong>\u00c9PIDAURE<\/strong> asbl<br>1, rue des coquelicots<br>1300 Limal<br>Belgique<\/p>\n<p>Mail pour information, renseignement et d\u00e9p\u00f4t de candidature pour postuler comme th\u00e9rapeute : <a href=\"mailto:centresantebw@gmail.com\"><strong>centresantebw@gmail.com<\/strong><\/a><\/p>\n<p>Mail pour r\u00e9server la salle pour conf\u00e9rence, s\u00e9minaire, r\u00e9union : <strong><a href=\"mailto:centresantebw@gmail.com\">centresantebw@gmail.com<\/a><\/strong><\/p>\n<p><\/p><\/div>\n\t\t\t\t<\/div>\n\t\t\t\t<\/div>\n\t\t\t\t\t\t<\/div>\n\t\t\t\t\t<\/div>\n\t\t<\/div>\n\t\t\t\t\t\t\t\t<\/div>\n\t\t\t\t\t<\/div>\n\t\t<\/section>\n\t\t\t\t\t\t<\/div>\n\t\t\t\t\t\t<\/div>\n\t\t\t\t\t<\/div>\n\t\t","protected":false},"excerpt":{"rendered":"<p>\u00c9PIDAURE asbl1, rue des coquelicots1300 LimalBelgique Mail pour information, renseignement et d\u00e9p\u00f4t de candidature pour postuler comme th\u00e9rapeute : centresantebw@gmail.com Mail pour r\u00e9server la salle pour conf\u00e9rence, s\u00e9minaire, r\u00e9union : centresantebw@gmail.com<\/p>\n","protected":false},"author":1,"featured_media":0,"parent":0,"menu_order":0,"comment_status":"closed","ping_status":"closed","template":"","meta":[],"yoast_head":"<!-- This site is optimized with the Yoast SEO plugin v17.3 - https:\/\/yoast.com\/wordpress\/plugins\/seo\/ -->\n<title>Contact - EPIDAURE<\/title>\n<meta name=\"robots\" content=\"index, follow, max-snippet:-1, max-image-preview:large, max-video-preview:-1\" \/>\n<link rel=\"canonical\" href=\"https:\/\/epidaure.org\/WordPress3\/contact\/\" \/>\n<meta property=\"og:locale\" content=\"fr_FR\" \/>\n<meta property=\"og:type\" content=\"article\" \/>\n<meta property=\"og:title\" content=\"Contact - EPIDAURE\" \/>\n<meta property=\"og:description\" content=\"\u00c9PIDAURE asbl1, rue des coquelicots1300 LimalBelgique Mail pour information, renseignement et d\u00e9p\u00f4t de candidature pour postuler comme th\u00e9rapeute : centresantebw@gmail.com Mail pour r\u00e9server la salle pour conf\u00e9rence, s\u00e9minaire, r\u00e9union : centresantebw@gmail.com\" \/>\n<meta property=\"og:url\" content=\"https:\/\/epidaure.org\/WordPress3\/contact\/\" \/>\n<meta property=\"og:site_name\" content=\"EPIDAURE\" \/>\n<meta property=\"article:modified_time\" content=\"2024-12-01T18:49:06+00:00\" \/>\n<meta name=\"twitter:card\" content=\"summary_large_image\" \/>\n<meta name=\"twitter:label1\" content=\"Dur\u00e9e de lecture estim\u00e9e\" \/>\n\t<meta name=\"twitter:data1\" content=\"1 minute\" \/>\n<script type=\"application\/ld+json\" class=\"yoast-schema-graph\">{\"@context\":\"https:\/\/schema.org\",\"@graph\":[{\"@type\":\"WebSite\",\"@id\":\"https:\/\/epidaure.org\/WordPress3\/#website\",\"url\":\"https:\/\/epidaure.org\/WordPress3\/\",\"name\":\"EPIDAURE\",\"description\":\"Centre de M\\u00e9decine Int\\u00e9grative\",\"potentialAction\":[{\"@type\":\"SearchAction\",\"target\":{\"@type\":\"EntryPoint\",\"urlTemplate\":\"https:\/\/epidaure.org\/WordPress3\/?s={search_term_string}\"},\"query-input\":\"required name=search_term_string\"}],\"inLanguage\":\"fr-FR\"},{\"@type\":\"WebPage\",\"@id\":\"https:\/\/epidaure.org\/WordPress3\/contact\/#webpage\",\"url\":\"https:\/\/epidaure.org\/WordPress3\/contact\/\",\"name\":\"Contact - EPIDAURE\",\"isPartOf\":{\"@id\":\"https:\/\/epidaure.org\/WordPress3\/#website\"},\"datePublished\":\"2018-03-27T09:00:56+00:00\",\"dateModified\":\"2024-12-01T18:49:06+00:00\",\"breadcrumb\":{\"@id\":\"https:\/\/epidaure.org\/WordPress3\/contact\/#breadcrumb\"},\"inLanguage\":\"fr-FR\",\"potentialAction\":[{\"@type\":\"ReadAction\",\"target\":[\"https:\/\/epidaure.org\/WordPress3\/contact\/\"]}]},{\"@type\":\"BreadcrumbList\",\"@id\":\"https:\/\/epidaure.org\/WordPress3\/contact\/#breadcrumb\",\"itemListElement\":[{\"@type\":\"ListItem\",\"position\":1,\"name\":\"Accueil\",\"item\":\"https:\/\/epidaure.org\/WordPress3\/\"},{\"@type\":\"ListItem\",\"position\":2,\"name\":\"Contact\"}]}]}<\/script>\n<!-- \/ Yoast SEO plugin. -->","yoast_head_json":{"title":"Contact - EPIDAURE","robots":{"index":"index","follow":"follow","max-snippet":"max-snippet:-1","max-image-preview":"max-image-preview:large","max-video-preview":"max-video-preview:-1"},"canonical":"https:\/\/epidaure.org\/WordPress3\/contact\/","og_locale":"fr_FR","og_type":"article","og_title":"Contact - EPIDAURE","og_description":"\u00c9PIDAURE asbl1, rue des coquelicots1300 LimalBelgique Mail pour information, renseignement et d\u00e9p\u00f4t de candidature pour postuler comme th\u00e9rapeute : centresantebw@gmail.com Mail pour r\u00e9server la salle pour conf\u00e9rence, s\u00e9minaire, r\u00e9union : centresantebw@gmail.com","og_url":"https:\/\/epidaure.org\/WordPress3\/contact\/","og_site_name":"EPIDAURE","article_modified_time":"2024-12-01T18:49:06+00:00","twitter_card":"summary_large_image","twitter_misc":{"Dur\u00e9e de lecture estim\u00e9e":"1 minute"},"schema":{"@context":"https:\/\/schema.org","@graph":[{"@type":"WebSite","@id":"https:\/\/epidaure.org\/WordPress3\/#website","url":"https:\/\/epidaure.org\/WordPress3\/","name":"EPIDAURE","description":"Centre de M\u00e9decine Int\u00e9grative","potentialAction":[{"@type":"SearchAction","target":{"@type":"EntryPoint","urlTemplate":"https:\/\/epidaure.org\/WordPress3\/?s={search_term_string}"},"query-input":"required name=search_term_string"}],"inLanguage":"fr-FR"},{"@type":"WebPage","@id":"https:\/\/epidaure.org\/WordPress3\/contact\/#webpage","url":"https:\/\/epidaure.org\/WordPress3\/contact\/","name":"Contact - EPIDAURE","isPartOf":{"@id":"https:\/\/epidaure.org\/WordPress3\/#website"},"datePublished":"2018-03-27T09:00:56+00:00","dateModified":"2024-12-01T18:49:06+00:00","breadcrumb":{"@id":"https:\/\/epidaure.org\/WordPress3\/contact\/#breadcrumb"},"inLanguage":"fr-FR","potentialAction":[{"@type":"ReadAction","target":["https:\/\/epidaure.org\/WordPress3\/contact\/"]}]},{"@type":"BreadcrumbList","@id":"https:\/\/epidaure.org\/WordPress3\/contact\/#breadcrumb","itemListElement":[{"@type":"ListItem","position":1,"name":"Accueil","item":"https:\/\/epidaure.org\/WordPress3\/"},{"@type":"ListItem","position":2,"name":"Contact"}]}]}},"_links":{"self":[{"href":"https:\/\/epidaure.org\/WordPress3\/wp-json\/wp\/v2\/pages\/984"}],"collection":[{"href":"https:\/\/epidaure.org\/WordPress3\/wp-json\/wp\/v2\/pages"}],"about":[{"href":"https:\/\/epidaure.org\/WordPress3\/wp-json\/wp\/v2\/types\/page"}],"author":[{"embeddable":true,"href":"https:\/\/epidaure.org\/WordPress3\/wp-json\/wp\/v2\/users\/1"}],"replies":[{"embeddable":true,"href":"https:\/\/epidaure.org\/WordPress3\/wp-json\/wp\/v2\/comments?post=984"}],"version-history":[{"count":11,"href":"https:\/\/epidaure.org\/WordPress3\/wp-json\/wp\/v2\/pages\/984\/revisions"}],"predecessor-version":[{"id":3302,"href":"https:\/\/epidaure.org\/WordPress3\/wp-json\/wp\/v2\/pages\/984\/revisions\/3302"}],"wp:attachment":[{"href":"https:\/\/epidaure.org\/WordPress3\/wp-json\/wp\/v2\/media?parent=984"}],"curies":[{"name":"wp","href":"https:\/\/api.w.org\/{rel}","templated":true}]}}