{"id":986,"date":"2018-03-27T11:01:55","date_gmt":"2018-03-27T09:01:55","guid":{"rendered":"http:\/\/epidaure.org\/WordPress3\/?page_id=986"},"modified":"2019-11-20T02:29:54","modified_gmt":"2019-11-20T01:29:54","slug":"nos-liens","status":"publish","type":"page","link":"https:\/\/epidaure.org\/WordPress3\/nos-liens\/","title":{"rendered":"Nos liens"},"content":{"rendered":"<p>Vous trouverez ci-dessous les liens que nous vous recommandons en mati\u00e8res de soins et de sant\u00e9 :<\/p>\n<ul>\n<li>Centre de m\u00e9decine int\u00e9grative en Australie &gt; <a href=\"https:\/\/invitationtohealth.com.au\/\">Invitation to Health<\/a><\/li>\n<li>Association qui se mobilise autour du cancer du sein &gt;&nbsp;&nbsp;<a href=\"http:\/\/www.auseindesfemmes.be\">www.auseindesfemmes.be<\/a><\/li>\n<li>Pharmacies de garde &gt;&nbsp;&nbsp;<a href=\"http:\/\/www.pharmacie.be\">www.pharmacie.be<\/a><\/li>\n<li>Hom\u00e9opathie Uniciste de Belgique &gt;&nbsp;&nbsp;<a href=\"http:\/\/www.homeopathie-unio.be\">www.homeopathie-unio.be<\/a><\/li>\n<li>Laboratoire hom\u00e9opathique &gt;&nbsp;&nbsp;<a href=\"http:\/\/www.sevenepharma.com\">www.sevenepharma.com<\/a><\/li>\n<li>Information sur le burn out &gt;&nbsp;&nbsp;<a href=\"http:\/\/www.burnout-institute.org\">www.burnout-institute.org<\/a><\/li>\n<li>Soins de support en oncologie &gt;&nbsp;&nbsp;<a href=\"http:\/\/www.lavielaottignies.org\">www.lavielaottignies.org<\/a><\/li>\n<li>La Fondation Denis Guichard, un nouveau regard sur le vivant &gt;&nbsp;&nbsp;<a href=\"http:\/\/www.fondationdenisguichard.com\">www.fondationdenisguichard.com<\/a><\/li>\n<li>Recherche &gt; <a href=\"http:\/\/www.levivant.org\">www.levivant.org<\/a><\/li>\n<\/ul>\n","protected":false},"excerpt":{"rendered":"<p>Vous trouverez ci-dessous les liens que nous vous recommandons en mati\u00e8res de soins et de sant\u00e9 : Centre de m\u00e9decine int\u00e9grative en Australie &gt; Invitation to Health Association qui se mobilise autour du cancer du sein &gt;&nbsp;&nbsp;www.auseindesfemmes.be Pharmacies de garde &gt;&nbsp;&nbsp;www.pharmacie.be Hom\u00e9opathie Uniciste de Belgique &gt;&nbsp;&nbsp;www.homeopathie-unio.be Laboratoire hom\u00e9opathique &gt;&nbsp;&nbsp;www.sevenepharma.com Information sur le burn out &gt;&nbsp;&nbsp;www.burnout-institute.org &#8230; <a title=\"Nos liens\" class=\"read-more\" href=\"https:\/\/epidaure.org\/WordPress3\/nos-liens\/\">Read more<\/a><\/p>\n","protected":false},"author":1,"featured_media":0,"parent":0,"menu_order":0,"comment_status":"closed","ping_status":"closed","template":"","meta":[],"yoast_head":"<!-- This site is optimized with the Yoast SEO plugin v17.3 - https:\/\/yoast.com\/wordpress\/plugins\/seo\/ -->\n<title>Nos liens - EPIDAURE<\/title>\n<meta name=\"robots\" content=\"index, follow, max-snippet:-1, max-image-preview:large, max-video-preview:-1\" \/>\n<link rel=\"canonical\" href=\"https:\/\/epidaure.org\/WordPress3\/nos-liens\/\" \/>\n<meta property=\"og:locale\" content=\"fr_FR\" \/>\n<meta property=\"og:type\" content=\"article\" \/>\n<meta property=\"og:title\" content=\"Nos liens - EPIDAURE\" \/>\n<meta property=\"og:description\" content=\"Vous trouverez ci-dessous les liens que nous vous recommandons en mati\u00e8res de soins et de sant\u00e9 : Centre de m\u00e9decine int\u00e9grative en Australie &gt; Invitation to Health Association qui se mobilise autour du cancer du sein &gt;&nbsp;&nbsp;www.auseindesfemmes.be Pharmacies de garde &gt;&nbsp;&nbsp;www.pharmacie.be Hom\u00e9opathie Uniciste de Belgique &gt;&nbsp;&nbsp;www.homeopathie-unio.be Laboratoire hom\u00e9opathique &gt;&nbsp;&nbsp;www.sevenepharma.com Information sur le burn out &gt;&nbsp;&nbsp;www.burnout-institute.org ... Read more\" \/>\n<meta property=\"og:url\" content=\"https:\/\/epidaure.org\/WordPress3\/nos-liens\/\" \/>\n<meta property=\"og:site_name\" content=\"EPIDAURE\" \/>\n<meta property=\"article:modified_time\" content=\"2019-11-20T01:29:54+00:00\" \/>\n<meta name=\"twitter:card\" content=\"summary_large_image\" \/>\n<meta name=\"twitter:label1\" content=\"Dur\u00e9e de lecture estim\u00e9e\" \/>\n\t<meta name=\"twitter:data1\" content=\"1 minute\" \/>\n<script type=\"application\/ld+json\" class=\"yoast-schema-graph\">{\"@context\":\"https:\/\/schema.org\",\"@graph\":[{\"@type\":\"WebSite\",\"@id\":\"https:\/\/epidaure.org\/WordPress3\/#website\",\"url\":\"https:\/\/epidaure.org\/WordPress3\/\",\"name\":\"EPIDAURE\",\"description\":\"Centre de M\\u00e9decine Int\\u00e9grative\",\"potentialAction\":[{\"@type\":\"SearchAction\",\"target\":{\"@type\":\"EntryPoint\",\"urlTemplate\":\"https:\/\/epidaure.org\/WordPress3\/?s={search_term_string}\"},\"query-input\":\"required name=search_term_string\"}],\"inLanguage\":\"fr-FR\"},{\"@type\":\"WebPage\",\"@id\":\"https:\/\/epidaure.org\/WordPress3\/nos-liens\/#webpage\",\"url\":\"https:\/\/epidaure.org\/WordPress3\/nos-liens\/\",\"name\":\"Nos liens - EPIDAURE\",\"isPartOf\":{\"@id\":\"https:\/\/epidaure.org\/WordPress3\/#website\"},\"datePublished\":\"2018-03-27T09:01:55+00:00\",\"dateModified\":\"2019-11-20T01:29:54+00:00\",\"breadcrumb\":{\"@id\":\"https:\/\/epidaure.org\/WordPress3\/nos-liens\/#breadcrumb\"},\"inLanguage\":\"fr-FR\",\"potentialAction\":[{\"@type\":\"ReadAction\",\"target\":[\"https:\/\/epidaure.org\/WordPress3\/nos-liens\/\"]}]},{\"@type\":\"BreadcrumbList\",\"@id\":\"https:\/\/epidaure.org\/WordPress3\/nos-liens\/#breadcrumb\",\"itemListElement\":[{\"@type\":\"ListItem\",\"position\":1,\"name\":\"Accueil\",\"item\":\"https:\/\/epidaure.org\/WordPress3\/\"},{\"@type\":\"ListItem\",\"position\":2,\"name\":\"Nos liens\"}]}]}<\/script>\n<!-- \/ Yoast SEO plugin. -->","yoast_head_json":{"title":"Nos liens - EPIDAURE","robots":{"index":"index","follow":"follow","max-snippet":"max-snippet:-1","max-image-preview":"max-image-preview:large","max-video-preview":"max-video-preview:-1"},"canonical":"https:\/\/epidaure.org\/WordPress3\/nos-liens\/","og_locale":"fr_FR","og_type":"article","og_title":"Nos liens - EPIDAURE","og_description":"Vous trouverez ci-dessous les liens que nous vous recommandons en mati\u00e8res de soins et de sant\u00e9 : Centre de m\u00e9decine int\u00e9grative en Australie &gt; Invitation to Health Association qui se mobilise autour du cancer du sein &gt;&nbsp;&nbsp;www.auseindesfemmes.be Pharmacies de garde &gt;&nbsp;&nbsp;www.pharmacie.be Hom\u00e9opathie Uniciste de Belgique &gt;&nbsp;&nbsp;www.homeopathie-unio.be Laboratoire hom\u00e9opathique &gt;&nbsp;&nbsp;www.sevenepharma.com Information sur le burn out &gt;&nbsp;&nbsp;www.burnout-institute.org ... Read more","og_url":"https:\/\/epidaure.org\/WordPress3\/nos-liens\/","og_site_name":"EPIDAURE","article_modified_time":"2019-11-20T01:29:54+00:00","twitter_card":"summary_large_image","twitter_misc":{"Dur\u00e9e de lecture estim\u00e9e":"1 minute"},"schema":{"@context":"https:\/\/schema.org","@graph":[{"@type":"WebSite","@id":"https:\/\/epidaure.org\/WordPress3\/#website","url":"https:\/\/epidaure.org\/WordPress3\/","name":"EPIDAURE","description":"Centre de M\u00e9decine Int\u00e9grative","potentialAction":[{"@type":"SearchAction","target":{"@type":"EntryPoint","urlTemplate":"https:\/\/epidaure.org\/WordPress3\/?s={search_term_string}"},"query-input":"required name=search_term_string"}],"inLanguage":"fr-FR"},{"@type":"WebPage","@id":"https:\/\/epidaure.org\/WordPress3\/nos-liens\/#webpage","url":"https:\/\/epidaure.org\/WordPress3\/nos-liens\/","name":"Nos liens - EPIDAURE","isPartOf":{"@id":"https:\/\/epidaure.org\/WordPress3\/#website"},"datePublished":"2018-03-27T09:01:55+00:00","dateModified":"2019-11-20T01:29:54+00:00","breadcrumb":{"@id":"https:\/\/epidaure.org\/WordPress3\/nos-liens\/#breadcrumb"},"inLanguage":"fr-FR","potentialAction":[{"@type":"ReadAction","target":["https:\/\/epidaure.org\/WordPress3\/nos-liens\/"]}]},{"@type":"BreadcrumbList","@id":"https:\/\/epidaure.org\/WordPress3\/nos-liens\/#breadcrumb","itemListElement":[{"@type":"ListItem","position":1,"name":"Accueil","item":"https:\/\/epidaure.org\/WordPress3\/"},{"@type":"ListItem","position":2,"name":"Nos liens"}]}]}},"_links":{"self":[{"href":"https:\/\/epidaure.org\/WordPress3\/wp-json\/wp\/v2\/pages\/986"}],"collection":[{"href":"https:\/\/epidaure.org\/WordPress3\/wp-json\/wp\/v2\/pages"}],"about":[{"href":"https:\/\/epidaure.org\/WordPress3\/wp-json\/wp\/v2\/types\/page"}],"author":[{"embeddable":true,"href":"https:\/\/epidaure.org\/WordPress3\/wp-json\/wp\/v2\/users\/1"}],"replies":[{"embeddable":true,"href":"https:\/\/epidaure.org\/WordPress3\/wp-json\/wp\/v2\/comments?post=986"}],"version-history":[{"count":2,"href":"https:\/\/epidaure.org\/WordPress3\/wp-json\/wp\/v2\/pages\/986\/revisions"}],"predecessor-version":[{"id":1554,"href":"https:\/\/epidaure.org\/WordPress3\/wp-json\/wp\/v2\/pages\/986\/revisions\/1554"}],"wp:attachment":[{"href":"https:\/\/epidaure.org\/WordPress3\/wp-json\/wp\/v2\/media?parent=986"}],"curies":[{"name":"wp","href":"https:\/\/api.w.org\/{rel}","templated":true}]}}